{"id":776,"date":"2017-11-23T23:48:24","date_gmt":"2017-11-24T05:48:24","guid":{"rendered":"http:\/\/web.azor.com.mx\/?post_type=product&#038;p=776"},"modified":"2021-02-03T11:02:42","modified_gmt":"2021-02-03T17:02:42","slug":"tinta-china","status":"publish","type":"product","link":"https:\/\/web.azor.com.mx\/index.php\/producto\/tinta-china\/","title":{"rendered":"Tinta China"},"content":{"rendered":"<ul>\n<li>\n<p class=\"p1\">Tinta brillante de intenso color negro.<\/p>\n<\/li>\n<li>\n<p class=\"p1\">Tapa con pipeta integrada.<\/p>\n<\/li>\n<li>\n<p class=\"p1\">Pigmentos y colorantes org\u00e1nicos.<\/p>\n<\/li>\n<li>No t\u00f3xico.<\/li>\n<\/ul>\n","protected":false},"excerpt":{"rendered":"<p style=\"text-align: center;\"><img decoding=\"async\" class=\"aligncenter wp-image-3151 size-medium\" src=\"http:\/\/web.azor.com.mx\/wp-content\/uploads\/2017\/11\/stafford_tinta_china_logotipo-300x92.jpg\" alt=\"\" width=\"300\" height=\"92\" srcset=\"https:\/\/web.azor.com.mx\/wp-content\/uploads\/2017\/11\/stafford_tinta_china_logotipo-300x92.jpg 300w, https:\/\/web.azor.com.mx\/wp-content\/uploads\/2017\/11\/stafford_tinta_china_logotipo-600x185.jpg 600w, https:\/\/web.azor.com.mx\/wp-content\/uploads\/2017\/11\/stafford_tinta_china_logotipo-768x237.jpg 768w, https:\/\/web.azor.com.mx\/wp-content\/uploads\/2017\/11\/stafford_tinta_china_logotipo-1024x316.jpg 1024w, https:\/\/web.azor.com.mx\/wp-content\/uploads\/2017\/11\/stafford_tinta_china_logotipo.jpg 1535w\" sizes=\"(max-width: 300px) 100vw, 300px\" \/><\/p>\r\n\r\n\r\n<hr \/>\r\n\r\n<h3 style=\"color: #005cb9; text-align: left;\">Breve Descripci\u00f3n:<\/h3>\r\n<h4 style=\"color: #009191; text-align: left;\">Tinta china de color negro brillante e intenso y no t\u00f3xica, la tapa tiene pipeta integrada, sus pigmentos y colorantes son org\u00e1nicos.<\/h4>\r\n\r\n<hr \/>\r\n<p style=\"text-align: center;\"><img fetchpriority=\"high\" decoding=\"async\" class=\"alignnone size-full wp-image-3152\" src=\"http:\/\/web.azor.com.mx\/wp-content\/uploads\/2017\/11\/stafford_tintas_china_especificaciones.jpg\" alt=\"\" width=\"1535\" height=\"413\" srcset=\"https:\/\/web.azor.com.mx\/wp-content\/uploads\/2017\/11\/stafford_tintas_china_especificaciones.jpg 1535w, https:\/\/web.azor.com.mx\/wp-content\/uploads\/2017\/11\/stafford_tintas_china_especificaciones-600x161.jpg 600w, https:\/\/web.azor.com.mx\/wp-content\/uploads\/2017\/11\/stafford_tintas_china_especificaciones-300x81.jpg 300w, https:\/\/web.azor.com.mx\/wp-content\/uploads\/2017\/11\/stafford_tintas_china_especificaciones-768x207.jpg 768w, https:\/\/web.azor.com.mx\/wp-content\/uploads\/2017\/11\/stafford_tintas_china_especificaciones-1024x276.jpg 1024w\" sizes=\"(max-width: 1535px) 100vw, 1535px\" \/><\/p>\r\n\r\n\r\n<hr \/>\r\n\r\n<h3 style=\"color: #005cb9; text-align: left;\">Comprar en L\u00ednea:<\/h3>\r\n<h3 style=\"color: #005cb9; text-align: left;\">\u00a0 <a href=\"http:\/\/web.azor.com.mx\/index.php\/comprar-en-linea-mexico\/\" target=\"_blank\" rel=\"noopener noreferrer\"><img decoding=\"async\" class=\"wp-image-4381 alignleft\" src=\"http:\/\/web.azor.com.mx\/wp-content\/uploads\/2020\/07\/bandera_mx-300x172.jpg\" alt=\"\" width=\"37\" height=\"25\" \/>\u00a0<\/a><a href=\"http:\/\/web.azor.com.mx\/index.php\/comprar-en-linea-colombia\/\" target=\"_blank\" rel=\"noopener noreferrer\"><img loading=\"lazy\" decoding=\"async\" class=\"wp-image-4382 alignleft\" src=\"http:\/\/web.azor.com.mx\/wp-content\/uploads\/2020\/07\/bandera_colombia-300x170.jpg\" alt=\"\" width=\"37\" height=\"25\" \/> <\/a><a href=\"http:\/\/web.azor.com.mx\/index.php\/comprar-en-linea-costa-rica\/\" target=\"_blank\" rel=\"noopener noreferrer\">\u00a0<img loading=\"lazy\" decoding=\"async\" class=\"wp-image-4383 alignleft\" src=\"http:\/\/web.azor.com.mx\/wp-content\/uploads\/2020\/07\/bandera_costa-rica-300x172.jpg\" alt=\"\" width=\"37\" height=\"25\" \/> \u00a0<\/a><a href=\"http:\/\/web.azor.com.mx\/index.php\/comprar-en-linea-el-salvador\/\" target=\"_blank\" rel=\"noopener noreferrer\"><img loading=\"lazy\" decoding=\"async\" class=\"wp-image-4384 alignleft\" src=\"http:\/\/web.azor.com.mx\/wp-content\/uploads\/2020\/07\/bandera_el-salvador-300x172.jpg\" width=\"37\" height=\"25\" \/> \u00a0<\/a><a href=\"http:\/\/web.azor.com.mx\/index.php\/comprar-en-linea-guatemala\/\" target=\"_blank\" rel=\"noopener noreferrer\"><img loading=\"lazy\" decoding=\"async\" class=\"wp-image-4385 alignleft\" src=\"http:\/\/web.azor.com.mx\/wp-content\/uploads\/2020\/07\/bandera_guatemala-300x172.jpg\" alt=\"\" width=\"37\" height=\"25\" \/> \u00a0<\/a><a href=\"http:\/\/web.azor.com.mx\/index.php\/comprar-en-linea-honduras\/\" target=\"_blank\" rel=\"noopener noreferrer\"><img loading=\"lazy\" decoding=\"async\" class=\"wp-image-4386 alignleft\" src=\"http:\/\/web.azor.com.mx\/wp-content\/uploads\/2020\/07\/bandera_honduras-300x172.jpg\" alt=\"\" width=\"37\" height=\"25\" \/> \u00a0<\/a><a href=\"http:\/\/web.azor.com.mx\/index.php\/comprar-en-linea-panama\/\" target=\"_blank\" rel=\"noopener noreferrer\"><img loading=\"lazy\" decoding=\"async\" class=\"wp-image-4387 alignleft\" src=\"http:\/\/web.azor.com.mx\/wp-content\/uploads\/2020\/07\/bandera_panama-300x172.jpg\" alt=\"\" width=\"37\" height=\"25\" \/> \u00a0<\/a><a href=\"http:\/\/web.azor.com.mx\/index.php\/comprar-en-linea-nicaragua\/\" target=\"_blank\" rel=\"noopener noreferrer\"><img loading=\"lazy\" decoding=\"async\" class=\"wp-image-4448 alignleft\" src=\"http:\/\/web.azor.com.mx\/wp-content\/uploads\/2020\/07\/banderas_nicaragua_-300x173.jpg\" alt=\"\" width=\"37\" height=\"25\" \/>\u00a0<\/a><\/h3>\r\n\r\n<hr \/>\r\n\r\n<h3 style=\"color: #005cb9; text-align: left;\">Buscar Tienda:<\/h3>\r\n<h3 style=\"color: #005cb9; text-align: left;\"><a href=\"http:\/\/web.azor.com.mx\/index.php\/donde-comprar\/\" target=\"_blank\" rel=\"noopener noreferrer\"><img loading=\"lazy\" decoding=\"async\" class=\"wp-image-2112 alignleft\" src=\"http:\/\/web.azor.com.mx\/wp-content\/uploads\/2017\/12\/logo-google-maps-2.png\" alt=\"\" width=\"43\" height=\"35\" \/><\/a><\/h3>\r\n&nbsp;","protected":false},"featured_media":805,"template":"","meta":{"_exactmetrics_skip_tracking":false,"_exactmetrics_sitenote_active":false,"_exactmetrics_sitenote_note":"","_exactmetrics_sitenote_category":0,"_monsterinsights_skip_tracking":false,"_monsterinsights_sitenote_active":false,"_monsterinsights_sitenote_note":"","_monsterinsights_sitenote_category":0,"generate_page_header":"","jetpack_post_was_ever_published":false},"product_cat":[48,50],"product_tag":[],"yoast_head":"<!-- This site is optimized with the Yoast SEO plugin v22.1 - https:\/\/yoast.com\/wordpress\/plugins\/seo\/ -->\n<title>Tinta China Stafford - Grupo Azor M\u00e9xico<\/title>\n<meta name=\"description\" content=\"Tinta china de color negro brillante e intenso y no t\u00f3xica, la tapa tiene pipeta integrada, sus pigmentos y colorantes son org\u00e1nicos.\" \/>\n<meta name=\"robots\" content=\"index, follow, max-snippet:-1, max-image-preview:large, max-video-preview:-1\" \/>\n<link rel=\"canonical\" href=\"https:\/\/web.azor.com.mx\/index.php\/producto\/tinta-china\/\" \/>\n<meta property=\"og:locale\" content=\"es_ES\" \/>\n<meta property=\"og:type\" content=\"article\" \/>\n<meta property=\"og:title\" content=\"Tinta China Stafford - Grupo Azor M\u00e9xico\" \/>\n<meta property=\"og:description\" content=\"Tinta china de color negro brillante e intenso y no t\u00f3xica, la tapa tiene pipeta integrada, sus pigmentos y colorantes son org\u00e1nicos.\" \/>\n<meta property=\"og:url\" content=\"https:\/\/web.azor.com.mx\/index.php\/producto\/tinta-china\/\" \/>\n<meta property=\"og:site_name\" content=\"Grupo Azor M\u00e9xico\" \/>\n<meta property=\"article:modified_time\" content=\"2021-02-03T17:02:42+00:00\" \/>\n<meta property=\"og:image\" content=\"https:\/\/web.azor.com.mx\/wp-content\/uploads\/2017\/11\/stafford_tinta_china_CAC2000_1.jpg\" \/>\n\t<meta property=\"og:image:width\" content=\"591\" \/>\n\t<meta property=\"og:image:height\" content=\"591\" \/>\n\t<meta property=\"og:image:type\" content=\"image\/jpeg\" \/>\n<meta name=\"twitter:card\" content=\"summary_large_image\" \/>\n<script type=\"application\/ld+json\" class=\"yoast-schema-graph\">{\"@context\":\"https:\/\/schema.org\",\"@graph\":[{\"@type\":\"WebPage\",\"@id\":\"https:\/\/web.azor.com.mx\/index.php\/producto\/tinta-china\/\",\"url\":\"https:\/\/web.azor.com.mx\/index.php\/producto\/tinta-china\/\",\"name\":\"Tinta China Stafford - Grupo Azor M\u00e9xico\",\"isPartOf\":{\"@id\":\"https:\/\/web.azor.com.mx\/#website\"},\"datePublished\":\"2017-11-24T05:48:24+00:00\",\"dateModified\":\"2021-02-03T17:02:42+00:00\",\"description\":\"Tinta china de color negro brillante e intenso y no t\u00f3xica, la tapa tiene pipeta integrada, sus pigmentos y colorantes son org\u00e1nicos.\",\"breadcrumb\":{\"@id\":\"https:\/\/web.azor.com.mx\/index.php\/producto\/tinta-china\/#breadcrumb\"},\"inLanguage\":\"es\",\"potentialAction\":[{\"@type\":\"ReadAction\",\"target\":[\"https:\/\/web.azor.com.mx\/index.php\/producto\/tinta-china\/\"]}]},{\"@type\":\"BreadcrumbList\",\"@id\":\"https:\/\/web.azor.com.mx\/index.php\/producto\/tinta-china\/#breadcrumb\",\"itemListElement\":[{\"@type\":\"ListItem\",\"position\":1,\"name\":\"Portada\",\"item\":\"https:\/\/web.azor.com.mx\/\"},{\"@type\":\"ListItem\",\"position\":2,\"name\":\"tienda\",\"item\":\"https:\/\/web.azor.com.mx\/index.php\/tienda-2\/\"},{\"@type\":\"ListItem\",\"position\":3,\"name\":\"Tinta China\"}]},{\"@type\":\"WebSite\",\"@id\":\"https:\/\/web.azor.com.mx\/#website\",\"url\":\"https:\/\/web.azor.com.mx\/\",\"name\":\"Grupo Azor M\u00e9xico\",\"description\":\"Fabricantes y distribuidores de art\u00edculos escolares y de oficina\",\"publisher\":{\"@id\":\"https:\/\/web.azor.com.mx\/#organization\"},\"potentialAction\":[{\"@type\":\"SearchAction\",\"target\":{\"@type\":\"EntryPoint\",\"urlTemplate\":\"https:\/\/web.azor.com.mx\/?s={search_term_string}\"},\"query-input\":\"required name=search_term_string\"}],\"inLanguage\":\"es\"},{\"@type\":\"Organization\",\"@id\":\"https:\/\/web.azor.com.mx\/#organization\",\"name\":\"Grupo Azor M\u00e9xico\",\"url\":\"https:\/\/web.azor.com.mx\/\",\"logo\":{\"@type\":\"ImageObject\",\"inLanguage\":\"es\",\"@id\":\"https:\/\/web.azor.com.mx\/#\/schema\/logo\/image\/\",\"url\":\"https:\/\/web.azor.com.mx\/wp-content\/uploads\/2023\/10\/cropped-logo-azor-azul-.png\",\"contentUrl\":\"https:\/\/web.azor.com.mx\/wp-content\/uploads\/2023\/10\/cropped-logo-azor-azul-.png\",\"width\":500,\"height\":190,\"caption\":\"Grupo Azor M\u00e9xico\"},\"image\":{\"@id\":\"https:\/\/web.azor.com.mx\/#\/schema\/logo\/image\/\"}}]}<\/script>\n<!-- \/ Yoast SEO plugin. -->","yoast_head_json":{"title":"Tinta China Stafford - Grupo Azor M\u00e9xico","description":"Tinta china de color negro brillante e intenso y no t\u00f3xica, la tapa tiene pipeta integrada, sus pigmentos y colorantes son org\u00e1nicos.","robots":{"index":"index","follow":"follow","max-snippet":"max-snippet:-1","max-image-preview":"max-image-preview:large","max-video-preview":"max-video-preview:-1"},"canonical":"https:\/\/web.azor.com.mx\/index.php\/producto\/tinta-china\/","og_locale":"es_ES","og_type":"article","og_title":"Tinta China Stafford - Grupo Azor M\u00e9xico","og_description":"Tinta china de color negro brillante e intenso y no t\u00f3xica, la tapa tiene pipeta integrada, sus pigmentos y colorantes son org\u00e1nicos.","og_url":"https:\/\/web.azor.com.mx\/index.php\/producto\/tinta-china\/","og_site_name":"Grupo Azor M\u00e9xico","article_modified_time":"2021-02-03T17:02:42+00:00","og_image":[{"width":591,"height":591,"url":"https:\/\/web.azor.com.mx\/wp-content\/uploads\/2017\/11\/stafford_tinta_china_CAC2000_1.jpg","type":"image\/jpeg"}],"twitter_card":"summary_large_image","schema":{"@context":"https:\/\/schema.org","@graph":[{"@type":"WebPage","@id":"https:\/\/web.azor.com.mx\/index.php\/producto\/tinta-china\/","url":"https:\/\/web.azor.com.mx\/index.php\/producto\/tinta-china\/","name":"Tinta China Stafford - Grupo Azor M\u00e9xico","isPartOf":{"@id":"https:\/\/web.azor.com.mx\/#website"},"datePublished":"2017-11-24T05:48:24+00:00","dateModified":"2021-02-03T17:02:42+00:00","description":"Tinta china de color negro brillante e intenso y no t\u00f3xica, la tapa tiene pipeta integrada, sus pigmentos y colorantes son org\u00e1nicos.","breadcrumb":{"@id":"https:\/\/web.azor.com.mx\/index.php\/producto\/tinta-china\/#breadcrumb"},"inLanguage":"es","potentialAction":[{"@type":"ReadAction","target":["https:\/\/web.azor.com.mx\/index.php\/producto\/tinta-china\/"]}]},{"@type":"BreadcrumbList","@id":"https:\/\/web.azor.com.mx\/index.php\/producto\/tinta-china\/#breadcrumb","itemListElement":[{"@type":"ListItem","position":1,"name":"Portada","item":"https:\/\/web.azor.com.mx\/"},{"@type":"ListItem","position":2,"name":"tienda","item":"https:\/\/web.azor.com.mx\/index.php\/tienda-2\/"},{"@type":"ListItem","position":3,"name":"Tinta China"}]},{"@type":"WebSite","@id":"https:\/\/web.azor.com.mx\/#website","url":"https:\/\/web.azor.com.mx\/","name":"Grupo Azor M\u00e9xico","description":"Fabricantes y distribuidores de art\u00edculos escolares y de oficina","publisher":{"@id":"https:\/\/web.azor.com.mx\/#organization"},"potentialAction":[{"@type":"SearchAction","target":{"@type":"EntryPoint","urlTemplate":"https:\/\/web.azor.com.mx\/?s={search_term_string}"},"query-input":"required name=search_term_string"}],"inLanguage":"es"},{"@type":"Organization","@id":"https:\/\/web.azor.com.mx\/#organization","name":"Grupo Azor M\u00e9xico","url":"https:\/\/web.azor.com.mx\/","logo":{"@type":"ImageObject","inLanguage":"es","@id":"https:\/\/web.azor.com.mx\/#\/schema\/logo\/image\/","url":"https:\/\/web.azor.com.mx\/wp-content\/uploads\/2023\/10\/cropped-logo-azor-azul-.png","contentUrl":"https:\/\/web.azor.com.mx\/wp-content\/uploads\/2023\/10\/cropped-logo-azor-azul-.png","width":500,"height":190,"caption":"Grupo Azor M\u00e9xico"},"image":{"@id":"https:\/\/web.azor.com.mx\/#\/schema\/logo\/image\/"}}]}},"jetpack_sharing_enabled":true,"_links":{"self":[{"href":"https:\/\/web.azor.com.mx\/index.php\/wp-json\/wp\/v2\/product\/776"}],"collection":[{"href":"https:\/\/web.azor.com.mx\/index.php\/wp-json\/wp\/v2\/product"}],"about":[{"href":"https:\/\/web.azor.com.mx\/index.php\/wp-json\/wp\/v2\/types\/product"}],"wp:featuredmedia":[{"embeddable":true,"href":"https:\/\/web.azor.com.mx\/index.php\/wp-json\/wp\/v2\/media\/805"}],"wp:attachment":[{"href":"https:\/\/web.azor.com.mx\/index.php\/wp-json\/wp\/v2\/media?parent=776"}],"wp:term":[{"taxonomy":"product_cat","embeddable":true,"href":"https:\/\/web.azor.com.mx\/index.php\/wp-json\/wp\/v2\/product_cat?post=776"},{"taxonomy":"product_tag","embeddable":true,"href":"https:\/\/web.azor.com.mx\/index.php\/wp-json\/wp\/v2\/product_tag?post=776"}],"curies":[{"name":"wp","href":"https:\/\/api.w.org\/{rel}","templated":true}]}}