{"id":6763,"date":"2025-03-24T13:08:40","date_gmt":"2025-03-24T19:08:40","guid":{"rendered":"https:\/\/web.azor.com.mx\/?post_type=product&#038;p=6763"},"modified":"2025-03-24T13:08:40","modified_gmt":"2025-03-24T19:08:40","slug":"regla-sablon-flexible","status":"publish","type":"product","link":"https:\/\/web.azor.com.mx\/index.php\/producto\/regla-sablon-flexible\/","title":{"rendered":"Regla Sabl\u00f3n Flexible"},"content":{"rendered":"<ul>\n<li>\n<p class=\"p1\">Flexible.<\/p>\n<\/li>\n<li>\n<p class=\"p1\">De 30 cent\u00edmetros.<\/p>\n<\/li>\n<li>\n<p class=\"p1\">Graduada en cent\u00edmetros y pulgadas.<\/p>\n<\/li>\n<\/ul>\n","protected":false},"excerpt":{"rendered":"Flexible. De 30 cent\u00edmetros. Graduada en cent\u00edmetros y pulgadas.","protected":false},"featured_media":6758,"template":"","meta":{"_exactmetrics_skip_tracking":false,"_exactmetrics_sitenote_active":false,"_exactmetrics_sitenote_note":"","_exactmetrics_sitenote_category":0,"_monsterinsights_skip_tracking":false,"_monsterinsights_sitenote_active":false,"_monsterinsights_sitenote_note":"","_monsterinsights_sitenote_category":0,"generate_page_header":"","jetpack_post_was_ever_published":false},"product_cat":[58,53],"product_tag":[],"yoast_head":"<!-- This site is optimized with the Yoast SEO plugin v22.1 - https:\/\/yoast.com\/wordpress\/plugins\/seo\/ -->\n<title>Regla Sabl\u00f3n Flexible - Grupo Azor M\u00e9xico<\/title>\n<meta name=\"description\" content=\"Regla Sabl\u00f3n flexible.\" \/>\n<meta name=\"robots\" content=\"index, follow, max-snippet:-1, max-image-preview:large, max-video-preview:-1\" \/>\n<link rel=\"canonical\" href=\"https:\/\/web.azor.com.mx\/index.php\/producto\/regla-sablon-flexible\/\" \/>\n<meta property=\"og:locale\" content=\"es_ES\" \/>\n<meta property=\"og:type\" content=\"article\" \/>\n<meta property=\"og:title\" content=\"Regla Sabl\u00f3n Flexible - Grupo Azor M\u00e9xico\" \/>\n<meta property=\"og:description\" content=\"Regla Sabl\u00f3n flexible.\" \/>\n<meta property=\"og:url\" content=\"https:\/\/web.azor.com.mx\/index.php\/producto\/regla-sablon-flexible\/\" \/>\n<meta property=\"og:site_name\" content=\"Grupo Azor M\u00e9xico\" \/>\n<meta property=\"og:image\" content=\"https:\/\/web.azor.com.mx\/wp-content\/uploads\/2017\/12\/1075-copia.webp\" \/>\n\t<meta property=\"og:image:width\" content=\"1500\" \/>\n\t<meta property=\"og:image:height\" content=\"1500\" \/>\n\t<meta property=\"og:image:type\" content=\"image\/webp\" \/>\n<meta name=\"twitter:card\" content=\"summary_large_image\" \/>\n<meta name=\"twitter:label1\" content=\"Tiempo de lectura\" \/>\n\t<meta name=\"twitter:data1\" content=\"1 minuto\" \/>\n<script type=\"application\/ld+json\" class=\"yoast-schema-graph\">{\"@context\":\"https:\/\/schema.org\",\"@graph\":[{\"@type\":\"WebPage\",\"@id\":\"https:\/\/web.azor.com.mx\/index.php\/producto\/regla-sablon-flexible\/\",\"url\":\"https:\/\/web.azor.com.mx\/index.php\/producto\/regla-sablon-flexible\/\",\"name\":\"Regla Sabl\u00f3n Flexible - Grupo Azor M\u00e9xico\",\"isPartOf\":{\"@id\":\"https:\/\/web.azor.com.mx\/#website\"},\"datePublished\":\"2025-03-24T19:08:40+00:00\",\"dateModified\":\"2025-03-24T19:08:40+00:00\",\"description\":\"Regla Sabl\u00f3n flexible.\",\"breadcrumb\":{\"@id\":\"https:\/\/web.azor.com.mx\/index.php\/producto\/regla-sablon-flexible\/#breadcrumb\"},\"inLanguage\":\"es\",\"potentialAction\":[{\"@type\":\"ReadAction\",\"target\":[\"https:\/\/web.azor.com.mx\/index.php\/producto\/regla-sablon-flexible\/\"]}]},{\"@type\":\"BreadcrumbList\",\"@id\":\"https:\/\/web.azor.com.mx\/index.php\/producto\/regla-sablon-flexible\/#breadcrumb\",\"itemListElement\":[{\"@type\":\"ListItem\",\"position\":1,\"name\":\"Portada\",\"item\":\"https:\/\/web.azor.com.mx\/\"},{\"@type\":\"ListItem\",\"position\":2,\"name\":\"tienda\",\"item\":\"https:\/\/web.azor.com.mx\/index.php\/tienda-2\/\"},{\"@type\":\"ListItem\",\"position\":3,\"name\":\"Regla Sabl\u00f3n Flexible\"}]},{\"@type\":\"WebSite\",\"@id\":\"https:\/\/web.azor.com.mx\/#website\",\"url\":\"https:\/\/web.azor.com.mx\/\",\"name\":\"Grupo Azor M\u00e9xico\",\"description\":\"Fabricantes y distribuidores de art\u00edculos escolares y de oficina\",\"publisher\":{\"@id\":\"https:\/\/web.azor.com.mx\/#organization\"},\"potentialAction\":[{\"@type\":\"SearchAction\",\"target\":{\"@type\":\"EntryPoint\",\"urlTemplate\":\"https:\/\/web.azor.com.mx\/?s={search_term_string}\"},\"query-input\":\"required name=search_term_string\"}],\"inLanguage\":\"es\"},{\"@type\":\"Organization\",\"@id\":\"https:\/\/web.azor.com.mx\/#organization\",\"name\":\"Grupo Azor M\u00e9xico\",\"url\":\"https:\/\/web.azor.com.mx\/\",\"logo\":{\"@type\":\"ImageObject\",\"inLanguage\":\"es\",\"@id\":\"https:\/\/web.azor.com.mx\/#\/schema\/logo\/image\/\",\"url\":\"https:\/\/web.azor.com.mx\/wp-content\/uploads\/2023\/10\/cropped-logo-azor-azul-.png\",\"contentUrl\":\"https:\/\/web.azor.com.mx\/wp-content\/uploads\/2023\/10\/cropped-logo-azor-azul-.png\",\"width\":500,\"height\":190,\"caption\":\"Grupo Azor M\u00e9xico\"},\"image\":{\"@id\":\"https:\/\/web.azor.com.mx\/#\/schema\/logo\/image\/\"}}]}<\/script>\n<!-- \/ Yoast SEO plugin. -->","yoast_head_json":{"title":"Regla Sabl\u00f3n Flexible - Grupo Azor M\u00e9xico","description":"Regla Sabl\u00f3n flexible.","robots":{"index":"index","follow":"follow","max-snippet":"max-snippet:-1","max-image-preview":"max-image-preview:large","max-video-preview":"max-video-preview:-1"},"canonical":"https:\/\/web.azor.com.mx\/index.php\/producto\/regla-sablon-flexible\/","og_locale":"es_ES","og_type":"article","og_title":"Regla Sabl\u00f3n Flexible - Grupo Azor M\u00e9xico","og_description":"Regla Sabl\u00f3n flexible.","og_url":"https:\/\/web.azor.com.mx\/index.php\/producto\/regla-sablon-flexible\/","og_site_name":"Grupo Azor M\u00e9xico","og_image":[{"width":1500,"height":1500,"url":"https:\/\/web.azor.com.mx\/wp-content\/uploads\/2017\/12\/1075-copia.webp","type":"image\/webp"}],"twitter_card":"summary_large_image","twitter_misc":{"Tiempo de lectura":"1 minuto"},"schema":{"@context":"https:\/\/schema.org","@graph":[{"@type":"WebPage","@id":"https:\/\/web.azor.com.mx\/index.php\/producto\/regla-sablon-flexible\/","url":"https:\/\/web.azor.com.mx\/index.php\/producto\/regla-sablon-flexible\/","name":"Regla Sabl\u00f3n Flexible - Grupo Azor M\u00e9xico","isPartOf":{"@id":"https:\/\/web.azor.com.mx\/#website"},"datePublished":"2025-03-24T19:08:40+00:00","dateModified":"2025-03-24T19:08:40+00:00","description":"Regla Sabl\u00f3n flexible.","breadcrumb":{"@id":"https:\/\/web.azor.com.mx\/index.php\/producto\/regla-sablon-flexible\/#breadcrumb"},"inLanguage":"es","potentialAction":[{"@type":"ReadAction","target":["https:\/\/web.azor.com.mx\/index.php\/producto\/regla-sablon-flexible\/"]}]},{"@type":"BreadcrumbList","@id":"https:\/\/web.azor.com.mx\/index.php\/producto\/regla-sablon-flexible\/#breadcrumb","itemListElement":[{"@type":"ListItem","position":1,"name":"Portada","item":"https:\/\/web.azor.com.mx\/"},{"@type":"ListItem","position":2,"name":"tienda","item":"https:\/\/web.azor.com.mx\/index.php\/tienda-2\/"},{"@type":"ListItem","position":3,"name":"Regla Sabl\u00f3n Flexible"}]},{"@type":"WebSite","@id":"https:\/\/web.azor.com.mx\/#website","url":"https:\/\/web.azor.com.mx\/","name":"Grupo Azor M\u00e9xico","description":"Fabricantes y distribuidores de art\u00edculos escolares y de oficina","publisher":{"@id":"https:\/\/web.azor.com.mx\/#organization"},"potentialAction":[{"@type":"SearchAction","target":{"@type":"EntryPoint","urlTemplate":"https:\/\/web.azor.com.mx\/?s={search_term_string}"},"query-input":"required name=search_term_string"}],"inLanguage":"es"},{"@type":"Organization","@id":"https:\/\/web.azor.com.mx\/#organization","name":"Grupo Azor M\u00e9xico","url":"https:\/\/web.azor.com.mx\/","logo":{"@type":"ImageObject","inLanguage":"es","@id":"https:\/\/web.azor.com.mx\/#\/schema\/logo\/image\/","url":"https:\/\/web.azor.com.mx\/wp-content\/uploads\/2023\/10\/cropped-logo-azor-azul-.png","contentUrl":"https:\/\/web.azor.com.mx\/wp-content\/uploads\/2023\/10\/cropped-logo-azor-azul-.png","width":500,"height":190,"caption":"Grupo Azor M\u00e9xico"},"image":{"@id":"https:\/\/web.azor.com.mx\/#\/schema\/logo\/image\/"}}]}},"jetpack_sharing_enabled":true,"_links":{"self":[{"href":"https:\/\/web.azor.com.mx\/index.php\/wp-json\/wp\/v2\/product\/6763"}],"collection":[{"href":"https:\/\/web.azor.com.mx\/index.php\/wp-json\/wp\/v2\/product"}],"about":[{"href":"https:\/\/web.azor.com.mx\/index.php\/wp-json\/wp\/v2\/types\/product"}],"wp:featuredmedia":[{"embeddable":true,"href":"https:\/\/web.azor.com.mx\/index.php\/wp-json\/wp\/v2\/media\/6758"}],"wp:attachment":[{"href":"https:\/\/web.azor.com.mx\/index.php\/wp-json\/wp\/v2\/media?parent=6763"}],"wp:term":[{"taxonomy":"product_cat","embeddable":true,"href":"https:\/\/web.azor.com.mx\/index.php\/wp-json\/wp\/v2\/product_cat?post=6763"},{"taxonomy":"product_tag","embeddable":true,"href":"https:\/\/web.azor.com.mx\/index.php\/wp-json\/wp\/v2\/product_tag?post=6763"}],"curies":[{"name":"wp","href":"https:\/\/api.w.org\/{rel}","templated":true}]}}