{"id":6737,"date":"2025-03-24T11:48:38","date_gmt":"2025-03-24T17:48:38","guid":{"rendered":"https:\/\/web.azor.com.mx\/?post_type=product&#038;p=6737"},"modified":"2025-12-05T13:49:41","modified_gmt":"2025-12-05T19:49:41","slug":"juego-de-escritorio-de-malla-metalica","status":"publish","type":"product","link":"https:\/\/web.azor.com.mx\/index.php\/producto\/juego-de-escritorio-de-malla-metalica\/","title":{"rendered":"Juego de escritorio de malla met\u00e1lica"},"content":{"rendered":"<ul>\n<li>Fabricado en malla de acero con pintura de esmalte negro.<\/li>\n<li>Contiene: 1 charola de 3 niveles, 1 organizador de sobres, 1 porta clips, 1 porta l\u00e1pices y caja para notas adhesivas.<\/li>\n<li>Ideal para organizar tu oficina y trabajar en casa.<\/li>\n<\/ul>\n","protected":false},"excerpt":{"rendered":"Clave: 3018ME","protected":false},"featured_media":6738,"template":"","meta":{"_exactmetrics_skip_tracking":false,"_exactmetrics_sitenote_active":false,"_exactmetrics_sitenote_note":"","_exactmetrics_sitenote_category":0,"_monsterinsights_skip_tracking":false,"_monsterinsights_sitenote_active":false,"_monsterinsights_sitenote_note":"","_monsterinsights_sitenote_category":0,"generate_page_header":"","jetpack_post_was_ever_published":false},"product_cat":[177,53,60],"product_tag":[],"yoast_head":"<!-- This site is optimized with the Yoast SEO plugin v22.1 - https:\/\/yoast.com\/wordpress\/plugins\/seo\/ -->\n<title>Juego de escritorio de malla met\u00e1lica - Grupo Azor M\u00e9xico<\/title>\n<meta name=\"description\" content=\"Juego de escritorio hecho de malla met\u00e1lica. Con 1 charola de 3 niveles, 1 porta l\u00e1pices, 1 porta clips, 1 porta notas adhesivas y 1 organizador de sobres\" \/>\n<meta name=\"robots\" content=\"index, follow, max-snippet:-1, max-image-preview:large, max-video-preview:-1\" \/>\n<link rel=\"canonical\" href=\"https:\/\/web.azor.com.mx\/index.php\/producto\/juego-de-escritorio-de-malla-metalica\/\" \/>\n<meta property=\"og:locale\" content=\"es_ES\" \/>\n<meta property=\"og:type\" content=\"article\" \/>\n<meta property=\"og:title\" content=\"Juego de escritorio de malla met\u00e1lica - Grupo Azor M\u00e9xico\" \/>\n<meta property=\"og:description\" content=\"Juego de escritorio hecho de malla met\u00e1lica. Con 1 charola de 3 niveles, 1 porta l\u00e1pices, 1 porta clips, 1 porta notas adhesivas y 1 organizador de sobres\" \/>\n<meta property=\"og:url\" content=\"https:\/\/web.azor.com.mx\/index.php\/producto\/juego-de-escritorio-de-malla-metalica\/\" \/>\n<meta property=\"og:site_name\" content=\"Grupo Azor M\u00e9xico\" \/>\n<meta property=\"article:modified_time\" content=\"2025-12-05T19:49:41+00:00\" \/>\n<meta property=\"og:image\" content=\"https:\/\/web.azor.com.mx\/wp-content\/uploads\/2025\/03\/306.3018M_1-copia.webp\" \/>\n\t<meta property=\"og:image:width\" content=\"750\" \/>\n\t<meta property=\"og:image:height\" content=\"750\" \/>\n\t<meta property=\"og:image:type\" content=\"image\/webp\" \/>\n<meta name=\"twitter:card\" content=\"summary_large_image\" \/>\n<meta name=\"twitter:label1\" content=\"Tiempo de lectura\" \/>\n\t<meta name=\"twitter:data1\" content=\"1 minuto\" \/>\n<script type=\"application\/ld+json\" class=\"yoast-schema-graph\">{\"@context\":\"https:\/\/schema.org\",\"@graph\":[{\"@type\":\"WebPage\",\"@id\":\"https:\/\/web.azor.com.mx\/index.php\/producto\/juego-de-escritorio-de-malla-metalica\/\",\"url\":\"https:\/\/web.azor.com.mx\/index.php\/producto\/juego-de-escritorio-de-malla-metalica\/\",\"name\":\"Juego de escritorio de malla met\u00e1lica - Grupo Azor M\u00e9xico\",\"isPartOf\":{\"@id\":\"https:\/\/web.azor.com.mx\/#website\"},\"datePublished\":\"2025-03-24T17:48:38+00:00\",\"dateModified\":\"2025-12-05T19:49:41+00:00\",\"description\":\"Juego de escritorio hecho de malla met\u00e1lica. Con 1 charola de 3 niveles, 1 porta l\u00e1pices, 1 porta clips, 1 porta notas adhesivas y 1 organizador de sobres\",\"breadcrumb\":{\"@id\":\"https:\/\/web.azor.com.mx\/index.php\/producto\/juego-de-escritorio-de-malla-metalica\/#breadcrumb\"},\"inLanguage\":\"es\",\"potentialAction\":[{\"@type\":\"ReadAction\",\"target\":[\"https:\/\/web.azor.com.mx\/index.php\/producto\/juego-de-escritorio-de-malla-metalica\/\"]}]},{\"@type\":\"BreadcrumbList\",\"@id\":\"https:\/\/web.azor.com.mx\/index.php\/producto\/juego-de-escritorio-de-malla-metalica\/#breadcrumb\",\"itemListElement\":[{\"@type\":\"ListItem\",\"position\":1,\"name\":\"Portada\",\"item\":\"https:\/\/web.azor.com.mx\/\"},{\"@type\":\"ListItem\",\"position\":2,\"name\":\"tienda\",\"item\":\"https:\/\/web.azor.com.mx\/index.php\/tienda-2\/\"},{\"@type\":\"ListItem\",\"position\":3,\"name\":\"Juego de escritorio de malla met\u00e1lica\"}]},{\"@type\":\"WebSite\",\"@id\":\"https:\/\/web.azor.com.mx\/#website\",\"url\":\"https:\/\/web.azor.com.mx\/\",\"name\":\"Grupo Azor M\u00e9xico\",\"description\":\"Fabricantes y distribuidores de art\u00edculos escolares y de oficina\",\"publisher\":{\"@id\":\"https:\/\/web.azor.com.mx\/#organization\"},\"potentialAction\":[{\"@type\":\"SearchAction\",\"target\":{\"@type\":\"EntryPoint\",\"urlTemplate\":\"https:\/\/web.azor.com.mx\/?s={search_term_string}\"},\"query-input\":\"required name=search_term_string\"}],\"inLanguage\":\"es\"},{\"@type\":\"Organization\",\"@id\":\"https:\/\/web.azor.com.mx\/#organization\",\"name\":\"Grupo Azor M\u00e9xico\",\"url\":\"https:\/\/web.azor.com.mx\/\",\"logo\":{\"@type\":\"ImageObject\",\"inLanguage\":\"es\",\"@id\":\"https:\/\/web.azor.com.mx\/#\/schema\/logo\/image\/\",\"url\":\"https:\/\/web.azor.com.mx\/wp-content\/uploads\/2023\/10\/cropped-logo-azor-azul-.png\",\"contentUrl\":\"https:\/\/web.azor.com.mx\/wp-content\/uploads\/2023\/10\/cropped-logo-azor-azul-.png\",\"width\":500,\"height\":190,\"caption\":\"Grupo Azor M\u00e9xico\"},\"image\":{\"@id\":\"https:\/\/web.azor.com.mx\/#\/schema\/logo\/image\/\"}}]}<\/script>\n<!-- \/ Yoast SEO plugin. -->","yoast_head_json":{"title":"Juego de escritorio de malla met\u00e1lica - Grupo Azor M\u00e9xico","description":"Juego de escritorio hecho de malla met\u00e1lica. Con 1 charola de 3 niveles, 1 porta l\u00e1pices, 1 porta clips, 1 porta notas adhesivas y 1 organizador de sobres","robots":{"index":"index","follow":"follow","max-snippet":"max-snippet:-1","max-image-preview":"max-image-preview:large","max-video-preview":"max-video-preview:-1"},"canonical":"https:\/\/web.azor.com.mx\/index.php\/producto\/juego-de-escritorio-de-malla-metalica\/","og_locale":"es_ES","og_type":"article","og_title":"Juego de escritorio de malla met\u00e1lica - Grupo Azor M\u00e9xico","og_description":"Juego de escritorio hecho de malla met\u00e1lica. Con 1 charola de 3 niveles, 1 porta l\u00e1pices, 1 porta clips, 1 porta notas adhesivas y 1 organizador de sobres","og_url":"https:\/\/web.azor.com.mx\/index.php\/producto\/juego-de-escritorio-de-malla-metalica\/","og_site_name":"Grupo Azor M\u00e9xico","article_modified_time":"2025-12-05T19:49:41+00:00","og_image":[{"width":750,"height":750,"url":"https:\/\/web.azor.com.mx\/wp-content\/uploads\/2025\/03\/306.3018M_1-copia.webp","type":"image\/webp"}],"twitter_card":"summary_large_image","twitter_misc":{"Tiempo de lectura":"1 minuto"},"schema":{"@context":"https:\/\/schema.org","@graph":[{"@type":"WebPage","@id":"https:\/\/web.azor.com.mx\/index.php\/producto\/juego-de-escritorio-de-malla-metalica\/","url":"https:\/\/web.azor.com.mx\/index.php\/producto\/juego-de-escritorio-de-malla-metalica\/","name":"Juego de escritorio de malla met\u00e1lica - Grupo Azor M\u00e9xico","isPartOf":{"@id":"https:\/\/web.azor.com.mx\/#website"},"datePublished":"2025-03-24T17:48:38+00:00","dateModified":"2025-12-05T19:49:41+00:00","description":"Juego de escritorio hecho de malla met\u00e1lica. Con 1 charola de 3 niveles, 1 porta l\u00e1pices, 1 porta clips, 1 porta notas adhesivas y 1 organizador de sobres","breadcrumb":{"@id":"https:\/\/web.azor.com.mx\/index.php\/producto\/juego-de-escritorio-de-malla-metalica\/#breadcrumb"},"inLanguage":"es","potentialAction":[{"@type":"ReadAction","target":["https:\/\/web.azor.com.mx\/index.php\/producto\/juego-de-escritorio-de-malla-metalica\/"]}]},{"@type":"BreadcrumbList","@id":"https:\/\/web.azor.com.mx\/index.php\/producto\/juego-de-escritorio-de-malla-metalica\/#breadcrumb","itemListElement":[{"@type":"ListItem","position":1,"name":"Portada","item":"https:\/\/web.azor.com.mx\/"},{"@type":"ListItem","position":2,"name":"tienda","item":"https:\/\/web.azor.com.mx\/index.php\/tienda-2\/"},{"@type":"ListItem","position":3,"name":"Juego de escritorio de malla met\u00e1lica"}]},{"@type":"WebSite","@id":"https:\/\/web.azor.com.mx\/#website","url":"https:\/\/web.azor.com.mx\/","name":"Grupo Azor M\u00e9xico","description":"Fabricantes y distribuidores de art\u00edculos escolares y de oficina","publisher":{"@id":"https:\/\/web.azor.com.mx\/#organization"},"potentialAction":[{"@type":"SearchAction","target":{"@type":"EntryPoint","urlTemplate":"https:\/\/web.azor.com.mx\/?s={search_term_string}"},"query-input":"required name=search_term_string"}],"inLanguage":"es"},{"@type":"Organization","@id":"https:\/\/web.azor.com.mx\/#organization","name":"Grupo Azor M\u00e9xico","url":"https:\/\/web.azor.com.mx\/","logo":{"@type":"ImageObject","inLanguage":"es","@id":"https:\/\/web.azor.com.mx\/#\/schema\/logo\/image\/","url":"https:\/\/web.azor.com.mx\/wp-content\/uploads\/2023\/10\/cropped-logo-azor-azul-.png","contentUrl":"https:\/\/web.azor.com.mx\/wp-content\/uploads\/2023\/10\/cropped-logo-azor-azul-.png","width":500,"height":190,"caption":"Grupo Azor M\u00e9xico"},"image":{"@id":"https:\/\/web.azor.com.mx\/#\/schema\/logo\/image\/"}}]}},"jetpack_sharing_enabled":true,"_links":{"self":[{"href":"https:\/\/web.azor.com.mx\/index.php\/wp-json\/wp\/v2\/product\/6737"}],"collection":[{"href":"https:\/\/web.azor.com.mx\/index.php\/wp-json\/wp\/v2\/product"}],"about":[{"href":"https:\/\/web.azor.com.mx\/index.php\/wp-json\/wp\/v2\/types\/product"}],"wp:featuredmedia":[{"embeddable":true,"href":"https:\/\/web.azor.com.mx\/index.php\/wp-json\/wp\/v2\/media\/6738"}],"wp:attachment":[{"href":"https:\/\/web.azor.com.mx\/index.php\/wp-json\/wp\/v2\/media?parent=6737"}],"wp:term":[{"taxonomy":"product_cat","embeddable":true,"href":"https:\/\/web.azor.com.mx\/index.php\/wp-json\/wp\/v2\/product_cat?post=6737"},{"taxonomy":"product_tag","embeddable":true,"href":"https:\/\/web.azor.com.mx\/index.php\/wp-json\/wp\/v2\/product_tag?post=6737"}],"curies":[{"name":"wp","href":"https:\/\/api.w.org\/{rel}","templated":true}]}}