{"id":6681,"date":"2025-02-26T12:05:23","date_gmt":"2025-02-26T18:05:23","guid":{"rendered":"https:\/\/web.azor.com.mx\/?post_type=product&#038;p=6681"},"modified":"2025-03-10T12:59:41","modified_gmt":"2025-03-10T18:59:41","slug":"pin-point-rt-cuerpo-negro","status":"publish","type":"product","link":"https:\/\/web.azor.com.mx\/index.php\/producto\/pin-point-rt-cuerpo-negro\/","title":{"rendered":"Pin Point RT Cuerpo Negro 1.0 mm."},"content":{"rendered":"<ul>\n<li>Punto Mediano de 1.0 mm. de carburo de tungsteno.<\/li>\n<li>Tinta de baja viscosidad para una escritura m\u00e1s suave y de mayor fluidez.<\/li>\n<li>Dispositivo retr\u00e1ctil para evitar da\u00f1os en el punto sin necesidad de ocupar una tapa.<\/li>\n<\/ul>\n","protected":false},"excerpt":{"rendered":"&nbsp;\r\n\r\n<img decoding=\"async\" class=\"wp-image-6707 aligncenter\" src=\"https:\/\/web.azor.com.mx\/wp-content\/uploads\/2025\/02\/logoRT.png\" alt=\"\" width=\"375\" height=\"108\" \/>\r\n\r\n<hr \/>\r\n\r\n<h3 style=\"color: #005cb9; text-align: left;\">Breve Descripci\u00f3n:<\/h3>\r\n<h4 style=\"color: #009191; text-align: left;\">Bol\u00edgrafo Punto mediano de 1.0 mm. de carburo de tungsteno y tinta de baja viscosidad para una escritura m\u00e1s fluida y suave. Su sistema retr\u00e1ctil protege la punta sin necesidad de tapa y evita rayones al usarse solo cuando se requiere.<\/h4>\r\n\r\n<hr \/>\r\n\r\n<img fetchpriority=\"high\" decoding=\"async\" class=\"wp-image-6708 aligncenter\" src=\"https:\/\/web.azor.com.mx\/wp-content\/uploads\/2025\/02\/especificaciones_pinpointRT-mediano.jpg\" alt=\"\" width=\"836\" height=\"225\" srcset=\"https:\/\/web.azor.com.mx\/wp-content\/uploads\/2025\/02\/especificaciones_pinpointRT-mediano.jpg 1535w, https:\/\/web.azor.com.mx\/wp-content\/uploads\/2025\/02\/especificaciones_pinpointRT-mediano-300x81.jpg 300w, https:\/\/web.azor.com.mx\/wp-content\/uploads\/2025\/02\/especificaciones_pinpointRT-mediano-1024x276.jpg 1024w, https:\/\/web.azor.com.mx\/wp-content\/uploads\/2025\/02\/especificaciones_pinpointRT-mediano-768x207.jpg 768w, https:\/\/web.azor.com.mx\/wp-content\/uploads\/2025\/02\/especificaciones_pinpointRT-mediano-600x161.jpg 600w\" sizes=\"(max-width: 836px) 100vw, 836px\" \/>\r\n\r\n<hr \/>\r\n\r\n<h3 style=\"color: #005cb9; text-align: left;\">Comprar en L\u00ednea:<\/h3>\r\n<h3 style=\"color: #005cb9; text-align: left;\"><a href=\"http:\/\/web.azor.com.mx\/index.php\/comprar-en-linea-mexico\/\" target=\"_blank\" rel=\"noopener noreferrer\"><img decoding=\"async\" class=\"wp-image-4381 alignleft\" src=\"http:\/\/web.azor.com.mx\/wp-content\/uploads\/2020\/07\/bandera_mx-300x172.jpg\" alt=\"\" width=\"37\" height=\"25\" \/>\u00a0<\/a><a href=\"http:\/\/web.azor.com.mx\/index.php\/comprar-en-linea-colombia\/\" target=\"_blank\" rel=\"noopener noreferrer\"><img loading=\"lazy\" decoding=\"async\" class=\"wp-image-4382 alignleft\" src=\"http:\/\/web.azor.com.mx\/wp-content\/uploads\/2020\/07\/bandera_colombia-300x170.jpg\" alt=\"\" width=\"37\" height=\"25\" \/> <\/a><a href=\"http:\/\/web.azor.com.mx\/index.php\/comprar-en-linea-costa-rica\/\" target=\"_blank\" rel=\"noopener noreferrer\">\u00a0<img loading=\"lazy\" decoding=\"async\" class=\"wp-image-4383 alignleft\" src=\"http:\/\/web.azor.com.mx\/wp-content\/uploads\/2020\/07\/bandera_costa-rica-300x172.jpg\" alt=\"\" width=\"37\" height=\"25\" \/> \u00a0<\/a><a href=\"http:\/\/web.azor.com.mx\/index.php\/comprar-en-linea-el-salvador\/\" target=\"_blank\" rel=\"noopener noreferrer\"><img loading=\"lazy\" decoding=\"async\" class=\"wp-image-4384 alignleft\" src=\"http:\/\/web.azor.com.mx\/wp-content\/uploads\/2020\/07\/bandera_el-salvador-300x172.jpg\" width=\"37\" height=\"25\" \/> \u00a0<\/a><a href=\"http:\/\/web.azor.com.mx\/index.php\/comprar-en-linea-guatemala\/\" target=\"_blank\" rel=\"noopener noreferrer\"><img loading=\"lazy\" decoding=\"async\" class=\"wp-image-4385 alignleft\" src=\"http:\/\/web.azor.com.mx\/wp-content\/uploads\/2020\/07\/bandera_guatemala-300x172.jpg\" alt=\"\" width=\"37\" height=\"25\" \/> \u00a0<\/a><a href=\"http:\/\/web.azor.com.mx\/index.php\/comprar-en-linea-honduras\/\" target=\"_blank\" rel=\"noopener noreferrer\"><img loading=\"lazy\" decoding=\"async\" class=\"wp-image-4386 alignleft\" src=\"http:\/\/web.azor.com.mx\/wp-content\/uploads\/2020\/07\/bandera_honduras-300x172.jpg\" alt=\"\" width=\"37\" height=\"25\" \/> \u00a0<\/a><a href=\"http:\/\/web.azor.com.mx\/index.php\/comprar-en-linea-panama\/\" target=\"_blank\" rel=\"noopener noreferrer\"><img loading=\"lazy\" decoding=\"async\" class=\"wp-image-4387 alignleft\" src=\"http:\/\/web.azor.com.mx\/wp-content\/uploads\/2020\/07\/bandera_panama-300x172.jpg\" alt=\"\" width=\"37\" height=\"25\" \/> \u00a0<\/a><\/h3>\r\n\r\n<hr \/>\r\n\r\n<h3 style=\"color: #005cb9; text-align: left;\">Buscar Tienda:<\/h3>\r\n<h3 style=\"color: #005cb9; text-align: left;\"><a href=\"http:\/\/web.azor.com.mx\/index.php\/donde-comprar\/\" target=\"_blank\" rel=\"noopener noreferrer\"><img loading=\"lazy\" decoding=\"async\" class=\"wp-image-2112 alignleft\" src=\"http:\/\/web.azor.com.mx\/wp-content\/uploads\/2017\/12\/logo-google-maps-2.png\" alt=\"\" width=\"43\" height=\"35\" \/><\/a><\/h3>\r\n&nbsp;\r\n\r\n&nbsp;\r\n\r\n<hr \/>\r\n\r\n<h3 style=\"color: #005cb9; text-align: left;\">Comp\u00e1rtenos en:<\/h3>\r\n<div class=\"heateor_sss_sharing_container heateor_sss_horizontal_sharing\" data-heateor-ss-offset=\"0\" data-heateor-sss-href='https:\/\/web.azor.com.mx\/index.php\/producto\/pin-point-rt-cuerpo-negro\/'><div class=\"heateor_sss_sharing_ul\"><a aria-label=\"Facebook\" class=\"heateor_sss_facebook\" href=\"https:\/\/www.facebook.com\/sharer\/sharer.php?u=https%3A%2F%2Fweb.azor.com.mx%2Findex.php%2Fproducto%2Fpin-point-rt-cuerpo-negro%2F\" title=\"Facebook\" rel=\"nofollow noopener\" target=\"_blank\" style=\"font-size:32px!important;box-shadow:none;display:inline-block;vertical-align:middle\"><span class=\"heateor_sss_svg\" style=\"background-color:#0765FE;width:30px;height:30px;border-radius:999px;display:inline-block;opacity:1;float:left;font-size:32px;box-shadow:none;display:inline-block;font-size:16px;padding:0 4px;vertical-align:middle;background-repeat:repeat;overflow:hidden;padding:0;cursor:pointer;box-sizing:content-box\"><svg style=\"display:block;border-radius:999px;\" focusable=\"false\" aria-hidden=\"true\" xmlns=\"http:\/\/www.w3.org\/2000\/svg\" width=\"100%\" height=\"100%\" viewBox=\"0 0 32 32\"><path fill=\"#fff\" d=\"M28 16c0-6.627-5.373-12-12-12S4 9.373 4 16c0 5.628 3.875 10.35 9.101 11.647v-7.98h-2.474V16H13.1v-1.58c0-4.085 1.849-5.978 5.859-5.978.76 0 2.072.15 2.608.298v3.325c-.283-.03-.775-.045-1.386-.045-1.967 0-2.728.745-2.728 2.683V16h3.92l-.673 3.667h-3.247v8.245C23.395 27.195 28 22.135 28 16Z\"><\/path><\/svg><\/span><\/a><a aria-label=\"Twitter\" class=\"heateor_sss_button_twitter\" href=\"http:\/\/twitter.com\/intent\/tweet?text=Pin%20Point%20RT%20Cuerpo%20Negro%201.0%20mm.&#038;url=https%3A%2F%2Fweb.azor.com.mx%2Findex.php%2Fproducto%2Fpin-point-rt-cuerpo-negro%2F\" title=\"Twitter\" rel=\"nofollow noopener\" target=\"_blank\" style=\"font-size:32px!important;box-shadow:none;display:inline-block;vertical-align:middle\"><span class=\"heateor_sss_svg heateor_sss_s__default heateor_sss_s_twitter\" style=\"background-color:#55acee;width:30px;height:30px;border-radius:999px;display:inline-block;opacity:1;float:left;font-size:32px;box-shadow:none;display:inline-block;font-size:16px;padding:0 4px;vertical-align:middle;background-repeat:repeat;overflow:hidden;padding:0;cursor:pointer;box-sizing:content-box\"><svg style=\"display:block;border-radius:999px;\" focusable=\"false\" aria-hidden=\"true\" xmlns=\"http:\/\/www.w3.org\/2000\/svg\" width=\"100%\" height=\"100%\" viewBox=\"-4 -4 39 39\"><path d=\"M28 8.557a9.913 9.913 0 0 1-2.828.775 4.93 4.93 0 0 0 2.166-2.725 9.738 9.738 0 0 1-3.13 1.194 4.92 4.92 0 0 0-3.593-1.55 4.924 4.924 0 0 0-4.794 6.049c-4.09-.21-7.72-2.17-10.15-5.15a4.942 4.942 0 0 0-.665 2.477c0 1.71.87 3.214 2.19 4.1a4.968 4.968 0 0 1-2.23-.616v.06c0 2.39 1.7 4.38 3.952 4.83-.414.115-.85.174-1.297.174-.318 0-.626-.03-.928-.086a4.935 4.935 0 0 0 4.6 3.42 9.893 9.893 0 0 1-6.114 2.107c-.398 0-.79-.023-1.175-.068a13.953 13.953 0 0 0 7.55 2.213c9.056 0 14.01-7.507 14.01-14.013 0-.213-.005-.426-.015-.637.96-.695 1.795-1.56 2.455-2.55z\" fill=\"#fff\"><\/path><\/svg><\/span><\/a><a aria-label=\"Pinterest\" class=\"heateor_sss_button_pinterest\" href=\"https:\/\/web.azor.com.mx\/index.php\/producto\/pin-point-rt-cuerpo-negro\/\" onclick=\"event.preventDefault();javascript:void( (function() {var e=document.createElement('script' );e.setAttribute('type','text\/javascript' );e.setAttribute('charset','UTF-8' );e.setAttribute('src','\/\/assets.pinterest.com\/js\/pinmarklet.js?r='+Math.random()*99999999);document.body.appendChild(e)})());\" title=\"Pinterest\" rel=\"nofollow noopener\" style=\"font-size:32px!important;box-shadow:none;display:inline-block;vertical-align:middle\"><span class=\"heateor_sss_svg heateor_sss_s__default heateor_sss_s_pinterest\" style=\"background-color:#cc2329;width:30px;height:30px;border-radius:999px;display:inline-block;opacity:1;float:left;font-size:32px;box-shadow:none;display:inline-block;font-size:16px;padding:0 4px;vertical-align:middle;background-repeat:repeat;overflow:hidden;padding:0;cursor:pointer;box-sizing:content-box\"><svg style=\"display:block;border-radius:999px;\" focusable=\"false\" aria-hidden=\"true\" xmlns=\"http:\/\/www.w3.org\/2000\/svg\" width=\"100%\" height=\"100%\" viewBox=\"-2 -2 35 35\"><path fill=\"#fff\" d=\"M16.539 4.5c-6.277 0-9.442 4.5-9.442 8.253 0 2.272.86 4.293 2.705 5.046.303.125.574.005.662-.33.061-.231.205-.816.27-1.06.088-.331.053-.447-.191-.736-.532-.627-.873-1.439-.873-2.591 0-3.338 2.498-6.327 6.505-6.327 3.548 0 5.497 2.168 5.497 5.062 0 3.81-1.686 7.025-4.188 7.025-1.382 0-2.416-1.142-2.085-2.545.397-1.674 1.166-3.48 1.166-4.689 0-1.081-.581-1.983-1.782-1.983-1.413 0-2.548 1.462-2.548 3.419 0 1.247.421 2.091.421 2.091l-1.699 7.199c-.505 2.137-.076 4.755-.039 5.019.021.158.223.196.314.077.13-.17 1.813-2.247 2.384-4.324.162-.587.929-3.631.929-3.631.46.876 1.801 1.646 3.227 1.646 4.247 0 7.128-3.871 7.128-9.053.003-3.918-3.317-7.568-8.361-7.568z\"\/><\/svg><\/span><\/a><a aria-label=\"Whatsapp\" class=\"heateor_sss_whatsapp\" href=\"https:\/\/api.whatsapp.com\/send?text=Pin%20Point%20RT%20Cuerpo%20Negro%201.0%20mm. https%3A%2F%2Fweb.azor.com.mx%2Findex.php%2Fproducto%2Fpin-point-rt-cuerpo-negro%2F\" title=\"Whatsapp\" rel=\"nofollow noopener\" target=\"_blank\" style=\"font-size:32px!important;box-shadow:none;display:inline-block;vertical-align:middle\"><span class=\"heateor_sss_svg\" style=\"background-color:#55eb4c;width:30px;height:30px;border-radius:999px;display:inline-block;opacity:1;float:left;font-size:32px;box-shadow:none;display:inline-block;font-size:16px;padding:0 4px;vertical-align:middle;background-repeat:repeat;overflow:hidden;padding:0;cursor:pointer;box-sizing:content-box\"><svg style=\"display:block;border-radius:999px;\" focusable=\"false\" aria-hidden=\"true\" xmlns=\"http:\/\/www.w3.org\/2000\/svg\" width=\"100%\" height=\"100%\" viewBox=\"-6 -5 40 40\"><path class=\"heateor_sss_svg_stroke heateor_sss_no_fill\" stroke=\"#fff\" stroke-width=\"2\" fill=\"none\" d=\"M 11.579798566743314 24.396926207859085 A 10 10 0 1 0 6.808479557110079 20.73576436351046\"><\/path><path d=\"M 7 19 l -1 6 l 6 -1\" class=\"heateor_sss_no_fill heateor_sss_svg_stroke\" stroke=\"#fff\" stroke-width=\"2\" fill=\"none\"><\/path><path d=\"M 10 10 q -1 8 8 11 c 5 -1 0 -6 -1 -3 q -4 -3 -5 -5 c 4 -2 -1 -5 -1 -4\" fill=\"#fff\"><\/path><\/svg><\/span><\/a><a aria-label=\"Instagram\" class=\"heateor_sss_button_instagram\" href=\"https:\/\/www.instagram.com\/grupoazormexico\" title=\"Instagram\" rel=\"nofollow noopener\" target=\"_blank\" style=\"font-size:32px!important;box-shadow:none;display:inline-block;vertical-align:middle\"><span class=\"heateor_sss_svg\" style=\"background-color:#53beee;width:30px;height:30px;border-radius:999px;display:inline-block;opacity:1;float:left;font-size:32px;box-shadow:none;display:inline-block;font-size:16px;padding:0 4px;vertical-align:middle;background-repeat:repeat;overflow:hidden;padding:0;cursor:pointer;box-sizing:content-box\"><svg style=\"display:block;border-radius:999px;\" version=\"1.1\" viewBox=\"-10 -10 148 148\" width=\"100%\" height=\"100%\" xml:space=\"preserve\" xmlns=\"http:\/\/www.w3.org\/2000\/svg\" xmlns:xlink=\"http:\/\/www.w3.org\/1999\/xlink\"><g><g><path d=\"M86,112H42c-14.336,0-26-11.663-26-26V42c0-14.337,11.664-26,26-26h44c14.337,0,26,11.663,26,26v44 C112,100.337,100.337,112,86,112z M42,24c-9.925,0-18,8.074-18,18v44c0,9.925,8.075,18,18,18h44c9.926,0,18-8.075,18-18V42 c0-9.926-8.074-18-18-18H42z\" fill=\"#fff\"><\/path><\/g><g><path d=\"M64,88c-13.234,0-24-10.767-24-24c0-13.234,10.766-24,24-24s24,10.766,24,24C88,77.233,77.234,88,64,88z M64,48c-8.822,0-16,7.178-16,16s7.178,16,16,16c8.822,0,16-7.178,16-16S72.822,48,64,48z\" fill=\"#fff\"><\/path><\/g><g><circle cx=\"89.5\" cy=\"38.5\" fill=\"#fff\" r=\"5.5\"><\/circle><\/g><\/g><\/svg><\/span><\/a><a aria-label=\"Youtube\" class=\"heateor_sss_button_youtube\" href=\"https:\/\/www.youtube.com\/channel\/UCQ4uTEOKOQXnoGosQiX-q9g\" title=\"Youtube\" rel=\"nofollow noopener\" target=\"_blank\" style=\"font-size:32px!important;box-shadow:none;display:inline-block;vertical-align:middle\"><span class=\"heateor_sss_svg heateor_sss_s__default heateor_sss_s_youtube\" style=\"background-color:red;width:30px;height:30px;border-radius:999px;display:inline-block;opacity:1;float:left;font-size:32px;box-shadow:none;display:inline-block;font-size:16px;padding:0 4px;vertical-align:middle;background-repeat:repeat;overflow:hidden;padding:0;cursor:pointer;box-sizing:content-box\"><svg style=\"display:block;border-radius:999px;\" focusable=\"false\" aria-hidden=\"true\" xmlns=\"http:\/\/www.w3.org\/2000\/svg\" width=\"100%\" height=\"100%\" viewBox=\"0 0 32 32\"><path fill=\"#fff\" d=\"M26.78 11.6s-.215-1.515-.875-2.183c-.837-.876-1.774-.88-2.204-.932-3.075-.222-7.693-.222-7.693-.222h-.01s-4.618 0-7.697.222c-.43.05-1.368.056-2.205.932-.66.668-.874 2.184-.874 2.184S5 13.386 5 15.166v1.67c0 1.78.22 3.56.22 3.56s.215 1.516.874 2.184c.837.875 1.936.85 2.426.94 1.76.17 7.48.22 7.48.22s4.623-.007 7.7-.23c.43-.05 1.37-.056 2.205-.932.66-.668.875-2.184.875-2.184s.22-1.78.22-3.56v-1.67c0-1.78-.22-3.56-.22-3.56zm-13.052 7.254v-6.18l5.944 3.1-5.944 3.08z\"><\/path><\/svg><\/span><\/a><\/div><div class=\"heateorSssClear\"><\/div><\/div>\r\n\r\n&nbsp;","protected":false},"featured_media":6682,"template":"","meta":{"_exactmetrics_skip_tracking":false,"_exactmetrics_sitenote_active":false,"_exactmetrics_sitenote_note":"","_exactmetrics_sitenote_category":0,"_monsterinsights_skip_tracking":false,"_monsterinsights_sitenote_active":false,"_monsterinsights_sitenote_note":"","_monsterinsights_sitenote_category":0,"generate_page_header":"","jetpack_post_was_ever_published":false},"product_cat":[24],"product_tag":[],"yoast_head":"<!-- This site is optimized with the Yoast SEO plugin v22.1 - https:\/\/yoast.com\/wordpress\/plugins\/seo\/ -->\n<title>Pin Point RT Cuerpo Negro 1.0 mm. - Grupo Azor M\u00e9xico<\/title>\n<meta name=\"robots\" content=\"index, follow, max-snippet:-1, max-image-preview:large, max-video-preview:-1\" \/>\n<link rel=\"canonical\" href=\"https:\/\/web.azor.com.mx\/index.php\/producto\/pin-point-rt-cuerpo-negro\/\" \/>\n<meta property=\"og:locale\" content=\"es_ES\" \/>\n<meta property=\"og:type\" content=\"article\" \/>\n<meta property=\"og:title\" content=\"Pin Point RT Cuerpo Negro 1.0 mm. - Grupo Azor M\u00e9xico\" \/>\n<meta property=\"og:description\" content=\"&nbsp;      Breve Descripci\u00f3n: Bol\u00edgrafo Punto mediano de 1.0 mm. de carburo de tungsteno y tinta de baja viscosidad para una escritura m\u00e1s fluida y suave. Su sistema retr\u00e1ctil protege la punta sin necesidad de tapa y evita rayones al usarse solo cuando se requiere.        Comprar en L\u00ednea: \u00a0 \u00a0 \u00a0 \u00a0 \u00a0 \u00a0 \u00a0    Buscar Tienda:  &nbsp;  &nbsp;    Comp\u00e1rtenos en:   &nbsp;\" \/>\n<meta property=\"og:url\" content=\"https:\/\/web.azor.com.mx\/index.php\/producto\/pin-point-rt-cuerpo-negro\/\" \/>\n<meta property=\"og:site_name\" content=\"Grupo Azor M\u00e9xico\" \/>\n<meta property=\"article:modified_time\" content=\"2025-03-10T18:59:41+00:00\" \/>\n<meta property=\"og:image\" content=\"https:\/\/web.azor.com.mx\/wp-content\/uploads\/2025\/02\/6113CS-1.jpg\" \/>\n\t<meta property=\"og:image:width\" content=\"1300\" \/>\n\t<meta property=\"og:image:height\" content=\"1300\" \/>\n\t<meta property=\"og:image:type\" content=\"image\/jpeg\" \/>\n<meta name=\"twitter:card\" content=\"summary_large_image\" \/>\n<meta name=\"twitter:label1\" content=\"Tiempo de lectura\" \/>\n\t<meta name=\"twitter:data1\" content=\"1 minuto\" \/>\n<script type=\"application\/ld+json\" class=\"yoast-schema-graph\">{\"@context\":\"https:\/\/schema.org\",\"@graph\":[{\"@type\":\"WebPage\",\"@id\":\"https:\/\/web.azor.com.mx\/index.php\/producto\/pin-point-rt-cuerpo-negro\/\",\"url\":\"https:\/\/web.azor.com.mx\/index.php\/producto\/pin-point-rt-cuerpo-negro\/\",\"name\":\"Pin Point RT Cuerpo Negro 1.0 mm. - Grupo Azor M\u00e9xico\",\"isPartOf\":{\"@id\":\"https:\/\/web.azor.com.mx\/#website\"},\"datePublished\":\"2025-02-26T18:05:23+00:00\",\"dateModified\":\"2025-03-10T18:59:41+00:00\",\"breadcrumb\":{\"@id\":\"https:\/\/web.azor.com.mx\/index.php\/producto\/pin-point-rt-cuerpo-negro\/#breadcrumb\"},\"inLanguage\":\"es\",\"potentialAction\":[{\"@type\":\"ReadAction\",\"target\":[\"https:\/\/web.azor.com.mx\/index.php\/producto\/pin-point-rt-cuerpo-negro\/\"]}]},{\"@type\":\"BreadcrumbList\",\"@id\":\"https:\/\/web.azor.com.mx\/index.php\/producto\/pin-point-rt-cuerpo-negro\/#breadcrumb\",\"itemListElement\":[{\"@type\":\"ListItem\",\"position\":1,\"name\":\"Portada\",\"item\":\"https:\/\/web.azor.com.mx\/\"},{\"@type\":\"ListItem\",\"position\":2,\"name\":\"tienda\",\"item\":\"https:\/\/web.azor.com.mx\/index.php\/tienda-2\/\"},{\"@type\":\"ListItem\",\"position\":3,\"name\":\"Pin Point RT Cuerpo Negro 1.0 mm.\"}]},{\"@type\":\"WebSite\",\"@id\":\"https:\/\/web.azor.com.mx\/#website\",\"url\":\"https:\/\/web.azor.com.mx\/\",\"name\":\"Grupo Azor M\u00e9xico\",\"description\":\"Fabricantes y distribuidores de art\u00edculos escolares y de oficina\",\"publisher\":{\"@id\":\"https:\/\/web.azor.com.mx\/#organization\"},\"potentialAction\":[{\"@type\":\"SearchAction\",\"target\":{\"@type\":\"EntryPoint\",\"urlTemplate\":\"https:\/\/web.azor.com.mx\/?s={search_term_string}\"},\"query-input\":\"required name=search_term_string\"}],\"inLanguage\":\"es\"},{\"@type\":\"Organization\",\"@id\":\"https:\/\/web.azor.com.mx\/#organization\",\"name\":\"Grupo Azor M\u00e9xico\",\"url\":\"https:\/\/web.azor.com.mx\/\",\"logo\":{\"@type\":\"ImageObject\",\"inLanguage\":\"es\",\"@id\":\"https:\/\/web.azor.com.mx\/#\/schema\/logo\/image\/\",\"url\":\"https:\/\/web.azor.com.mx\/wp-content\/uploads\/2023\/10\/cropped-logo-azor-azul-.png\",\"contentUrl\":\"https:\/\/web.azor.com.mx\/wp-content\/uploads\/2023\/10\/cropped-logo-azor-azul-.png\",\"width\":500,\"height\":190,\"caption\":\"Grupo Azor M\u00e9xico\"},\"image\":{\"@id\":\"https:\/\/web.azor.com.mx\/#\/schema\/logo\/image\/\"}}]}<\/script>\n<!-- \/ Yoast SEO plugin. -->","yoast_head_json":{"title":"Pin Point RT Cuerpo Negro 1.0 mm. - Grupo Azor M\u00e9xico","robots":{"index":"index","follow":"follow","max-snippet":"max-snippet:-1","max-image-preview":"max-image-preview:large","max-video-preview":"max-video-preview:-1"},"canonical":"https:\/\/web.azor.com.mx\/index.php\/producto\/pin-point-rt-cuerpo-negro\/","og_locale":"es_ES","og_type":"article","og_title":"Pin Point RT Cuerpo Negro 1.0 mm. - Grupo Azor M\u00e9xico","og_description":"&nbsp;      Breve Descripci\u00f3n: Bol\u00edgrafo Punto mediano de 1.0 mm. de carburo de tungsteno y tinta de baja viscosidad para una escritura m\u00e1s fluida y suave. Su sistema retr\u00e1ctil protege la punta sin necesidad de tapa y evita rayones al usarse solo cuando se requiere.        Comprar en L\u00ednea: \u00a0 \u00a0 \u00a0 \u00a0 \u00a0 \u00a0 \u00a0    Buscar Tienda:  &nbsp;  &nbsp;    Comp\u00e1rtenos en:   &nbsp;","og_url":"https:\/\/web.azor.com.mx\/index.php\/producto\/pin-point-rt-cuerpo-negro\/","og_site_name":"Grupo Azor M\u00e9xico","article_modified_time":"2025-03-10T18:59:41+00:00","og_image":[{"width":1300,"height":1300,"url":"https:\/\/web.azor.com.mx\/wp-content\/uploads\/2025\/02\/6113CS-1.jpg","type":"image\/jpeg"}],"twitter_card":"summary_large_image","twitter_misc":{"Tiempo de lectura":"1 minuto"},"schema":{"@context":"https:\/\/schema.org","@graph":[{"@type":"WebPage","@id":"https:\/\/web.azor.com.mx\/index.php\/producto\/pin-point-rt-cuerpo-negro\/","url":"https:\/\/web.azor.com.mx\/index.php\/producto\/pin-point-rt-cuerpo-negro\/","name":"Pin Point RT Cuerpo Negro 1.0 mm. - Grupo Azor M\u00e9xico","isPartOf":{"@id":"https:\/\/web.azor.com.mx\/#website"},"datePublished":"2025-02-26T18:05:23+00:00","dateModified":"2025-03-10T18:59:41+00:00","breadcrumb":{"@id":"https:\/\/web.azor.com.mx\/index.php\/producto\/pin-point-rt-cuerpo-negro\/#breadcrumb"},"inLanguage":"es","potentialAction":[{"@type":"ReadAction","target":["https:\/\/web.azor.com.mx\/index.php\/producto\/pin-point-rt-cuerpo-negro\/"]}]},{"@type":"BreadcrumbList","@id":"https:\/\/web.azor.com.mx\/index.php\/producto\/pin-point-rt-cuerpo-negro\/#breadcrumb","itemListElement":[{"@type":"ListItem","position":1,"name":"Portada","item":"https:\/\/web.azor.com.mx\/"},{"@type":"ListItem","position":2,"name":"tienda","item":"https:\/\/web.azor.com.mx\/index.php\/tienda-2\/"},{"@type":"ListItem","position":3,"name":"Pin Point RT Cuerpo Negro 1.0 mm."}]},{"@type":"WebSite","@id":"https:\/\/web.azor.com.mx\/#website","url":"https:\/\/web.azor.com.mx\/","name":"Grupo Azor M\u00e9xico","description":"Fabricantes y distribuidores de art\u00edculos escolares y de oficina","publisher":{"@id":"https:\/\/web.azor.com.mx\/#organization"},"potentialAction":[{"@type":"SearchAction","target":{"@type":"EntryPoint","urlTemplate":"https:\/\/web.azor.com.mx\/?s={search_term_string}"},"query-input":"required name=search_term_string"}],"inLanguage":"es"},{"@type":"Organization","@id":"https:\/\/web.azor.com.mx\/#organization","name":"Grupo Azor M\u00e9xico","url":"https:\/\/web.azor.com.mx\/","logo":{"@type":"ImageObject","inLanguage":"es","@id":"https:\/\/web.azor.com.mx\/#\/schema\/logo\/image\/","url":"https:\/\/web.azor.com.mx\/wp-content\/uploads\/2023\/10\/cropped-logo-azor-azul-.png","contentUrl":"https:\/\/web.azor.com.mx\/wp-content\/uploads\/2023\/10\/cropped-logo-azor-azul-.png","width":500,"height":190,"caption":"Grupo Azor M\u00e9xico"},"image":{"@id":"https:\/\/web.azor.com.mx\/#\/schema\/logo\/image\/"}}]}},"jetpack_sharing_enabled":false,"_links":{"self":[{"href":"https:\/\/web.azor.com.mx\/index.php\/wp-json\/wp\/v2\/product\/6681"}],"collection":[{"href":"https:\/\/web.azor.com.mx\/index.php\/wp-json\/wp\/v2\/product"}],"about":[{"href":"https:\/\/web.azor.com.mx\/index.php\/wp-json\/wp\/v2\/types\/product"}],"wp:featuredmedia":[{"embeddable":true,"href":"https:\/\/web.azor.com.mx\/index.php\/wp-json\/wp\/v2\/media\/6682"}],"wp:attachment":[{"href":"https:\/\/web.azor.com.mx\/index.php\/wp-json\/wp\/v2\/media?parent=6681"}],"wp:term":[{"taxonomy":"product_cat","embeddable":true,"href":"https:\/\/web.azor.com.mx\/index.php\/wp-json\/wp\/v2\/product_cat?post=6681"},{"taxonomy":"product_tag","embeddable":true,"href":"https:\/\/web.azor.com.mx\/index.php\/wp-json\/wp\/v2\/product_tag?post=6681"}],"curies":[{"name":"wp","href":"https:\/\/api.w.org\/{rel}","templated":true}]}}