{"id":1574,"date":"2017-12-10T13:23:53","date_gmt":"2017-12-10T19:23:53","guid":{"rendered":"http:\/\/web.azor.com.mx\/?post_type=product&#038;p=1574"},"modified":"2023-01-11T17:30:00","modified_gmt":"2023-01-11T23:30:00","slug":"despachador-cinta-grande","status":"publish","type":"product","link":"https:\/\/web.azor.com.mx\/index.php\/producto\/despachador-cinta-grande\/","title":{"rendered":"Despachador de Cinta Grande"},"content":{"rendered":"<ul>\n<li>\n<p class=\"p1\">Despachador para cinta grande y chica.<\/p>\n<\/li>\n<li>\n<p class=\"p1\">Carrete desmontable para intercambiar la cinta.<\/p>\n<\/li>\n<li>\n<p class=\"p1\">Cuchilla de acero para cortar la cinta.<\/p>\n<\/li>\n<li>\n<p class=\"p1\">Fabricado en estireno de medio impacto.<\/p>\n<\/li>\n<li>\n<p class=\"p1\">Base de hule antiderrapante.<\/p>\n<\/li>\n<\/ul>\n","protected":false},"excerpt":{"rendered":"<p style=\"text-align: center;\"><img decoding=\"async\" class=\"alignnone size-medium wp-image-1564\" src=\"http:\/\/web.azor.com.mx\/wp-content\/uploads\/2017\/12\/sablon_logotipo-300x85.png\" alt=\"\" width=\"300\" height=\"85\" srcset=\"https:\/\/web.azor.com.mx\/wp-content\/uploads\/2017\/12\/sablon_logotipo-300x85.png 300w, https:\/\/web.azor.com.mx\/wp-content\/uploads\/2017\/12\/sablon_logotipo.png 400w\" sizes=\"(max-width: 300px) 100vw, 300px\" \/><\/p>\r\n&nbsp;\r\n\r\nSKU: 136","protected":false},"featured_media":5647,"template":"","meta":{"_exactmetrics_skip_tracking":false,"_exactmetrics_sitenote_active":false,"_exactmetrics_sitenote_note":"","_exactmetrics_sitenote_category":0,"_monsterinsights_skip_tracking":false,"_monsterinsights_sitenote_active":false,"_monsterinsights_sitenote_note":"","_monsterinsights_sitenote_category":0,"generate_page_header":"","jetpack_post_was_ever_published":false},"product_cat":[59,53],"product_tag":[],"yoast_head":"<!-- This site is optimized with the Yoast SEO plugin v22.1 - https:\/\/yoast.com\/wordpress\/plugins\/seo\/ -->\n<title>Despachador de Cinta Grande - Grupo Azor M\u00e9xico<\/title>\n<meta name=\"description\" content=\"Despachador de cinta tama\u00f1o grande Sabl\u00f3n color negro. Con carrete desmontable para intercambiar las cintas.\" \/>\n<meta name=\"robots\" content=\"index, follow, max-snippet:-1, max-image-preview:large, max-video-preview:-1\" \/>\n<link rel=\"canonical\" href=\"https:\/\/web.azor.com.mx\/index.php\/producto\/despachador-cinta-grande\/\" \/>\n<meta property=\"og:locale\" content=\"es_ES\" \/>\n<meta property=\"og:type\" content=\"article\" \/>\n<meta property=\"og:title\" content=\"Despachador de Cinta Grande - Grupo Azor M\u00e9xico\" \/>\n<meta property=\"og:description\" content=\"Despachador de cinta tama\u00f1o grande Sabl\u00f3n color negro. Con carrete desmontable para intercambiar las cintas.\" \/>\n<meta property=\"og:url\" content=\"https:\/\/web.azor.com.mx\/index.php\/producto\/despachador-cinta-grande\/\" \/>\n<meta property=\"og:site_name\" content=\"Grupo Azor M\u00e9xico\" \/>\n<meta property=\"article:modified_time\" content=\"2023-01-11T23:30:00+00:00\" \/>\n<meta property=\"og:image\" content=\"https:\/\/web.azor.com.mx\/wp-content\/uploads\/2017\/12\/sablon_despachador_cinta_grande_136_1-1.jpg\" \/>\n\t<meta property=\"og:image:width\" content=\"591\" \/>\n\t<meta property=\"og:image:height\" content=\"591\" \/>\n\t<meta property=\"og:image:type\" content=\"image\/jpeg\" \/>\n<meta name=\"twitter:card\" content=\"summary_large_image\" \/>\n<script type=\"application\/ld+json\" class=\"yoast-schema-graph\">{\"@context\":\"https:\/\/schema.org\",\"@graph\":[{\"@type\":\"WebPage\",\"@id\":\"https:\/\/web.azor.com.mx\/index.php\/producto\/despachador-cinta-grande\/\",\"url\":\"https:\/\/web.azor.com.mx\/index.php\/producto\/despachador-cinta-grande\/\",\"name\":\"Despachador de Cinta Grande - Grupo Azor M\u00e9xico\",\"isPartOf\":{\"@id\":\"https:\/\/web.azor.com.mx\/#website\"},\"datePublished\":\"2017-12-10T19:23:53+00:00\",\"dateModified\":\"2023-01-11T23:30:00+00:00\",\"description\":\"Despachador de cinta tama\u00f1o grande Sabl\u00f3n color negro. Con carrete desmontable para intercambiar las cintas.\",\"breadcrumb\":{\"@id\":\"https:\/\/web.azor.com.mx\/index.php\/producto\/despachador-cinta-grande\/#breadcrumb\"},\"inLanguage\":\"es\",\"potentialAction\":[{\"@type\":\"ReadAction\",\"target\":[\"https:\/\/web.azor.com.mx\/index.php\/producto\/despachador-cinta-grande\/\"]}]},{\"@type\":\"BreadcrumbList\",\"@id\":\"https:\/\/web.azor.com.mx\/index.php\/producto\/despachador-cinta-grande\/#breadcrumb\",\"itemListElement\":[{\"@type\":\"ListItem\",\"position\":1,\"name\":\"Portada\",\"item\":\"https:\/\/web.azor.com.mx\/\"},{\"@type\":\"ListItem\",\"position\":2,\"name\":\"tienda\",\"item\":\"https:\/\/web.azor.com.mx\/index.php\/tienda-2\/\"},{\"@type\":\"ListItem\",\"position\":3,\"name\":\"Despachador de Cinta Grande\"}]},{\"@type\":\"WebSite\",\"@id\":\"https:\/\/web.azor.com.mx\/#website\",\"url\":\"https:\/\/web.azor.com.mx\/\",\"name\":\"Grupo Azor M\u00e9xico\",\"description\":\"Fabricantes y distribuidores de art\u00edculos escolares y de oficina\",\"publisher\":{\"@id\":\"https:\/\/web.azor.com.mx\/#organization\"},\"potentialAction\":[{\"@type\":\"SearchAction\",\"target\":{\"@type\":\"EntryPoint\",\"urlTemplate\":\"https:\/\/web.azor.com.mx\/?s={search_term_string}\"},\"query-input\":\"required name=search_term_string\"}],\"inLanguage\":\"es\"},{\"@type\":\"Organization\",\"@id\":\"https:\/\/web.azor.com.mx\/#organization\",\"name\":\"Grupo Azor M\u00e9xico\",\"url\":\"https:\/\/web.azor.com.mx\/\",\"logo\":{\"@type\":\"ImageObject\",\"inLanguage\":\"es\",\"@id\":\"https:\/\/web.azor.com.mx\/#\/schema\/logo\/image\/\",\"url\":\"https:\/\/web.azor.com.mx\/wp-content\/uploads\/2023\/10\/cropped-logo-azor-azul-.png\",\"contentUrl\":\"https:\/\/web.azor.com.mx\/wp-content\/uploads\/2023\/10\/cropped-logo-azor-azul-.png\",\"width\":500,\"height\":190,\"caption\":\"Grupo Azor M\u00e9xico\"},\"image\":{\"@id\":\"https:\/\/web.azor.com.mx\/#\/schema\/logo\/image\/\"}}]}<\/script>\n<!-- \/ Yoast SEO plugin. -->","yoast_head_json":{"title":"Despachador de Cinta Grande - Grupo Azor M\u00e9xico","description":"Despachador de cinta tama\u00f1o grande Sabl\u00f3n color negro. Con carrete desmontable para intercambiar las cintas.","robots":{"index":"index","follow":"follow","max-snippet":"max-snippet:-1","max-image-preview":"max-image-preview:large","max-video-preview":"max-video-preview:-1"},"canonical":"https:\/\/web.azor.com.mx\/index.php\/producto\/despachador-cinta-grande\/","og_locale":"es_ES","og_type":"article","og_title":"Despachador de Cinta Grande - Grupo Azor M\u00e9xico","og_description":"Despachador de cinta tama\u00f1o grande Sabl\u00f3n color negro. Con carrete desmontable para intercambiar las cintas.","og_url":"https:\/\/web.azor.com.mx\/index.php\/producto\/despachador-cinta-grande\/","og_site_name":"Grupo Azor M\u00e9xico","article_modified_time":"2023-01-11T23:30:00+00:00","og_image":[{"width":591,"height":591,"url":"https:\/\/web.azor.com.mx\/wp-content\/uploads\/2017\/12\/sablon_despachador_cinta_grande_136_1-1.jpg","type":"image\/jpeg"}],"twitter_card":"summary_large_image","schema":{"@context":"https:\/\/schema.org","@graph":[{"@type":"WebPage","@id":"https:\/\/web.azor.com.mx\/index.php\/producto\/despachador-cinta-grande\/","url":"https:\/\/web.azor.com.mx\/index.php\/producto\/despachador-cinta-grande\/","name":"Despachador de Cinta Grande - Grupo Azor M\u00e9xico","isPartOf":{"@id":"https:\/\/web.azor.com.mx\/#website"},"datePublished":"2017-12-10T19:23:53+00:00","dateModified":"2023-01-11T23:30:00+00:00","description":"Despachador de cinta tama\u00f1o grande Sabl\u00f3n color negro. Con carrete desmontable para intercambiar las cintas.","breadcrumb":{"@id":"https:\/\/web.azor.com.mx\/index.php\/producto\/despachador-cinta-grande\/#breadcrumb"},"inLanguage":"es","potentialAction":[{"@type":"ReadAction","target":["https:\/\/web.azor.com.mx\/index.php\/producto\/despachador-cinta-grande\/"]}]},{"@type":"BreadcrumbList","@id":"https:\/\/web.azor.com.mx\/index.php\/producto\/despachador-cinta-grande\/#breadcrumb","itemListElement":[{"@type":"ListItem","position":1,"name":"Portada","item":"https:\/\/web.azor.com.mx\/"},{"@type":"ListItem","position":2,"name":"tienda","item":"https:\/\/web.azor.com.mx\/index.php\/tienda-2\/"},{"@type":"ListItem","position":3,"name":"Despachador de Cinta Grande"}]},{"@type":"WebSite","@id":"https:\/\/web.azor.com.mx\/#website","url":"https:\/\/web.azor.com.mx\/","name":"Grupo Azor M\u00e9xico","description":"Fabricantes y distribuidores de art\u00edculos escolares y de oficina","publisher":{"@id":"https:\/\/web.azor.com.mx\/#organization"},"potentialAction":[{"@type":"SearchAction","target":{"@type":"EntryPoint","urlTemplate":"https:\/\/web.azor.com.mx\/?s={search_term_string}"},"query-input":"required name=search_term_string"}],"inLanguage":"es"},{"@type":"Organization","@id":"https:\/\/web.azor.com.mx\/#organization","name":"Grupo Azor M\u00e9xico","url":"https:\/\/web.azor.com.mx\/","logo":{"@type":"ImageObject","inLanguage":"es","@id":"https:\/\/web.azor.com.mx\/#\/schema\/logo\/image\/","url":"https:\/\/web.azor.com.mx\/wp-content\/uploads\/2023\/10\/cropped-logo-azor-azul-.png","contentUrl":"https:\/\/web.azor.com.mx\/wp-content\/uploads\/2023\/10\/cropped-logo-azor-azul-.png","width":500,"height":190,"caption":"Grupo Azor M\u00e9xico"},"image":{"@id":"https:\/\/web.azor.com.mx\/#\/schema\/logo\/image\/"}}]}},"jetpack_sharing_enabled":true,"_links":{"self":[{"href":"https:\/\/web.azor.com.mx\/index.php\/wp-json\/wp\/v2\/product\/1574"}],"collection":[{"href":"https:\/\/web.azor.com.mx\/index.php\/wp-json\/wp\/v2\/product"}],"about":[{"href":"https:\/\/web.azor.com.mx\/index.php\/wp-json\/wp\/v2\/types\/product"}],"wp:featuredmedia":[{"embeddable":true,"href":"https:\/\/web.azor.com.mx\/index.php\/wp-json\/wp\/v2\/media\/5647"}],"wp:attachment":[{"href":"https:\/\/web.azor.com.mx\/index.php\/wp-json\/wp\/v2\/media?parent=1574"}],"wp:term":[{"taxonomy":"product_cat","embeddable":true,"href":"https:\/\/web.azor.com.mx\/index.php\/wp-json\/wp\/v2\/product_cat?post=1574"},{"taxonomy":"product_tag","embeddable":true,"href":"https:\/\/web.azor.com.mx\/index.php\/wp-json\/wp\/v2\/product_tag?post=1574"}],"curies":[{"name":"wp","href":"https:\/\/api.w.org\/{rel}","templated":true}]}}