{"id":6301,"date":"2025-01-09T09:48:25","date_gmt":"2025-01-09T15:48:25","guid":{"rendered":"https:\/\/web.azor.com.mx\/?page_id=6301"},"modified":"2025-01-09T10:20:49","modified_gmt":"2025-01-09T16:20:49","slug":"magistral-planner","status":"publish","type":"page","link":"https:\/\/web.azor.com.mx\/index.php\/magistral-planner\/","title":{"rendered":"Magistral Planner"},"content":{"rendered":"\t\t<div data-elementor-type=\"wp-page\" data-elementor-id=\"6301\" class=\"elementor elementor-6301\">\n\t\t\t\t\t\t<section class=\"elementor-section elementor-top-section elementor-element elementor-element-c65a887 elementor-section-full_width elementor-section-stretched elementor-section-height-default elementor-section-height-default\" data-id=\"c65a887\" data-element_type=\"section\" data-settings=\"{&quot;stretch_section&quot;:&quot;section-stretched&quot;}\">\n\t\t\t\t\t\t<div class=\"elementor-container elementor-column-gap-no\">\n\t\t\t\t\t<div class=\"elementor-column elementor-col-100 elementor-top-column elementor-element elementor-element-a63489c\" data-id=\"a63489c\" data-element_type=\"column\">\n\t\t\t<div class=\"elementor-widget-wrap elementor-element-populated\">\n\t\t\t\t\t\t<div class=\"elementor-element elementor-element-2f8bc55 elementor-widget__width-inherit elementor-widget elementor-widget-image\" data-id=\"2f8bc55\" data-element_type=\"widget\" data-widget_type=\"image.default\">\n\t\t\t\t<div class=\"elementor-widget-container\">\n\t\t\t\t\t\t\t\t\t\t\t\t\t<img fetchpriority=\"high\" decoding=\"async\" width=\"1920\" height=\"720\" src=\"https:\/\/web.azor.com.mx\/wp-content\/uploads\/2024\/09\/planner_Hbannner.jpg\" class=\"attachment-2048x2048 size-2048x2048 wp-image-6303\" alt=\"\" srcset=\"https:\/\/web.azor.com.mx\/wp-content\/uploads\/2024\/09\/planner_Hbannner.jpg 1920w, https:\/\/web.azor.com.mx\/wp-content\/uploads\/2024\/09\/planner_Hbannner-300x113.jpg 300w, https:\/\/web.azor.com.mx\/wp-content\/uploads\/2024\/09\/planner_Hbannner-1024x384.jpg 1024w, https:\/\/web.azor.com.mx\/wp-content\/uploads\/2024\/09\/planner_Hbannner-768x288.jpg 768w, https:\/\/web.azor.com.mx\/wp-content\/uploads\/2024\/09\/planner_Hbannner-1536x576.jpg 1536w, https:\/\/web.azor.com.mx\/wp-content\/uploads\/2024\/09\/planner_Hbannner-600x225.jpg 600w, https:\/\/web.azor.com.mx\/wp-content\/uploads\/2024\/09\/planner_Hbannner-1731x649.jpg 1731w\" sizes=\"(max-width: 1920px) 100vw, 1920px\" \/>\t\t\t\t\t\t\t\t\t\t\t\t\t<\/div>\n\t\t\t\t<\/div>\n\t\t\t\t\t<\/div>\n\t\t<\/div>\n\t\t\t\t\t<\/div>\n\t\t<\/section>\n\t\t\t\t<section class=\"elementor-section elementor-top-section elementor-element elementor-element-71ef2ac elementor-section-boxed elementor-section-height-default elementor-section-height-default\" data-id=\"71ef2ac\" data-element_type=\"section\">\n\t\t\t\t\t\t<div class=\"elementor-container elementor-column-gap-default\">\n\t\t\t\t\t<div class=\"elementor-column elementor-col-100 elementor-top-column elementor-element elementor-element-bd745e2\" data-id=\"bd745e2\" data-element_type=\"column\">\n\t\t\t<div class=\"elementor-widget-wrap elementor-element-populated\">\n\t\t\t\t\t\t<div class=\"elementor-element elementor-element-7e1979f elementor-widget elementor-widget-spacer\" data-id=\"7e1979f\" data-element_type=\"widget\" data-widget_type=\"spacer.default\">\n\t\t\t\t<div class=\"elementor-widget-container\">\n\t\t\t\t\t<div class=\"elementor-spacer\">\n\t\t\t<div class=\"elementor-spacer-inner\"><\/div>\n\t\t<\/div>\n\t\t\t\t<\/div>\n\t\t\t\t<\/div>\n\t\t\t\t\t<\/div>\n\t\t<\/div>\n\t\t\t\t\t<\/div>\n\t\t<\/section>\n\t\t\t\t<section class=\"elementor-section elementor-top-section elementor-element elementor-element-14987df elementor-section-boxed elementor-section-height-default elementor-section-height-default\" data-id=\"14987df\" data-element_type=\"section\">\n\t\t\t\t\t\t<div class=\"elementor-container elementor-column-gap-default\">\n\t\t\t\t\t<div class=\"elementor-column elementor-col-100 elementor-top-column elementor-element elementor-element-9245c8b\" data-id=\"9245c8b\" data-element_type=\"column\">\n\t\t\t<div class=\"elementor-widget-wrap elementor-element-populated\">\n\t\t\t\t\t\t<div class=\"elementor-element elementor-element-61e5313 elementor-widget elementor-widget-heading\" data-id=\"61e5313\" data-element_type=\"widget\" data-widget_type=\"heading.default\">\n\t\t\t\t<div class=\"elementor-widget-container\">\n\t\t\t<h2 class=\"elementor-heading-title elementor-size-default\">\u00bfSobre qu\u00e9 superficies lo puedo usar?<\/h2>\t\t<\/div>\n\t\t\t\t<\/div>\n\t\t\t\t\t<\/div>\n\t\t<\/div>\n\t\t\t\t\t<\/div>\n\t\t<\/section>\n\t\t\t\t<section class=\"elementor-section elementor-top-section elementor-element elementor-element-7870b8d elementor-section-full_width elementor-section-stretched elementor-section-height-default elementor-section-height-default\" data-id=\"7870b8d\" data-element_type=\"section\" data-settings=\"{&quot;stretch_section&quot;:&quot;section-stretched&quot;}\">\n\t\t\t\t\t\t<div class=\"elementor-container elementor-column-gap-default\">\n\t\t\t\t\t<div class=\"elementor-column elementor-col-25 elementor-top-column elementor-element elementor-element-327864d\" data-id=\"327864d\" data-element_type=\"column\">\n\t\t\t<div class=\"elementor-widget-wrap elementor-element-populated\">\n\t\t\t\t\t\t<div class=\"elementor-element elementor-element-0a3c49e elementor-arrows-position-inside elementor-pagination-position-outside elementor-widget elementor-widget-image-carousel\" data-id=\"0a3c49e\" data-element_type=\"widget\" data-settings=\"{&quot;slides_to_show&quot;:&quot;1&quot;,&quot;pause_on_hover&quot;:&quot;no&quot;,&quot;navigation&quot;:&quot;both&quot;,&quot;autoplay&quot;:&quot;yes&quot;,&quot;pause_on_interaction&quot;:&quot;yes&quot;,&quot;autoplay_speed&quot;:5000,&quot;infinite&quot;:&quot;yes&quot;,&quot;effect&quot;:&quot;slide&quot;,&quot;speed&quot;:500}\" data-widget_type=\"image-carousel.default\">\n\t\t\t\t<div class=\"elementor-widget-container\">\n\t\t\t\t\t<div class=\"elementor-image-carousel-wrapper swiper-container\" dir=\"ltr\">\n\t\t\t<div class=\"elementor-image-carousel swiper-wrapper\" aria-live=\"off\">\n\t\t\t\t\t\t\t\t<div class=\"swiper-slide\" role=\"group\" aria-roledescription=\"slide\" aria-label=\"1 de 2\"><figure class=\"swiper-slide-inner\"><img decoding=\"async\" class=\"swiper-slide-image\" src=\"https:\/\/web.azor.com.mx\/wp-content\/uploads\/2024\/09\/planner-acrilico.jpg\" alt=\"planner acrilico\" \/><\/figure><\/div><div class=\"swiper-slide\" role=\"group\" aria-roledescription=\"slide\" aria-label=\"2 de 2\"><figure class=\"swiper-slide-inner\"><img decoding=\"async\" class=\"swiper-slide-image\" src=\"https:\/\/web.azor.com.mx\/wp-content\/uploads\/2024\/09\/planner-acrilico1.jpg\" alt=\"planner acrilico1\" \/><\/figure><\/div>\t\t\t<\/div>\n\t\t\t\t\t\t\t\t\t\t\t\t<div class=\"elementor-swiper-button elementor-swiper-button-prev\" role=\"button\" tabindex=\"0\">\n\t\t\t\t\t\t<i aria-hidden=\"true\" class=\"eicon-chevron-left\"><\/i>\t\t\t\t\t<\/div>\n\t\t\t\t\t<div class=\"elementor-swiper-button elementor-swiper-button-next\" role=\"button\" tabindex=\"0\">\n\t\t\t\t\t\t<i aria-hidden=\"true\" class=\"eicon-chevron-right\"><\/i>\t\t\t\t\t<\/div>\n\t\t\t\t\n\t\t\t\t\t\t\t\t\t<div class=\"swiper-pagination\"><\/div>\n\t\t\t\t\t\t\t\t\t<\/div>\n\t\t\t\t<\/div>\n\t\t\t\t<\/div>\n\t\t\t\t<div class=\"elementor-element elementor-element-145a4b2 elementor-widget elementor-widget-heading\" data-id=\"145a4b2\" data-element_type=\"widget\" data-widget_type=\"heading.default\">\n\t\t\t\t<div class=\"elementor-widget-container\">\n\t\t\t<h2 class=\"elementor-heading-title elementor-size-default\">Acr\u00edlico<\/h2>\t\t<\/div>\n\t\t\t\t<\/div>\n\t\t\t\t\t<\/div>\n\t\t<\/div>\n\t\t\t\t<div class=\"elementor-column elementor-col-25 elementor-top-column elementor-element elementor-element-e01523c\" data-id=\"e01523c\" data-element_type=\"column\">\n\t\t\t<div class=\"elementor-widget-wrap elementor-element-populated\">\n\t\t\t\t\t\t<div class=\"elementor-element elementor-element-7cbfd2d elementor-arrows-position-inside elementor-pagination-position-outside elementor-widget elementor-widget-image-carousel\" data-id=\"7cbfd2d\" data-element_type=\"widget\" data-settings=\"{&quot;slides_to_show&quot;:&quot;1&quot;,&quot;pause_on_hover&quot;:&quot;no&quot;,&quot;navigation&quot;:&quot;both&quot;,&quot;autoplay&quot;:&quot;yes&quot;,&quot;pause_on_interaction&quot;:&quot;yes&quot;,&quot;autoplay_speed&quot;:5000,&quot;infinite&quot;:&quot;yes&quot;,&quot;effect&quot;:&quot;slide&quot;,&quot;speed&quot;:500}\" data-widget_type=\"image-carousel.default\">\n\t\t\t\t<div class=\"elementor-widget-container\">\n\t\t\t\t\t<div class=\"elementor-image-carousel-wrapper swiper-container\" dir=\"ltr\">\n\t\t\t<div class=\"elementor-image-carousel swiper-wrapper\" aria-live=\"off\">\n\t\t\t\t\t\t\t\t<div class=\"swiper-slide\" role=\"group\" aria-roledescription=\"slide\" aria-label=\"1 de 3\"><figure class=\"swiper-slide-inner\"><img decoding=\"async\" class=\"swiper-slide-image\" src=\"https:\/\/web.azor.com.mx\/wp-content\/uploads\/2024\/09\/planner_metalico.jpg\" alt=\"planner_metalico\" \/><\/figure><\/div><div class=\"swiper-slide\" role=\"group\" aria-roledescription=\"slide\" aria-label=\"2 de 3\"><figure class=\"swiper-slide-inner\"><img decoding=\"async\" class=\"swiper-slide-image\" src=\"https:\/\/web.azor.com.mx\/wp-content\/uploads\/2024\/09\/planner_metalico1.jpg\" alt=\"planner_metalico1\" \/><\/figure><\/div><div class=\"swiper-slide\" role=\"group\" aria-roledescription=\"slide\" aria-label=\"3 de 3\"><figure class=\"swiper-slide-inner\"><img decoding=\"async\" class=\"swiper-slide-image\" src=\"https:\/\/web.azor.com.mx\/wp-content\/uploads\/2024\/09\/planner_metalico2.jpg\" alt=\"planner_metalico2\" \/><\/figure><\/div>\t\t\t<\/div>\n\t\t\t\t\t\t\t\t\t\t\t\t<div class=\"elementor-swiper-button elementor-swiper-button-prev\" role=\"button\" tabindex=\"0\">\n\t\t\t\t\t\t<i aria-hidden=\"true\" class=\"eicon-chevron-left\"><\/i>\t\t\t\t\t<\/div>\n\t\t\t\t\t<div class=\"elementor-swiper-button elementor-swiper-button-next\" role=\"button\" tabindex=\"0\">\n\t\t\t\t\t\t<i aria-hidden=\"true\" class=\"eicon-chevron-right\"><\/i>\t\t\t\t\t<\/div>\n\t\t\t\t\n\t\t\t\t\t\t\t\t\t<div class=\"swiper-pagination\"><\/div>\n\t\t\t\t\t\t\t\t\t<\/div>\n\t\t\t\t<\/div>\n\t\t\t\t<\/div>\n\t\t\t\t<div class=\"elementor-element elementor-element-207b41d elementor-widget elementor-widget-heading\" data-id=\"207b41d\" data-element_type=\"widget\" data-widget_type=\"heading.default\">\n\t\t\t\t<div class=\"elementor-widget-container\">\n\t\t\t<h2 class=\"elementor-heading-title elementor-size-default\">Metal<\/h2>\t\t<\/div>\n\t\t\t\t<\/div>\n\t\t\t\t\t<\/div>\n\t\t<\/div>\n\t\t\t\t<div class=\"elementor-column elementor-col-25 elementor-top-column elementor-element elementor-element-398ea50\" data-id=\"398ea50\" data-element_type=\"column\">\n\t\t\t<div class=\"elementor-widget-wrap elementor-element-populated\">\n\t\t\t\t\t\t<div class=\"elementor-element elementor-element-2aa4f11 elementor-arrows-position-inside elementor-pagination-position-outside elementor-widget elementor-widget-image-carousel\" data-id=\"2aa4f11\" data-element_type=\"widget\" data-settings=\"{&quot;slides_to_show&quot;:&quot;1&quot;,&quot;pause_on_hover&quot;:&quot;no&quot;,&quot;navigation&quot;:&quot;both&quot;,&quot;autoplay&quot;:&quot;yes&quot;,&quot;pause_on_interaction&quot;:&quot;yes&quot;,&quot;autoplay_speed&quot;:5000,&quot;infinite&quot;:&quot;yes&quot;,&quot;effect&quot;:&quot;slide&quot;,&quot;speed&quot;:500}\" data-widget_type=\"image-carousel.default\">\n\t\t\t\t<div class=\"elementor-widget-container\">\n\t\t\t\t\t<div class=\"elementor-image-carousel-wrapper swiper-container\" dir=\"ltr\">\n\t\t\t<div class=\"elementor-image-carousel swiper-wrapper\" aria-live=\"off\">\n\t\t\t\t\t\t\t\t<div class=\"swiper-slide\" role=\"group\" aria-roledescription=\"slide\" aria-label=\"1 de 2\"><figure class=\"swiper-slide-inner\"><img decoding=\"async\" class=\"swiper-slide-image\" src=\"https:\/\/web.azor.com.mx\/wp-content\/uploads\/2024\/09\/planner_mica1.jpg\" alt=\"planner_mica1\" \/><\/figure><\/div><div class=\"swiper-slide\" role=\"group\" aria-roledescription=\"slide\" aria-label=\"2 de 2\"><figure class=\"swiper-slide-inner\"><img decoding=\"async\" class=\"swiper-slide-image\" src=\"https:\/\/web.azor.com.mx\/wp-content\/uploads\/2024\/09\/planner_mica2.jpg\" alt=\"planner_mica2\" \/><\/figure><\/div>\t\t\t<\/div>\n\t\t\t\t\t\t\t\t\t\t\t\t<div class=\"elementor-swiper-button elementor-swiper-button-prev\" role=\"button\" tabindex=\"0\">\n\t\t\t\t\t\t<i aria-hidden=\"true\" class=\"eicon-chevron-left\"><\/i>\t\t\t\t\t<\/div>\n\t\t\t\t\t<div class=\"elementor-swiper-button elementor-swiper-button-next\" role=\"button\" tabindex=\"0\">\n\t\t\t\t\t\t<i aria-hidden=\"true\" class=\"eicon-chevron-right\"><\/i>\t\t\t\t\t<\/div>\n\t\t\t\t\n\t\t\t\t\t\t\t\t\t<div class=\"swiper-pagination\"><\/div>\n\t\t\t\t\t\t\t\t\t<\/div>\n\t\t\t\t<\/div>\n\t\t\t\t<\/div>\n\t\t\t\t<div class=\"elementor-element elementor-element-4179113 elementor-widget elementor-widget-heading\" data-id=\"4179113\" data-element_type=\"widget\" data-widget_type=\"heading.default\">\n\t\t\t\t<div class=\"elementor-widget-container\">\n\t\t\t<h2 class=\"elementor-heading-title elementor-size-default\">Mica<\/h2>\t\t<\/div>\n\t\t\t\t<\/div>\n\t\t\t\t\t<\/div>\n\t\t<\/div>\n\t\t\t\t<div class=\"elementor-column elementor-col-25 elementor-top-column elementor-element elementor-element-aea9f7b\" data-id=\"aea9f7b\" data-element_type=\"column\">\n\t\t\t<div class=\"elementor-widget-wrap elementor-element-populated\">\n\t\t\t\t\t\t<div class=\"elementor-element elementor-element-fbc3c16 elementor-arrows-position-inside elementor-pagination-position-outside elementor-widget elementor-widget-image-carousel\" data-id=\"fbc3c16\" data-element_type=\"widget\" data-settings=\"{&quot;slides_to_show&quot;:&quot;1&quot;,&quot;pause_on_hover&quot;:&quot;no&quot;,&quot;navigation&quot;:&quot;both&quot;,&quot;autoplay&quot;:&quot;yes&quot;,&quot;pause_on_interaction&quot;:&quot;yes&quot;,&quot;autoplay_speed&quot;:5000,&quot;infinite&quot;:&quot;yes&quot;,&quot;effect&quot;:&quot;slide&quot;,&quot;speed&quot;:500}\" data-widget_type=\"image-carousel.default\">\n\t\t\t\t<div class=\"elementor-widget-container\">\n\t\t\t\t\t<div class=\"elementor-image-carousel-wrapper swiper-container\" dir=\"ltr\">\n\t\t\t<div class=\"elementor-image-carousel swiper-wrapper\" aria-live=\"off\">\n\t\t\t\t\t\t\t\t<div class=\"swiper-slide\" role=\"group\" aria-roledescription=\"slide\" aria-label=\"1 de 2\"><figure class=\"swiper-slide-inner\"><img decoding=\"async\" class=\"swiper-slide-image\" src=\"https:\/\/web.azor.com.mx\/wp-content\/uploads\/2024\/09\/plannerblanco.jpg\" alt=\"plannerblanco\" \/><\/figure><\/div><div class=\"swiper-slide\" role=\"group\" aria-roledescription=\"slide\" aria-label=\"2 de 2\"><figure class=\"swiper-slide-inner\"><img decoding=\"async\" class=\"swiper-slide-image\" src=\"https:\/\/web.azor.com.mx\/wp-content\/uploads\/2024\/09\/plannerblanco2.jpg\" alt=\"plannerblanco2\" \/><\/figure><\/div>\t\t\t<\/div>\n\t\t\t\t\t\t\t\t\t\t\t\t<div class=\"elementor-swiper-button elementor-swiper-button-prev\" role=\"button\" tabindex=\"0\">\n\t\t\t\t\t\t<i aria-hidden=\"true\" class=\"eicon-chevron-left\"><\/i>\t\t\t\t\t<\/div>\n\t\t\t\t\t<div class=\"elementor-swiper-button elementor-swiper-button-next\" role=\"button\" tabindex=\"0\">\n\t\t\t\t\t\t<i aria-hidden=\"true\" class=\"eicon-chevron-right\"><\/i>\t\t\t\t\t<\/div>\n\t\t\t\t\n\t\t\t\t\t\t\t\t\t<div class=\"swiper-pagination\"><\/div>\n\t\t\t\t\t\t\t\t\t<\/div>\n\t\t\t\t<\/div>\n\t\t\t\t<\/div>\n\t\t\t\t<div class=\"elementor-element elementor-element-16409a6 elementor-widget elementor-widget-heading\" data-id=\"16409a6\" data-element_type=\"widget\" data-widget_type=\"heading.default\">\n\t\t\t\t<div class=\"elementor-widget-container\">\n\t\t\t<h2 class=\"elementor-heading-title elementor-size-default\">Pl\u00e1stico<\/h2>\t\t<\/div>\n\t\t\t\t<\/div>\n\t\t\t\t\t<\/div>\n\t\t<\/div>\n\t\t\t\t\t<\/div>\n\t\t<\/section>\n\t\t\t\t<section class=\"elementor-section elementor-top-section elementor-element elementor-element-8d7c9ae elementor-section-boxed elementor-section-height-default elementor-section-height-default\" data-id=\"8d7c9ae\" data-element_type=\"section\">\n\t\t\t\t\t\t<div class=\"elementor-container elementor-column-gap-default\">\n\t\t\t\t\t<div class=\"elementor-column elementor-col-100 elementor-top-column elementor-element elementor-element-4edf743\" data-id=\"4edf743\" data-element_type=\"column\">\n\t\t\t<div class=\"elementor-widget-wrap\">\n\t\t\t\t\t\t\t<\/div>\n\t\t<\/div>\n\t\t\t\t\t<\/div>\n\t\t<\/section>\n\t\t\t\t<section class=\"elementor-section elementor-top-section elementor-element elementor-element-13b3cd5 elementor-section-full_width elementor-section-stretched elementor-section-height-default elementor-section-height-default\" data-id=\"13b3cd5\" data-element_type=\"section\" data-settings=\"{&quot;stretch_section&quot;:&quot;section-stretched&quot;}\">\n\t\t\t\t\t\t<div class=\"elementor-container elementor-column-gap-default\">\n\t\t\t\t\t<div class=\"elementor-column elementor-col-100 elementor-top-column elementor-element elementor-element-310c9b4\" data-id=\"310c9b4\" data-element_type=\"column\">\n\t\t\t<div class=\"elementor-widget-wrap elementor-element-populated\">\n\t\t\t\t\t\t<div class=\"elementor-element elementor-element-9b30941 elementor-widget elementor-widget-image\" data-id=\"9b30941\" data-element_type=\"widget\" data-widget_type=\"image.default\">\n\t\t\t\t<div class=\"elementor-widget-container\">\n\t\t\t\t\t\t\t\t\t\t\t\t\t<img decoding=\"async\" width=\"1900\" height=\"1189\" src=\"https:\/\/web.azor.com.mx\/wp-content\/uploads\/2024\/09\/Bbanner_planner.jpg\" class=\"attachment-2048x2048 size-2048x2048 wp-image-6314\" alt=\"\" srcset=\"https:\/\/web.azor.com.mx\/wp-content\/uploads\/2024\/09\/Bbanner_planner.jpg 1900w, https:\/\/web.azor.com.mx\/wp-content\/uploads\/2024\/09\/Bbanner_planner-300x188.jpg 300w, https:\/\/web.azor.com.mx\/wp-content\/uploads\/2024\/09\/Bbanner_planner-1024x641.jpg 1024w, https:\/\/web.azor.com.mx\/wp-content\/uploads\/2024\/09\/Bbanner_planner-768x481.jpg 768w, https:\/\/web.azor.com.mx\/wp-content\/uploads\/2024\/09\/Bbanner_planner-1536x961.jpg 1536w, https:\/\/web.azor.com.mx\/wp-content\/uploads\/2024\/09\/Bbanner_planner-600x375.jpg 600w, https:\/\/web.azor.com.mx\/wp-content\/uploads\/2024\/09\/Bbanner_planner-1037x649.jpg 1037w\" sizes=\"(max-width: 1900px) 100vw, 1900px\" \/>\t\t\t\t\t\t\t\t\t\t\t\t\t<\/div>\n\t\t\t\t<\/div>\n\t\t\t\t\t<\/div>\n\t\t<\/div>\n\t\t\t\t\t<\/div>\n\t\t<\/section>\n\t\t\t\t<section class=\"elementor-section elementor-top-section elementor-element elementor-element-ec8e8a3 elementor-section-full_width elementor-section-stretched elementor-section-height-default elementor-section-height-default\" data-id=\"ec8e8a3\" data-element_type=\"section\" data-settings=\"{&quot;stretch_section&quot;:&quot;section-stretched&quot;}\">\n\t\t\t\t\t\t<div class=\"elementor-container elementor-column-gap-no\">\n\t\t\t\t\t<div class=\"elementor-column elementor-col-100 elementor-top-column elementor-element elementor-element-63afd1f\" data-id=\"63afd1f\" data-element_type=\"column\">\n\t\t\t<div class=\"elementor-widget-wrap\">\n\t\t\t\t\t\t\t<\/div>\n\t\t<\/div>\n\t\t\t\t\t<\/div>\n\t\t<\/section>\n\t\t\t\t<\/div>\n\t\t","protected":false},"excerpt":{"rendered":"\u00bfSobre qu\u00e9 superficies lo puedo usar? Acr\u00edlico Metal Mica Pl\u00e1stico","protected":false},"author":10,"featured_media":0,"parent":0,"menu_order":0,"comment_status":"closed","ping_status":"closed","template":"","meta":{"_exactmetrics_skip_tracking":false,"_exactmetrics_sitenote_active":false,"_exactmetrics_sitenote_note":"","_exactmetrics_sitenote_category":0,"_monsterinsights_skip_tracking":false,"_monsterinsights_sitenote_active":false,"_monsterinsights_sitenote_note":"","_monsterinsights_sitenote_category":0,"generate_page_header":"","jetpack_post_was_ever_published":false,"footnotes":""},"yoast_head":"<!-- This site is optimized with the Yoast SEO plugin v22.1 - https:\/\/yoast.com\/wordpress\/plugins\/seo\/ -->\n<title>Magistral Planner - Grupo Azor M\u00e9xico<\/title>\n<meta name=\"robots\" content=\"index, follow, max-snippet:-1, max-image-preview:large, max-video-preview:-1\" \/>\n<link rel=\"canonical\" href=\"https:\/\/web.azor.com.mx\/index.php\/magistral-planner\/\" \/>\n<meta property=\"og:locale\" content=\"es_ES\" \/>\n<meta property=\"og:type\" content=\"article\" \/>\n<meta property=\"og:title\" content=\"Magistral Planner - Grupo Azor M\u00e9xico\" \/>\n<meta property=\"og:description\" content=\"\u00bfSobre qu\u00e9 superficies lo puedo usar? Acr\u00edlico Metal Mica Pl\u00e1stico\" \/>\n<meta property=\"og:url\" content=\"https:\/\/web.azor.com.mx\/index.php\/magistral-planner\/\" \/>\n<meta property=\"og:site_name\" content=\"Grupo Azor M\u00e9xico\" \/>\n<meta property=\"article:modified_time\" content=\"2025-01-09T16:20:49+00:00\" \/>\n<meta property=\"og:image\" content=\"https:\/\/web.azor.com.mx\/wp-content\/uploads\/2024\/09\/planner_Hbannner.jpg\" \/>\n<meta name=\"twitter:card\" content=\"summary_large_image\" \/>\n<meta name=\"twitter:label1\" content=\"Tiempo de lectura\" \/>\n\t<meta name=\"twitter:data1\" content=\"3 minutos\" \/>\n<script type=\"application\/ld+json\" class=\"yoast-schema-graph\">{\"@context\":\"https:\/\/schema.org\",\"@graph\":[{\"@type\":\"WebPage\",\"@id\":\"https:\/\/web.azor.com.mx\/index.php\/magistral-planner\/\",\"url\":\"https:\/\/web.azor.com.mx\/index.php\/magistral-planner\/\",\"name\":\"Magistral Planner - Grupo Azor M\u00e9xico\",\"isPartOf\":{\"@id\":\"https:\/\/web.azor.com.mx\/#website\"},\"datePublished\":\"2025-01-09T15:48:25+00:00\",\"dateModified\":\"2025-01-09T16:20:49+00:00\",\"breadcrumb\":{\"@id\":\"https:\/\/web.azor.com.mx\/index.php\/magistral-planner\/#breadcrumb\"},\"inLanguage\":\"es\",\"potentialAction\":[{\"@type\":\"ReadAction\",\"target\":[\"https:\/\/web.azor.com.mx\/index.php\/magistral-planner\/\"]}]},{\"@type\":\"BreadcrumbList\",\"@id\":\"https:\/\/web.azor.com.mx\/index.php\/magistral-planner\/#breadcrumb\",\"itemListElement\":[{\"@type\":\"ListItem\",\"position\":1,\"name\":\"Portada\",\"item\":\"https:\/\/web.azor.com.mx\/\"},{\"@type\":\"ListItem\",\"position\":2,\"name\":\"Magistral Planner\"}]},{\"@type\":\"WebSite\",\"@id\":\"https:\/\/web.azor.com.mx\/#website\",\"url\":\"https:\/\/web.azor.com.mx\/\",\"name\":\"Grupo Azor M\u00e9xico\",\"description\":\"Fabricantes y distribuidores de art\u00edculos escolares y de oficina\",\"publisher\":{\"@id\":\"https:\/\/web.azor.com.mx\/#organization\"},\"potentialAction\":[{\"@type\":\"SearchAction\",\"target\":{\"@type\":\"EntryPoint\",\"urlTemplate\":\"https:\/\/web.azor.com.mx\/?s={search_term_string}\"},\"query-input\":\"required name=search_term_string\"}],\"inLanguage\":\"es\"},{\"@type\":\"Organization\",\"@id\":\"https:\/\/web.azor.com.mx\/#organization\",\"name\":\"Grupo Azor M\u00e9xico\",\"url\":\"https:\/\/web.azor.com.mx\/\",\"logo\":{\"@type\":\"ImageObject\",\"inLanguage\":\"es\",\"@id\":\"https:\/\/web.azor.com.mx\/#\/schema\/logo\/image\/\",\"url\":\"https:\/\/web.azor.com.mx\/wp-content\/uploads\/2023\/10\/cropped-logo-azor-azul-.png\",\"contentUrl\":\"https:\/\/web.azor.com.mx\/wp-content\/uploads\/2023\/10\/cropped-logo-azor-azul-.png\",\"width\":500,\"height\":190,\"caption\":\"Grupo Azor M\u00e9xico\"},\"image\":{\"@id\":\"https:\/\/web.azor.com.mx\/#\/schema\/logo\/image\/\"}}]}<\/script>\n<!-- \/ Yoast SEO plugin. -->","yoast_head_json":{"title":"Magistral Planner - Grupo Azor M\u00e9xico","robots":{"index":"index","follow":"follow","max-snippet":"max-snippet:-1","max-image-preview":"max-image-preview:large","max-video-preview":"max-video-preview:-1"},"canonical":"https:\/\/web.azor.com.mx\/index.php\/magistral-planner\/","og_locale":"es_ES","og_type":"article","og_title":"Magistral Planner - Grupo Azor M\u00e9xico","og_description":"\u00bfSobre qu\u00e9 superficies lo puedo usar? Acr\u00edlico Metal Mica Pl\u00e1stico","og_url":"https:\/\/web.azor.com.mx\/index.php\/magistral-planner\/","og_site_name":"Grupo Azor M\u00e9xico","article_modified_time":"2025-01-09T16:20:49+00:00","og_image":[{"url":"https:\/\/web.azor.com.mx\/wp-content\/uploads\/2024\/09\/planner_Hbannner.jpg"}],"twitter_card":"summary_large_image","twitter_misc":{"Tiempo de lectura":"3 minutos"},"schema":{"@context":"https:\/\/schema.org","@graph":[{"@type":"WebPage","@id":"https:\/\/web.azor.com.mx\/index.php\/magistral-planner\/","url":"https:\/\/web.azor.com.mx\/index.php\/magistral-planner\/","name":"Magistral Planner - Grupo Azor M\u00e9xico","isPartOf":{"@id":"https:\/\/web.azor.com.mx\/#website"},"datePublished":"2025-01-09T15:48:25+00:00","dateModified":"2025-01-09T16:20:49+00:00","breadcrumb":{"@id":"https:\/\/web.azor.com.mx\/index.php\/magistral-planner\/#breadcrumb"},"inLanguage":"es","potentialAction":[{"@type":"ReadAction","target":["https:\/\/web.azor.com.mx\/index.php\/magistral-planner\/"]}]},{"@type":"BreadcrumbList","@id":"https:\/\/web.azor.com.mx\/index.php\/magistral-planner\/#breadcrumb","itemListElement":[{"@type":"ListItem","position":1,"name":"Portada","item":"https:\/\/web.azor.com.mx\/"},{"@type":"ListItem","position":2,"name":"Magistral Planner"}]},{"@type":"WebSite","@id":"https:\/\/web.azor.com.mx\/#website","url":"https:\/\/web.azor.com.mx\/","name":"Grupo Azor M\u00e9xico","description":"Fabricantes y distribuidores de art\u00edculos escolares y de oficina","publisher":{"@id":"https:\/\/web.azor.com.mx\/#organization"},"potentialAction":[{"@type":"SearchAction","target":{"@type":"EntryPoint","urlTemplate":"https:\/\/web.azor.com.mx\/?s={search_term_string}"},"query-input":"required name=search_term_string"}],"inLanguage":"es"},{"@type":"Organization","@id":"https:\/\/web.azor.com.mx\/#organization","name":"Grupo Azor M\u00e9xico","url":"https:\/\/web.azor.com.mx\/","logo":{"@type":"ImageObject","inLanguage":"es","@id":"https:\/\/web.azor.com.mx\/#\/schema\/logo\/image\/","url":"https:\/\/web.azor.com.mx\/wp-content\/uploads\/2023\/10\/cropped-logo-azor-azul-.png","contentUrl":"https:\/\/web.azor.com.mx\/wp-content\/uploads\/2023\/10\/cropped-logo-azor-azul-.png","width":500,"height":190,"caption":"Grupo Azor M\u00e9xico"},"image":{"@id":"https:\/\/web.azor.com.mx\/#\/schema\/logo\/image\/"}}]}},"jetpack_sharing_enabled":true,"jetpack_shortlink":"https:\/\/wp.me\/P9lBFi-1DD","_links":{"self":[{"href":"https:\/\/web.azor.com.mx\/index.php\/wp-json\/wp\/v2\/pages\/6301"}],"collection":[{"href":"https:\/\/web.azor.com.mx\/index.php\/wp-json\/wp\/v2\/pages"}],"about":[{"href":"https:\/\/web.azor.com.mx\/index.php\/wp-json\/wp\/v2\/types\/page"}],"author":[{"embeddable":true,"href":"https:\/\/web.azor.com.mx\/index.php\/wp-json\/wp\/v2\/users\/10"}],"replies":[{"embeddable":true,"href":"https:\/\/web.azor.com.mx\/index.php\/wp-json\/wp\/v2\/comments?post=6301"}],"version-history":[{"count":13,"href":"https:\/\/web.azor.com.mx\/index.php\/wp-json\/wp\/v2\/pages\/6301\/revisions"}],"predecessor-version":[{"id":6620,"href":"https:\/\/web.azor.com.mx\/index.php\/wp-json\/wp\/v2\/pages\/6301\/revisions\/6620"}],"wp:attachment":[{"href":"https:\/\/web.azor.com.mx\/index.php\/wp-json\/wp\/v2\/media?parent=6301"}],"curies":[{"name":"wp","href":"https:\/\/api.w.org\/{rel}","templated":true}]}}