{"id":4394,"date":"2020-07-01T16:23:52","date_gmt":"2020-07-01T22:23:52","guid":{"rendered":"http:\/\/web.azor.com.mx\/?page_id=4394"},"modified":"2020-08-20T14:55:55","modified_gmt":"2020-08-20T20:55:55","slug":"comprar-en-linea-honduras","status":"publish","type":"page","link":"https:\/\/web.azor.com.mx\/index.php\/comprar-en-linea-honduras\/","title":{"rendered":"Comprar en L\u00ednea Honduras"},"content":{"rendered":"\t\t<div data-elementor-type=\"wp-page\" data-elementor-id=\"4394\" class=\"elementor elementor-4394\">\n\t\t\t\t\t\t<section class=\"elementor-section elementor-top-section elementor-element elementor-element-609c4037 elementor-section-boxed elementor-section-height-default elementor-section-height-default\" data-id=\"609c4037\" data-element_type=\"section\">\n\t\t\t\t\t\t<div class=\"elementor-container elementor-column-gap-default\">\n\t\t\t\t\t<div class=\"elementor-column elementor-col-100 elementor-top-column elementor-element elementor-element-589f56a3\" data-id=\"589f56a3\" data-element_type=\"column\">\n\t\t\t<div class=\"elementor-widget-wrap elementor-element-populated\">\n\t\t\t\t\t\t<div class=\"elementor-element elementor-element-697f646f elementor-widget elementor-widget-text-editor\" data-id=\"697f646f\" data-element_type=\"widget\" data-widget_type=\"text-editor.default\">\n\t\t\t\t<div class=\"elementor-widget-container\">\n\t\t\t\t\t\t\t<!-- wp:fl-builder\/layout \/-->\t\t\t\t\t\t<\/div>\n\t\t\t\t<\/div>\n\t\t\t\t\t<\/div>\n\t\t<\/div>\n\t\t\t\t\t<\/div>\n\t\t<\/section>\n\t\t\t\t<section class=\"elementor-section elementor-top-section elementor-element elementor-element-3ef3b23 elementor-section-boxed elementor-section-height-default elementor-section-height-default\" data-id=\"3ef3b23\" data-element_type=\"section\">\n\t\t\t\t\t\t<div class=\"elementor-container elementor-column-gap-default\">\n\t\t\t\t\t<div class=\"elementor-column elementor-col-100 elementor-top-column elementor-element elementor-element-8e8a713\" data-id=\"8e8a713\" data-element_type=\"column\">\n\t\t\t<div class=\"elementor-widget-wrap elementor-element-populated\">\n\t\t\t\t\t\t<div class=\"elementor-element elementor-element-b0b9e80 elementor-widget elementor-widget-heading\" data-id=\"b0b9e80\" data-element_type=\"widget\" data-widget_type=\"heading.default\">\n\t\t\t\t<div class=\"elementor-widget-container\">\n\t\t\t<h2 class=\"elementor-heading-title elementor-size-default\">Comprar en L\u00ednea<\/h2>\t\t<\/div>\n\t\t\t\t<\/div>\n\t\t\t\t\t<\/div>\n\t\t<\/div>\n\t\t\t\t\t<\/div>\n\t\t<\/section>\n\t\t\t\t<section class=\"elementor-section elementor-top-section elementor-element elementor-element-d363b1d elementor-section-boxed elementor-section-height-default elementor-section-height-default\" data-id=\"d363b1d\" data-element_type=\"section\">\n\t\t\t\t\t\t<div class=\"elementor-container elementor-column-gap-default\">\n\t\t\t\t\t<div class=\"elementor-column elementor-col-100 elementor-top-column elementor-element elementor-element-41019a4\" data-id=\"41019a4\" data-element_type=\"column\">\n\t\t\t<div class=\"elementor-widget-wrap elementor-element-populated\">\n\t\t\t\t\t\t<div class=\"elementor-element elementor-element-69613bf elementor-widget elementor-widget-text-editor\" data-id=\"69613bf\" data-element_type=\"widget\" data-widget_type=\"text-editor.default\">\n\t\t\t\t<div class=\"elementor-widget-container\">\n\t\t\t\t\t\t\t<p style=\"text-align: center;\">Selecciona tu Departamento o Municipio para ver los distribuidores que pueden ayudarte en:<\/p>\t\t\t\t\t\t<\/div>\n\t\t\t\t<\/div>\n\t\t\t\t\t<\/div>\n\t\t<\/div>\n\t\t\t\t\t<\/div>\n\t\t<\/section>\n\t\t\t\t<section class=\"elementor-section elementor-top-section elementor-element elementor-element-709a899 elementor-section-boxed elementor-section-height-default elementor-section-height-default\" data-id=\"709a899\" data-element_type=\"section\">\n\t\t\t\t\t\t<div class=\"elementor-container elementor-column-gap-default\">\n\t\t\t\t\t<div class=\"elementor-column elementor-col-33 elementor-top-column elementor-element elementor-element-45faa92\" data-id=\"45faa92\" data-element_type=\"column\">\n\t\t\t<div class=\"elementor-widget-wrap\">\n\t\t\t\t\t\t\t<\/div>\n\t\t<\/div>\n\t\t\t\t<div class=\"elementor-column elementor-col-33 elementor-top-column elementor-element elementor-element-505400c\" data-id=\"505400c\" data-element_type=\"column\">\n\t\t\t<div class=\"elementor-widget-wrap elementor-element-populated\">\n\t\t\t\t\t\t<div class=\"elementor-element elementor-element-0037367 elementor-widget elementor-widget-image\" data-id=\"0037367\" data-element_type=\"widget\" data-widget_type=\"image.default\">\n\t\t\t\t<div class=\"elementor-widget-container\">\n\t\t\t\t\t\t\t\t\t\t\t\t\t<img fetchpriority=\"high\" decoding=\"async\" width=\"525\" height=\"301\" src=\"https:\/\/web.azor.com.mx\/wp-content\/uploads\/2020\/07\/bandera_honduras.jpg\" class=\"attachment-large size-large wp-image-4386\" alt=\"\" srcset=\"https:\/\/web.azor.com.mx\/wp-content\/uploads\/2020\/07\/bandera_honduras.jpg 525w, https:\/\/web.azor.com.mx\/wp-content\/uploads\/2020\/07\/bandera_honduras-300x172.jpg 300w\" sizes=\"(max-width: 525px) 100vw, 525px\" \/>\t\t\t\t\t\t\t\t\t\t\t\t\t<\/div>\n\t\t\t\t<\/div>\n\t\t\t\t<div class=\"elementor-element elementor-element-8c0b9b3 elementor-widget elementor-widget-text-editor\" data-id=\"8c0b9b3\" data-element_type=\"widget\" data-widget_type=\"text-editor.default\">\n\t\t\t\t<div class=\"elementor-widget-container\">\n\t\t\t\t\t\t\t<p>Honduras<\/p>\t\t\t\t\t\t<\/div>\n\t\t\t\t<\/div>\n\t\t\t\t\t<\/div>\n\t\t<\/div>\n\t\t\t\t<div class=\"elementor-column elementor-col-33 elementor-top-column elementor-element elementor-element-44cf60d\" data-id=\"44cf60d\" data-element_type=\"column\">\n\t\t\t<div class=\"elementor-widget-wrap\">\n\t\t\t\t\t\t\t<\/div>\n\t\t<\/div>\n\t\t\t\t\t<\/div>\n\t\t<\/section>\n\t\t\t\t<section class=\"elementor-section elementor-top-section elementor-element elementor-element-de93d72 elementor-hidden-tablet elementor-hidden-phone elementor-section-boxed elementor-section-height-default elementor-section-height-default\" data-id=\"de93d72\" data-element_type=\"section\">\n\t\t\t\t\t\t<div class=\"elementor-container elementor-column-gap-default\">\n\t\t\t\t\t<div class=\"elementor-column elementor-col-100 elementor-top-column elementor-element elementor-element-b20ae55\" data-id=\"b20ae55\" data-element_type=\"column\">\n\t\t\t<div class=\"elementor-widget-wrap elementor-element-populated\">\n\t\t\t\t\t\t<div class=\"elementor-element elementor-element-220b889 elementor-widget elementor-widget-accordion\" data-id=\"220b889\" data-element_type=\"widget\" data-widget_type=\"accordion.default\">\n\t\t\t\t<div class=\"elementor-widget-container\">\n\t\t\t\t\t<div class=\"elementor-accordion\">\n\t\t\t\t\t\t\t<div class=\"elementor-accordion-item\">\n\t\t\t\t\t<div id=\"elementor-tab-title-3561\" class=\"elementor-tab-title\" data-tab=\"1\" role=\"button\" aria-controls=\"elementor-tab-content-3561\" aria-expanded=\"false\">\n\t\t\t\t\t\t\t\t\t\t\t\t\t<span class=\"elementor-accordion-icon elementor-accordion-icon-left\" aria-hidden=\"true\">\n\t\t\t\t\t\t\t\t\t\t\t\t\t\t\t<span class=\"elementor-accordion-icon-closed\"><i class=\"fas fa-plus\"><\/i><\/span>\n\t\t\t\t\t\t\t\t<span class=\"elementor-accordion-icon-opened\"><i class=\"fas fa-minus\"><\/i><\/span>\n\t\t\t\t\t\t\t\t\t\t\t\t\t\t<\/span>\n\t\t\t\t\t\t\t\t\t\t\t\t<a class=\"elementor-accordion-title\" tabindex=\"0\">Nivel Nacional<\/a>\n\t\t\t\t\t<\/div>\n\t\t\t\t\t<div id=\"elementor-tab-content-3561\" class=\"elementor-tab-content elementor-clearfix\" data-tab=\"1\" role=\"region\" aria-labelledby=\"elementor-tab-title-3561\"><p><a href=\"https:\/\/www.pacasa.hn\/?s=azor&amp;post_type=product\" target=\"_blank\" rel=\"noopener\"><img decoding=\"async\" class=\"wp-image-4396 size-thumbnail alignleft\" src=\"http:\/\/web.azor.com.mx\/wp-content\/uploads\/2020\/07\/honduras-pacasa-01-150x150.jpg\" alt=\"\" width=\"150\" height=\"150\" srcset=\"https:\/\/web.azor.com.mx\/wp-content\/uploads\/2020\/07\/honduras-pacasa-01-150x150.jpg 150w, https:\/\/web.azor.com.mx\/wp-content\/uploads\/2020\/07\/honduras-pacasa-01-300x300.jpg 300w, https:\/\/web.azor.com.mx\/wp-content\/uploads\/2020\/07\/honduras-pacasa-01-100x100.jpg 100w, https:\/\/web.azor.com.mx\/wp-content\/uploads\/2020\/07\/honduras-pacasa-01.jpg 592w\" sizes=\"(max-width: 150px) 100vw, 150px\" \/><\/a><a href=\"https:\/\/www.officedepot.com.hn\/officedepotHN\/en\/search\/?text=azor\"><img decoding=\"async\" class=\"size-thumbnail wp-image-4670 alignleft\" src=\"http:\/\/web.azor.com.mx\/wp-content\/uploads\/2020\/08\/OD-1200x1200-1-150x150.jpg\" alt=\"\" width=\"150\" height=\"150\" srcset=\"https:\/\/web.azor.com.mx\/wp-content\/uploads\/2020\/08\/OD-1200x1200-1-150x150.jpg 150w, https:\/\/web.azor.com.mx\/wp-content\/uploads\/2020\/08\/OD-1200x1200-1-300x300.jpg 300w, https:\/\/web.azor.com.mx\/wp-content\/uploads\/2020\/08\/OD-1200x1200-1-1024x1024.jpg 1024w, https:\/\/web.azor.com.mx\/wp-content\/uploads\/2020\/08\/OD-1200x1200-1-768x768.jpg 768w, https:\/\/web.azor.com.mx\/wp-content\/uploads\/2020\/08\/OD-1200x1200-1-600x600.jpg 600w, https:\/\/web.azor.com.mx\/wp-content\/uploads\/2020\/08\/OD-1200x1200-1-100x100.jpg 100w, https:\/\/web.azor.com.mx\/wp-content\/uploads\/2020\/08\/OD-1200x1200-1.jpg 1200w\" sizes=\"(max-width: 150px) 100vw, 150px\" \/><\/a><\/p><\/div>\n\t\t\t\t<\/div>\n\t\t\t\t\t\t\t\t<\/div>\n\t\t\t\t<\/div>\n\t\t\t\t<\/div>\n\t\t\t\t\t<\/div>\n\t\t<\/div>\n\t\t\t\t\t<\/div>\n\t\t<\/section>\n\t\t\t\t<section class=\"elementor-section elementor-top-section elementor-element elementor-element-6221d6a elementor-hidden-desktop elementor-section-boxed elementor-section-height-default elementor-section-height-default\" data-id=\"6221d6a\" data-element_type=\"section\">\n\t\t\t\t\t\t<div class=\"elementor-container elementor-column-gap-default\">\n\t\t\t\t\t<div class=\"elementor-column elementor-col-100 elementor-top-column elementor-element elementor-element-8d6a51d\" data-id=\"8d6a51d\" data-element_type=\"column\">\n\t\t\t<div class=\"elementor-widget-wrap elementor-element-populated\">\n\t\t\t\t\t\t<div class=\"elementor-element elementor-element-5a51fb6 elementor-widget elementor-widget-accordion\" data-id=\"5a51fb6\" data-element_type=\"widget\" data-widget_type=\"accordion.default\">\n\t\t\t\t<div class=\"elementor-widget-container\">\n\t\t\t\t\t<div class=\"elementor-accordion\">\n\t\t\t\t\t\t\t<div class=\"elementor-accordion-item\">\n\t\t\t\t\t<div id=\"elementor-tab-title-9471\" class=\"elementor-tab-title\" data-tab=\"1\" role=\"button\" aria-controls=\"elementor-tab-content-9471\" aria-expanded=\"false\">\n\t\t\t\t\t\t\t\t\t\t\t\t\t<span class=\"elementor-accordion-icon elementor-accordion-icon-left\" aria-hidden=\"true\">\n\t\t\t\t\t\t\t\t\t\t\t\t\t\t\t<span class=\"elementor-accordion-icon-closed\"><i class=\"fas fa-plus\"><\/i><\/span>\n\t\t\t\t\t\t\t\t<span class=\"elementor-accordion-icon-opened\"><i class=\"fas fa-minus\"><\/i><\/span>\n\t\t\t\t\t\t\t\t\t\t\t\t\t\t<\/span>\n\t\t\t\t\t\t\t\t\t\t\t\t<a class=\"elementor-accordion-title\" tabindex=\"0\">Nivel Nacional<\/a>\n\t\t\t\t\t<\/div>\n\t\t\t\t\t<div id=\"elementor-tab-content-9471\" class=\"elementor-tab-content elementor-clearfix\" data-tab=\"1\" role=\"region\" aria-labelledby=\"elementor-tab-title-9471\"><p><a href=\"https:\/\/www.pacasa.hn\/?s=azor&amp;post_type=product\" target=\"_blank\" rel=\"noopener\"><img loading=\"lazy\" decoding=\"async\" class=\"wp-image-4396 size-thumbnail aligncenter\" src=\"http:\/\/web.azor.com.mx\/wp-content\/uploads\/2020\/07\/honduras-pacasa-01-150x150.jpg\" alt=\"\" width=\"150\" height=\"150\" srcset=\"https:\/\/web.azor.com.mx\/wp-content\/uploads\/2020\/07\/honduras-pacasa-01-150x150.jpg 150w, https:\/\/web.azor.com.mx\/wp-content\/uploads\/2020\/07\/honduras-pacasa-01-300x300.jpg 300w, https:\/\/web.azor.com.mx\/wp-content\/uploads\/2020\/07\/honduras-pacasa-01-100x100.jpg 100w, https:\/\/web.azor.com.mx\/wp-content\/uploads\/2020\/07\/honduras-pacasa-01.jpg 592w\" sizes=\"(max-width: 150px) 100vw, 150px\" \/><\/a><\/p>\n<p><a href=\"https:\/\/www.officedepot.com.hn\/officedepotHN\/en\/search\/?text=azor\"><img loading=\"lazy\" decoding=\"async\" class=\"size-thumbnail wp-image-4670 aligncenter\" src=\"http:\/\/web.azor.com.mx\/wp-content\/uploads\/2020\/08\/OD-1200x1200-1-150x150.jpg\" alt=\"\" width=\"150\" height=\"150\" srcset=\"https:\/\/web.azor.com.mx\/wp-content\/uploads\/2020\/08\/OD-1200x1200-1-150x150.jpg 150w, https:\/\/web.azor.com.mx\/wp-content\/uploads\/2020\/08\/OD-1200x1200-1-300x300.jpg 300w, https:\/\/web.azor.com.mx\/wp-content\/uploads\/2020\/08\/OD-1200x1200-1-1024x1024.jpg 1024w, https:\/\/web.azor.com.mx\/wp-content\/uploads\/2020\/08\/OD-1200x1200-1-768x768.jpg 768w, https:\/\/web.azor.com.mx\/wp-content\/uploads\/2020\/08\/OD-1200x1200-1-600x600.jpg 600w, https:\/\/web.azor.com.mx\/wp-content\/uploads\/2020\/08\/OD-1200x1200-1-100x100.jpg 100w, https:\/\/web.azor.com.mx\/wp-content\/uploads\/2020\/08\/OD-1200x1200-1.jpg 1200w\" sizes=\"(max-width: 150px) 100vw, 150px\" \/><\/a><\/p><\/div>\n\t\t\t\t<\/div>\n\t\t\t\t\t\t\t\t<\/div>\n\t\t\t\t<\/div>\n\t\t\t\t<\/div>\n\t\t\t\t\t<\/div>\n\t\t<\/div>\n\t\t\t\t\t<\/div>\n\t\t<\/section>\n\t\t\t\t<\/div>\n\t\t","protected":false},"excerpt":{"rendered":"Comprar en L\u00ednea Selecciona tu Departamento o Municipio para ver los distribuidores que pueden ayudarte en: Honduras Nivel Nacional Nivel Nacional","protected":false},"author":8,"featured_media":0,"parent":0,"menu_order":0,"comment_status":"closed","ping_status":"closed","template":"","meta":{"_exactmetrics_skip_tracking":false,"_exactmetrics_sitenote_active":false,"_exactmetrics_sitenote_note":"","_exactmetrics_sitenote_category":0,"_monsterinsights_skip_tracking":false,"_monsterinsights_sitenote_active":false,"_monsterinsights_sitenote_note":"","_monsterinsights_sitenote_category":0,"generate_page_header":"","jetpack_post_was_ever_published":false,"footnotes":""},"yoast_head":"<!-- This site is optimized with the Yoast SEO plugin v22.1 - https:\/\/yoast.com\/wordpress\/plugins\/seo\/ -->\n<title>Comprar en L\u00ednea Honduras - Grupo Azor M\u00e9xico<\/title>\n<meta name=\"description\" content=\"Grupos Azor pone a tu disposici\u00f3n su red de Distribuidores Autorizados que ofrecen compra en l\u00ednea de sus productos - Honduras\" \/>\n<meta name=\"robots\" content=\"index, follow, max-snippet:-1, max-image-preview:large, max-video-preview:-1\" \/>\n<link rel=\"canonical\" href=\"https:\/\/web.azor.com.mx\/index.php\/comprar-en-linea-honduras\/\" \/>\n<meta property=\"og:locale\" content=\"es_ES\" \/>\n<meta property=\"og:type\" content=\"article\" \/>\n<meta property=\"og:title\" content=\"Comprar en L\u00ednea Honduras - Grupo Azor M\u00e9xico\" \/>\n<meta property=\"og:description\" content=\"Grupos Azor pone a tu disposici\u00f3n su red de Distribuidores Autorizados que ofrecen compra en l\u00ednea de sus productos - Honduras\" \/>\n<meta property=\"og:url\" content=\"https:\/\/web.azor.com.mx\/index.php\/comprar-en-linea-honduras\/\" \/>\n<meta property=\"og:site_name\" content=\"Grupo Azor M\u00e9xico\" \/>\n<meta property=\"article:modified_time\" content=\"2020-08-20T20:55:55+00:00\" \/>\n<meta property=\"og:image\" content=\"http:\/\/web.azor.com.mx\/wp-content\/uploads\/2020\/07\/bandera_honduras.jpg\" \/>\n<meta name=\"twitter:card\" content=\"summary_large_image\" \/>\n<script type=\"application\/ld+json\" class=\"yoast-schema-graph\">{\"@context\":\"https:\/\/schema.org\",\"@graph\":[{\"@type\":\"WebPage\",\"@id\":\"https:\/\/web.azor.com.mx\/index.php\/comprar-en-linea-honduras\/\",\"url\":\"https:\/\/web.azor.com.mx\/index.php\/comprar-en-linea-honduras\/\",\"name\":\"Comprar en L\u00ednea Honduras - Grupo Azor M\u00e9xico\",\"isPartOf\":{\"@id\":\"https:\/\/web.azor.com.mx\/#website\"},\"datePublished\":\"2020-07-01T22:23:52+00:00\",\"dateModified\":\"2020-08-20T20:55:55+00:00\",\"description\":\"Grupos Azor pone a tu disposici\u00f3n su red de Distribuidores Autorizados que ofrecen compra en l\u00ednea de sus productos - Honduras\",\"breadcrumb\":{\"@id\":\"https:\/\/web.azor.com.mx\/index.php\/comprar-en-linea-honduras\/#breadcrumb\"},\"inLanguage\":\"es\",\"potentialAction\":[{\"@type\":\"ReadAction\",\"target\":[\"https:\/\/web.azor.com.mx\/index.php\/comprar-en-linea-honduras\/\"]}]},{\"@type\":\"BreadcrumbList\",\"@id\":\"https:\/\/web.azor.com.mx\/index.php\/comprar-en-linea-honduras\/#breadcrumb\",\"itemListElement\":[{\"@type\":\"ListItem\",\"position\":1,\"name\":\"Portada\",\"item\":\"https:\/\/web.azor.com.mx\/\"},{\"@type\":\"ListItem\",\"position\":2,\"name\":\"Comprar en L\u00ednea Honduras\"}]},{\"@type\":\"WebSite\",\"@id\":\"https:\/\/web.azor.com.mx\/#website\",\"url\":\"https:\/\/web.azor.com.mx\/\",\"name\":\"Grupo Azor M\u00e9xico\",\"description\":\"Fabricantes y distribuidores de art\u00edculos escolares y de oficina\",\"publisher\":{\"@id\":\"https:\/\/web.azor.com.mx\/#organization\"},\"potentialAction\":[{\"@type\":\"SearchAction\",\"target\":{\"@type\":\"EntryPoint\",\"urlTemplate\":\"https:\/\/web.azor.com.mx\/?s={search_term_string}\"},\"query-input\":\"required name=search_term_string\"}],\"inLanguage\":\"es\"},{\"@type\":\"Organization\",\"@id\":\"https:\/\/web.azor.com.mx\/#organization\",\"name\":\"Grupo Azor M\u00e9xico\",\"url\":\"https:\/\/web.azor.com.mx\/\",\"logo\":{\"@type\":\"ImageObject\",\"inLanguage\":\"es\",\"@id\":\"https:\/\/web.azor.com.mx\/#\/schema\/logo\/image\/\",\"url\":\"https:\/\/web.azor.com.mx\/wp-content\/uploads\/2023\/10\/cropped-logo-azor-azul-.png\",\"contentUrl\":\"https:\/\/web.azor.com.mx\/wp-content\/uploads\/2023\/10\/cropped-logo-azor-azul-.png\",\"width\":500,\"height\":190,\"caption\":\"Grupo Azor M\u00e9xico\"},\"image\":{\"@id\":\"https:\/\/web.azor.com.mx\/#\/schema\/logo\/image\/\"}}]}<\/script>\n<!-- \/ Yoast SEO plugin. -->","yoast_head_json":{"title":"Comprar en L\u00ednea Honduras - Grupo Azor M\u00e9xico","description":"Grupos Azor pone a tu disposici\u00f3n su red de Distribuidores Autorizados que ofrecen compra en l\u00ednea de sus productos - Honduras","robots":{"index":"index","follow":"follow","max-snippet":"max-snippet:-1","max-image-preview":"max-image-preview:large","max-video-preview":"max-video-preview:-1"},"canonical":"https:\/\/web.azor.com.mx\/index.php\/comprar-en-linea-honduras\/","og_locale":"es_ES","og_type":"article","og_title":"Comprar en L\u00ednea Honduras - Grupo Azor M\u00e9xico","og_description":"Grupos Azor pone a tu disposici\u00f3n su red de Distribuidores Autorizados que ofrecen compra en l\u00ednea de sus productos - Honduras","og_url":"https:\/\/web.azor.com.mx\/index.php\/comprar-en-linea-honduras\/","og_site_name":"Grupo Azor M\u00e9xico","article_modified_time":"2020-08-20T20:55:55+00:00","og_image":[{"url":"http:\/\/web.azor.com.mx\/wp-content\/uploads\/2020\/07\/bandera_honduras.jpg"}],"twitter_card":"summary_large_image","schema":{"@context":"https:\/\/schema.org","@graph":[{"@type":"WebPage","@id":"https:\/\/web.azor.com.mx\/index.php\/comprar-en-linea-honduras\/","url":"https:\/\/web.azor.com.mx\/index.php\/comprar-en-linea-honduras\/","name":"Comprar en L\u00ednea Honduras - Grupo Azor M\u00e9xico","isPartOf":{"@id":"https:\/\/web.azor.com.mx\/#website"},"datePublished":"2020-07-01T22:23:52+00:00","dateModified":"2020-08-20T20:55:55+00:00","description":"Grupos Azor pone a tu disposici\u00f3n su red de Distribuidores Autorizados que ofrecen compra en l\u00ednea de sus productos - Honduras","breadcrumb":{"@id":"https:\/\/web.azor.com.mx\/index.php\/comprar-en-linea-honduras\/#breadcrumb"},"inLanguage":"es","potentialAction":[{"@type":"ReadAction","target":["https:\/\/web.azor.com.mx\/index.php\/comprar-en-linea-honduras\/"]}]},{"@type":"BreadcrumbList","@id":"https:\/\/web.azor.com.mx\/index.php\/comprar-en-linea-honduras\/#breadcrumb","itemListElement":[{"@type":"ListItem","position":1,"name":"Portada","item":"https:\/\/web.azor.com.mx\/"},{"@type":"ListItem","position":2,"name":"Comprar en L\u00ednea Honduras"}]},{"@type":"WebSite","@id":"https:\/\/web.azor.com.mx\/#website","url":"https:\/\/web.azor.com.mx\/","name":"Grupo Azor M\u00e9xico","description":"Fabricantes y distribuidores de art\u00edculos escolares y de oficina","publisher":{"@id":"https:\/\/web.azor.com.mx\/#organization"},"potentialAction":[{"@type":"SearchAction","target":{"@type":"EntryPoint","urlTemplate":"https:\/\/web.azor.com.mx\/?s={search_term_string}"},"query-input":"required name=search_term_string"}],"inLanguage":"es"},{"@type":"Organization","@id":"https:\/\/web.azor.com.mx\/#organization","name":"Grupo Azor M\u00e9xico","url":"https:\/\/web.azor.com.mx\/","logo":{"@type":"ImageObject","inLanguage":"es","@id":"https:\/\/web.azor.com.mx\/#\/schema\/logo\/image\/","url":"https:\/\/web.azor.com.mx\/wp-content\/uploads\/2023\/10\/cropped-logo-azor-azul-.png","contentUrl":"https:\/\/web.azor.com.mx\/wp-content\/uploads\/2023\/10\/cropped-logo-azor-azul-.png","width":500,"height":190,"caption":"Grupo Azor M\u00e9xico"},"image":{"@id":"https:\/\/web.azor.com.mx\/#\/schema\/logo\/image\/"}}]}},"jetpack_sharing_enabled":true,"jetpack_shortlink":"https:\/\/wp.me\/P9lBFi-18S","_links":{"self":[{"href":"https:\/\/web.azor.com.mx\/index.php\/wp-json\/wp\/v2\/pages\/4394"}],"collection":[{"href":"https:\/\/web.azor.com.mx\/index.php\/wp-json\/wp\/v2\/pages"}],"about":[{"href":"https:\/\/web.azor.com.mx\/index.php\/wp-json\/wp\/v2\/types\/page"}],"author":[{"embeddable":true,"href":"https:\/\/web.azor.com.mx\/index.php\/wp-json\/wp\/v2\/users\/8"}],"replies":[{"embeddable":true,"href":"https:\/\/web.azor.com.mx\/index.php\/wp-json\/wp\/v2\/comments?post=4394"}],"version-history":[{"count":10,"href":"https:\/\/web.azor.com.mx\/index.php\/wp-json\/wp\/v2\/pages\/4394\/revisions"}],"predecessor-version":[{"id":4693,"href":"https:\/\/web.azor.com.mx\/index.php\/wp-json\/wp\/v2\/pages\/4394\/revisions\/4693"}],"wp:attachment":[{"href":"https:\/\/web.azor.com.mx\/index.php\/wp-json\/wp\/v2\/media?parent=4394"}],"curies":[{"name":"wp","href":"https:\/\/api.w.org\/{rel}","templated":true}]}}