{"id":4354,"date":"2020-06-23T08:31:48","date_gmt":"2020-06-23T14:31:48","guid":{"rendered":"http:\/\/web.azor.com.mx\/?page_id=4354"},"modified":"2020-10-22T13:01:35","modified_gmt":"2020-10-22T19:01:35","slug":"talleres-en-linea","status":"publish","type":"page","link":"https:\/\/web.azor.com.mx\/index.php\/talleres-en-linea\/","title":{"rendered":"Talleres en L\u00ednea"},"content":{"rendered":"\t\t<div data-elementor-type=\"wp-page\" data-elementor-id=\"4354\" class=\"elementor elementor-4354\">\n\t\t\t\t\t\t<section class=\"elementor-section elementor-top-section elementor-element elementor-element-9c17c75 elementor-section-boxed elementor-section-height-default elementor-section-height-default\" data-id=\"9c17c75\" data-element_type=\"section\">\n\t\t\t\t\t\t<div class=\"elementor-container elementor-column-gap-default\">\n\t\t\t\t\t<div class=\"elementor-column elementor-col-100 elementor-top-column elementor-element elementor-element-51cc6820\" data-id=\"51cc6820\" data-element_type=\"column\">\n\t\t\t<div class=\"elementor-widget-wrap elementor-element-populated\">\n\t\t\t\t\t\t<div class=\"elementor-element elementor-element-1c2767d5 elementor-widget elementor-widget-text-editor\" data-id=\"1c2767d5\" data-element_type=\"widget\" data-widget_type=\"text-editor.default\">\n\t\t\t\t<div class=\"elementor-widget-container\">\n\t\t\t\t\t\t\t<!-- wp:fl-builder\/layout \/-->\t\t\t\t\t\t<\/div>\n\t\t\t\t<\/div>\n\t\t\t\t\t<\/div>\n\t\t<\/div>\n\t\t\t\t\t<\/div>\n\t\t<\/section>\n\t\t\t\t<section class=\"elementor-section elementor-top-section elementor-element elementor-element-e212637 elementor-section-stretched elementor-section-boxed elementor-section-height-default elementor-section-height-default\" data-id=\"e212637\" data-element_type=\"section\" data-settings=\"{&quot;stretch_section&quot;:&quot;section-stretched&quot;}\">\n\t\t\t\t\t\t<div class=\"elementor-container elementor-column-gap-default\">\n\t\t\t\t\t<div class=\"elementor-column elementor-col-100 elementor-top-column elementor-element elementor-element-4b869ed\" data-id=\"4b869ed\" data-element_type=\"column\">\n\t\t\t<div class=\"elementor-widget-wrap elementor-element-populated\">\n\t\t\t\t\t\t<div class=\"elementor-element elementor-element-a041fe1 elementor-widget elementor-widget-heading\" data-id=\"a041fe1\" data-element_type=\"widget\" data-widget_type=\"heading.default\">\n\t\t\t\t<div class=\"elementor-widget-container\">\n\t\t\t<h2 class=\"elementor-heading-title elementor-size-default\">Talleres AZOR<\/h2>\t\t<\/div>\n\t\t\t\t<\/div>\n\t\t\t\t\t<\/div>\n\t\t<\/div>\n\t\t\t\t\t<\/div>\n\t\t<\/section>\n\t\t\t\t<section class=\"elementor-section elementor-top-section elementor-element elementor-element-c3e87c7 elementor-section-boxed elementor-section-height-default elementor-section-height-default\" data-id=\"c3e87c7\" data-element_type=\"section\">\n\t\t\t\t\t\t<div class=\"elementor-container elementor-column-gap-default\">\n\t\t\t\t\t<div class=\"elementor-column elementor-col-100 elementor-top-column elementor-element elementor-element-2aac4d6\" data-id=\"2aac4d6\" data-element_type=\"column\">\n\t\t\t<div class=\"elementor-widget-wrap elementor-element-populated\">\n\t\t\t\t\t\t<div class=\"elementor-element elementor-element-0e5f61c elementor-widget elementor-widget-text-editor\" data-id=\"0e5f61c\" data-element_type=\"widget\" data-widget_type=\"text-editor.default\">\n\t\t\t\t<div class=\"elementor-widget-container\">\n\t\t\t\t\t\t\t<!-- wp:fl-builder\/layout \/-->\t\t\t\t\t\t<\/div>\n\t\t\t\t<\/div>\n\t\t\t\t\t<\/div>\n\t\t<\/div>\n\t\t\t\t\t<\/div>\n\t\t<\/section>\n\t\t\t\t<section class=\"elementor-section elementor-top-section elementor-element elementor-element-fe2dbf2 elementor-section-boxed elementor-section-height-default elementor-section-height-default\" data-id=\"fe2dbf2\" data-element_type=\"section\">\n\t\t\t\t\t\t<div class=\"elementor-container elementor-column-gap-default\">\n\t\t\t\t\t<div class=\"elementor-column elementor-col-100 elementor-top-column elementor-element elementor-element-8034463\" data-id=\"8034463\" data-element_type=\"column\">\n\t\t\t<div class=\"elementor-widget-wrap elementor-element-populated\">\n\t\t\t\t\t\t<div class=\"elementor-element elementor-element-f3dcdd1 elementor-widget elementor-widget-text-editor\" data-id=\"f3dcdd1\" data-element_type=\"widget\" data-widget_type=\"text-editor.default\">\n\t\t\t\t<div class=\"elementor-widget-container\">\n\t\t\t\t\t\t\t<p style=\"text-align: center;\">Traemos para ti estos talleres en l\u00ednea para que puedas disfrutar con toda tu familia, pasar un d\u00eda divertido y crear mil cosas con tu imaginaci\u00f3n; no olvides descargar el material descargable de cada uno para que nos puedas seguir paso a paso.<\/p>\t\t\t\t\t\t<\/div>\n\t\t\t\t<\/div>\n\t\t\t\t\t<\/div>\n\t\t<\/div>\n\t\t\t\t\t<\/div>\n\t\t<\/section>\n\t\t\t\t<section class=\"elementor-section elementor-top-section elementor-element elementor-element-95c2ef5 elementor-section-boxed elementor-section-height-default elementor-section-height-default\" data-id=\"95c2ef5\" data-element_type=\"section\">\n\t\t\t\t\t\t<div class=\"elementor-container elementor-column-gap-default\">\n\t\t\t\t\t<div class=\"elementor-column elementor-col-33 elementor-top-column elementor-element elementor-element-36ed565\" data-id=\"36ed565\" data-element_type=\"column\">\n\t\t\t<div class=\"elementor-widget-wrap elementor-element-populated\">\n\t\t\t\t\t\t<div class=\"elementor-element elementor-element-4ac9436 elementor-widget elementor-widget-wpb-ea-video-popup\" data-id=\"4ac9436\" data-element_type=\"widget\" data-widget_type=\"wpb-ea-video-popup.default\">\n\t\t\t\t<div class=\"elementor-widget-container\">\n\t\t\t<div class=\"wpb-ea-video wpb-ea-video-popup-fancy\"><div class=\"wpb-ea-video-inner\"><div class=\"wpb-ea-video-popup-fancy-content-area\"><div class=\"wpb-ea-video-popup-fancy-content-image\"><img fetchpriority=\"high\" decoding=\"async\" width=\"768\" height=\"385\" src=\"https:\/\/web.azor.com.mx\/wp-content\/uploads\/2020\/06\/portada-titeres-01-01-768x385.jpg\" class=\"attachment-medium_large size-medium_large wp-image-4358\" alt=\"\" srcset=\"https:\/\/web.azor.com.mx\/wp-content\/uploads\/2020\/06\/portada-titeres-01-01-768x385.jpg 768w, https:\/\/web.azor.com.mx\/wp-content\/uploads\/2020\/06\/portada-titeres-01-01-300x150.jpg 300w, https:\/\/web.azor.com.mx\/wp-content\/uploads\/2020\/06\/portada-titeres-01-01-1024x513.jpg 1024w, https:\/\/web.azor.com.mx\/wp-content\/uploads\/2020\/06\/portada-titeres-01-01-600x301.jpg 600w, https:\/\/web.azor.com.mx\/wp-content\/uploads\/2020\/06\/portada-titeres-01-01.jpg 1182w\" sizes=\"(max-width: 768px) 100vw, 768px\" \/><\/div><div class=\"wpb-ea-video-popup-fancy-content-details\"><div class=\"xt-button\"><a data-fancybox href=\"https:\/\/www.youtube.com\/watch?v=hD4-Nv9dsLU&#038;feature=youtu.be\"><i aria-hidden=\"true\" class=\"wow fadeIn fas fa-play\" data-wow-delay=\"0.4s\" style=\"visibility: visible; animation-delay: 0.4s; animation-name: fadeIn;\"><\/i><\/a><\/div><h3>T\u00edteres<\/h3><p>En este taller haremos unos t\u00edteres de papel con productos Azor, con ellos haremos nuestro teatro! <\/p>\n<\/div><\/div><\/div><\/div>\t\t<\/div>\n\t\t\t\t<\/div>\n\t\t\t\t<div class=\"elementor-element elementor-element-7add67d elementor-align-center elementor-widget elementor-widget-button\" data-id=\"7add67d\" data-element_type=\"widget\" data-widget_type=\"button.default\">\n\t\t\t\t<div class=\"elementor-widget-container\">\n\t\t\t\t\t<div class=\"elementor-button-wrapper\">\n\t\t\t<a class=\"elementor-button elementor-button-link elementor-size-sm elementor-animation-grow\" href=\"http:\/\/web.azor.com.mx\/wp-content\/uploads\/2020\/06\/titeres-descargable.pdf\" target=\"_blank\">\n\t\t\t\t\t\t<span class=\"elementor-button-content-wrapper\">\n\t\t\t\t\t\t<span class=\"elementor-button-icon elementor-align-icon-left\">\n\t\t\t\t<i aria-hidden=\"true\" class=\"lni lni-download\"><\/i>\t\t\t<\/span>\n\t\t\t\t\t\t<span class=\"elementor-button-text\">Material Descargable<\/span>\n\t\t<\/span>\n\t\t\t\t\t<\/a>\n\t\t<\/div>\n\t\t\t\t<\/div>\n\t\t\t\t<\/div>\n\t\t\t\t<div class=\"elementor-element elementor-element-19c9e52 elementor-widget elementor-widget-spacer\" data-id=\"19c9e52\" data-element_type=\"widget\" data-widget_type=\"spacer.default\">\n\t\t\t\t<div class=\"elementor-widget-container\">\n\t\t\t\t\t<div class=\"elementor-spacer\">\n\t\t\t<div class=\"elementor-spacer-inner\"><\/div>\n\t\t<\/div>\n\t\t\t\t<\/div>\n\t\t\t\t<\/div>\n\t\t\t\t\t<\/div>\n\t\t<\/div>\n\t\t\t\t<div class=\"elementor-column elementor-col-33 elementor-top-column elementor-element elementor-element-2c8d851\" data-id=\"2c8d851\" data-element_type=\"column\">\n\t\t\t<div class=\"elementor-widget-wrap elementor-element-populated\">\n\t\t\t\t\t\t<div class=\"elementor-element elementor-element-4b7dbe3 elementor-widget elementor-widget-wpb-ea-video-popup\" data-id=\"4b7dbe3\" data-element_type=\"widget\" data-widget_type=\"wpb-ea-video-popup.default\">\n\t\t\t\t<div class=\"elementor-widget-container\">\n\t\t\t<div class=\"wpb-ea-video wpb-ea-video-popup-fancy\"><div class=\"wpb-ea-video-inner\"><div class=\"wpb-ea-video-popup-fancy-content-area\"><div class=\"wpb-ea-video-popup-fancy-content-image\"><img decoding=\"async\" width=\"768\" height=\"385\" src=\"https:\/\/web.azor.com.mx\/wp-content\/uploads\/2020\/08\/portada-joyero-01-768x385.jpg\" class=\"attachment-medium_large size-medium_large wp-image-4646\" alt=\"\" srcset=\"https:\/\/web.azor.com.mx\/wp-content\/uploads\/2020\/08\/portada-joyero-01-768x385.jpg 768w, https:\/\/web.azor.com.mx\/wp-content\/uploads\/2020\/08\/portada-joyero-01-300x150.jpg 300w, https:\/\/web.azor.com.mx\/wp-content\/uploads\/2020\/08\/portada-joyero-01-1024x513.jpg 1024w, https:\/\/web.azor.com.mx\/wp-content\/uploads\/2020\/08\/portada-joyero-01-600x301.jpg 600w, https:\/\/web.azor.com.mx\/wp-content\/uploads\/2020\/08\/portada-joyero-01.jpg 1182w\" sizes=\"(max-width: 768px) 100vw, 768px\" \/><\/div><div class=\"wpb-ea-video-popup-fancy-content-details\"><div class=\"xt-button\"><a data-fancybox href=\"https:\/\/youtu.be\/FnRduc8B8SY\"><i aria-hidden=\"true\" class=\"wow fadeIn fas fa-play\" data-wow-delay=\"0.4s\" style=\"visibility: visible; animation-delay: 0.4s; animation-name: fadeIn;\"><\/i><\/a><\/div><h3>Joyero<\/h3><p>En este taller haremos unos joyeros con productos Azor<\/p>\n<\/div><\/div><\/div><\/div>\t\t<\/div>\n\t\t\t\t<\/div>\n\t\t\t\t<div class=\"elementor-element elementor-element-abb0fcd elementor-widget elementor-widget-spacer\" data-id=\"abb0fcd\" data-element_type=\"widget\" data-widget_type=\"spacer.default\">\n\t\t\t\t<div class=\"elementor-widget-container\">\n\t\t\t\t\t<div class=\"elementor-spacer\">\n\t\t\t<div class=\"elementor-spacer-inner\"><\/div>\n\t\t<\/div>\n\t\t\t\t<\/div>\n\t\t\t\t<\/div>\n\t\t\t\t\t<\/div>\n\t\t<\/div>\n\t\t\t\t<div class=\"elementor-column elementor-col-33 elementor-top-column elementor-element elementor-element-d188259\" data-id=\"d188259\" data-element_type=\"column\">\n\t\t\t<div class=\"elementor-widget-wrap elementor-element-populated\">\n\t\t\t\t\t\t<div class=\"elementor-element elementor-element-aa8d93e elementor-widget elementor-widget-wpb-ea-video-popup\" data-id=\"aa8d93e\" data-element_type=\"widget\" data-widget_type=\"wpb-ea-video-popup.default\">\n\t\t\t\t<div class=\"elementor-widget-container\">\n\t\t\t<div class=\"wpb-ea-video wpb-ea-video-popup-fancy\"><div class=\"wpb-ea-video-inner\"><div class=\"wpb-ea-video-popup-fancy-content-area\"><div class=\"wpb-ea-video-popup-fancy-content-image\"><img decoding=\"async\" width=\"568\" height=\"285\" src=\"https:\/\/web.azor.com.mx\/wp-content\/uploads\/2020\/10\/portada-catrin-01.jpg\" class=\"attachment-medium_large size-medium_large wp-image-4876\" alt=\"\" srcset=\"https:\/\/web.azor.com.mx\/wp-content\/uploads\/2020\/10\/portada-catrin-01.jpg 568w, https:\/\/web.azor.com.mx\/wp-content\/uploads\/2020\/10\/portada-catrin-01-300x151.jpg 300w\" sizes=\"(max-width: 568px) 100vw, 568px\" \/><\/div><div class=\"wpb-ea-video-popup-fancy-content-details\"><div class=\"xt-button\"><a data-fancybox href=\"https:\/\/www.youtube.com\/watch?v=o4ZljKWiaxg\"><i aria-hidden=\"true\" class=\"wow fadeIn fas fa-play\" data-wow-delay=\"0.4s\" style=\"visibility: visible; animation-delay: 0.4s; animation-name: fadeIn;\"><\/i><\/a><\/div><h3>Catrin de Cer\u00e1mica<\/h3><p>En este taller pintaremos un catrin de cer\u00e1mica, queda incre\u00edble para decoraci\u00f3n de D\u00eda de Muertos y Halloween<\/p>\n<\/div><\/div><\/div><\/div>\t\t<\/div>\n\t\t\t\t<\/div>\n\t\t\t\t<div class=\"elementor-element elementor-element-b05e9d1 elementor-widget elementor-widget-spacer\" data-id=\"b05e9d1\" data-element_type=\"widget\" data-widget_type=\"spacer.default\">\n\t\t\t\t<div class=\"elementor-widget-container\">\n\t\t\t\t\t<div class=\"elementor-spacer\">\n\t\t\t<div class=\"elementor-spacer-inner\"><\/div>\n\t\t<\/div>\n\t\t\t\t<\/div>\n\t\t\t\t<\/div>\n\t\t\t\t\t<\/div>\n\t\t<\/div>\n\t\t\t\t\t<\/div>\n\t\t<\/section>\n\t\t\t\t<\/div>\n\t\t","protected":false},"excerpt":{"rendered":"Talleres AZOR Traemos para ti estos talleres en l\u00ednea para que puedas disfrutar con toda tu familia, pasar un d\u00eda divertido y crear mil cosas con tu imaginaci\u00f3n; no olvides descargar el material descargable de cada uno para que nos puedas seguir paso a paso. T\u00edteres En este taller haremos unos t\u00edteres de papel con &#8230; <a title=\"Talleres en L\u00ednea\" class=\"read-more\" href=\"https:\/\/web.azor.com.mx\/index.php\/talleres-en-linea\/\">Leer m\u00e1s<\/a>","protected":false},"author":8,"featured_media":0,"parent":0,"menu_order":0,"comment_status":"closed","ping_status":"closed","template":"","meta":{"_exactmetrics_skip_tracking":false,"_exactmetrics_sitenote_active":false,"_exactmetrics_sitenote_note":"","_exactmetrics_sitenote_category":0,"_monsterinsights_skip_tracking":false,"_monsterinsights_sitenote_active":false,"_monsterinsights_sitenote_note":"","_monsterinsights_sitenote_category":0,"generate_page_header":"","jetpack_post_was_ever_published":false,"footnotes":""},"yoast_head":"<!-- This site is optimized with the Yoast SEO plugin v22.1 - https:\/\/yoast.com\/wordpress\/plugins\/seo\/ -->\n<title>Talleres en L\u00ednea - Grupo Azor M\u00e9xico<\/title>\n<meta name=\"robots\" content=\"index, follow, max-snippet:-1, max-image-preview:large, max-video-preview:-1\" \/>\n<link rel=\"canonical\" href=\"https:\/\/web.azor.com.mx\/index.php\/talleres-en-linea\/\" \/>\n<meta property=\"og:locale\" content=\"es_ES\" \/>\n<meta property=\"og:type\" content=\"article\" \/>\n<meta property=\"og:title\" content=\"Talleres en L\u00ednea - Grupo Azor M\u00e9xico\" \/>\n<meta property=\"og:description\" content=\"Talleres AZOR Traemos para ti estos talleres en l\u00ednea para que puedas disfrutar con toda tu familia, pasar un d\u00eda divertido y crear mil cosas con tu imaginaci\u00f3n; no olvides descargar el material descargable de cada uno para que nos puedas seguir paso a paso. T\u00edteres En este taller haremos unos t\u00edteres de papel con ... Leer m\u00e1s\" \/>\n<meta property=\"og:url\" content=\"https:\/\/web.azor.com.mx\/index.php\/talleres-en-linea\/\" \/>\n<meta property=\"og:site_name\" content=\"Grupo Azor M\u00e9xico\" \/>\n<meta property=\"article:modified_time\" content=\"2020-10-22T19:01:35+00:00\" \/>\n<meta property=\"og:image\" content=\"http:\/\/web.azor.com.mx\/wp-content\/uploads\/2020\/06\/portada-titeres-01-01-768x385.jpg\" \/>\n<meta name=\"twitter:card\" content=\"summary_large_image\" \/>\n<meta name=\"twitter:label1\" content=\"Tiempo de lectura\" \/>\n\t<meta name=\"twitter:data1\" content=\"1 minuto\" \/>\n<script type=\"application\/ld+json\" class=\"yoast-schema-graph\">{\"@context\":\"https:\/\/schema.org\",\"@graph\":[{\"@type\":\"WebPage\",\"@id\":\"https:\/\/web.azor.com.mx\/index.php\/talleres-en-linea\/\",\"url\":\"https:\/\/web.azor.com.mx\/index.php\/talleres-en-linea\/\",\"name\":\"Talleres en L\u00ednea - Grupo Azor M\u00e9xico\",\"isPartOf\":{\"@id\":\"https:\/\/web.azor.com.mx\/#website\"},\"datePublished\":\"2020-06-23T14:31:48+00:00\",\"dateModified\":\"2020-10-22T19:01:35+00:00\",\"breadcrumb\":{\"@id\":\"https:\/\/web.azor.com.mx\/index.php\/talleres-en-linea\/#breadcrumb\"},\"inLanguage\":\"es\",\"potentialAction\":[{\"@type\":\"ReadAction\",\"target\":[\"https:\/\/web.azor.com.mx\/index.php\/talleres-en-linea\/\"]}]},{\"@type\":\"BreadcrumbList\",\"@id\":\"https:\/\/web.azor.com.mx\/index.php\/talleres-en-linea\/#breadcrumb\",\"itemListElement\":[{\"@type\":\"ListItem\",\"position\":1,\"name\":\"Portada\",\"item\":\"https:\/\/web.azor.com.mx\/\"},{\"@type\":\"ListItem\",\"position\":2,\"name\":\"Talleres en L\u00ednea\"}]},{\"@type\":\"WebSite\",\"@id\":\"https:\/\/web.azor.com.mx\/#website\",\"url\":\"https:\/\/web.azor.com.mx\/\",\"name\":\"Grupo Azor M\u00e9xico\",\"description\":\"Fabricantes y distribuidores de art\u00edculos escolares y de oficina\",\"publisher\":{\"@id\":\"https:\/\/web.azor.com.mx\/#organization\"},\"potentialAction\":[{\"@type\":\"SearchAction\",\"target\":{\"@type\":\"EntryPoint\",\"urlTemplate\":\"https:\/\/web.azor.com.mx\/?s={search_term_string}\"},\"query-input\":\"required name=search_term_string\"}],\"inLanguage\":\"es\"},{\"@type\":\"Organization\",\"@id\":\"https:\/\/web.azor.com.mx\/#organization\",\"name\":\"Grupo Azor M\u00e9xico\",\"url\":\"https:\/\/web.azor.com.mx\/\",\"logo\":{\"@type\":\"ImageObject\",\"inLanguage\":\"es\",\"@id\":\"https:\/\/web.azor.com.mx\/#\/schema\/logo\/image\/\",\"url\":\"https:\/\/web.azor.com.mx\/wp-content\/uploads\/2023\/10\/cropped-logo-azor-azul-.png\",\"contentUrl\":\"https:\/\/web.azor.com.mx\/wp-content\/uploads\/2023\/10\/cropped-logo-azor-azul-.png\",\"width\":500,\"height\":190,\"caption\":\"Grupo Azor M\u00e9xico\"},\"image\":{\"@id\":\"https:\/\/web.azor.com.mx\/#\/schema\/logo\/image\/\"}}]}<\/script>\n<!-- \/ Yoast SEO plugin. -->","yoast_head_json":{"title":"Talleres en L\u00ednea - Grupo Azor M\u00e9xico","robots":{"index":"index","follow":"follow","max-snippet":"max-snippet:-1","max-image-preview":"max-image-preview:large","max-video-preview":"max-video-preview:-1"},"canonical":"https:\/\/web.azor.com.mx\/index.php\/talleres-en-linea\/","og_locale":"es_ES","og_type":"article","og_title":"Talleres en L\u00ednea - Grupo Azor M\u00e9xico","og_description":"Talleres AZOR Traemos para ti estos talleres en l\u00ednea para que puedas disfrutar con toda tu familia, pasar un d\u00eda divertido y crear mil cosas con tu imaginaci\u00f3n; no olvides descargar el material descargable de cada uno para que nos puedas seguir paso a paso. T\u00edteres En este taller haremos unos t\u00edteres de papel con ... Leer m\u00e1s","og_url":"https:\/\/web.azor.com.mx\/index.php\/talleres-en-linea\/","og_site_name":"Grupo Azor M\u00e9xico","article_modified_time":"2020-10-22T19:01:35+00:00","og_image":[{"url":"http:\/\/web.azor.com.mx\/wp-content\/uploads\/2020\/06\/portada-titeres-01-01-768x385.jpg"}],"twitter_card":"summary_large_image","twitter_misc":{"Tiempo de lectura":"1 minuto"},"schema":{"@context":"https:\/\/schema.org","@graph":[{"@type":"WebPage","@id":"https:\/\/web.azor.com.mx\/index.php\/talleres-en-linea\/","url":"https:\/\/web.azor.com.mx\/index.php\/talleres-en-linea\/","name":"Talleres en L\u00ednea - Grupo Azor M\u00e9xico","isPartOf":{"@id":"https:\/\/web.azor.com.mx\/#website"},"datePublished":"2020-06-23T14:31:48+00:00","dateModified":"2020-10-22T19:01:35+00:00","breadcrumb":{"@id":"https:\/\/web.azor.com.mx\/index.php\/talleres-en-linea\/#breadcrumb"},"inLanguage":"es","potentialAction":[{"@type":"ReadAction","target":["https:\/\/web.azor.com.mx\/index.php\/talleres-en-linea\/"]}]},{"@type":"BreadcrumbList","@id":"https:\/\/web.azor.com.mx\/index.php\/talleres-en-linea\/#breadcrumb","itemListElement":[{"@type":"ListItem","position":1,"name":"Portada","item":"https:\/\/web.azor.com.mx\/"},{"@type":"ListItem","position":2,"name":"Talleres en L\u00ednea"}]},{"@type":"WebSite","@id":"https:\/\/web.azor.com.mx\/#website","url":"https:\/\/web.azor.com.mx\/","name":"Grupo Azor M\u00e9xico","description":"Fabricantes y distribuidores de art\u00edculos escolares y de oficina","publisher":{"@id":"https:\/\/web.azor.com.mx\/#organization"},"potentialAction":[{"@type":"SearchAction","target":{"@type":"EntryPoint","urlTemplate":"https:\/\/web.azor.com.mx\/?s={search_term_string}"},"query-input":"required name=search_term_string"}],"inLanguage":"es"},{"@type":"Organization","@id":"https:\/\/web.azor.com.mx\/#organization","name":"Grupo Azor M\u00e9xico","url":"https:\/\/web.azor.com.mx\/","logo":{"@type":"ImageObject","inLanguage":"es","@id":"https:\/\/web.azor.com.mx\/#\/schema\/logo\/image\/","url":"https:\/\/web.azor.com.mx\/wp-content\/uploads\/2023\/10\/cropped-logo-azor-azul-.png","contentUrl":"https:\/\/web.azor.com.mx\/wp-content\/uploads\/2023\/10\/cropped-logo-azor-azul-.png","width":500,"height":190,"caption":"Grupo Azor M\u00e9xico"},"image":{"@id":"https:\/\/web.azor.com.mx\/#\/schema\/logo\/image\/"}}]}},"jetpack_sharing_enabled":true,"jetpack_shortlink":"https:\/\/wp.me\/P9lBFi-18e","_links":{"self":[{"href":"https:\/\/web.azor.com.mx\/index.php\/wp-json\/wp\/v2\/pages\/4354"}],"collection":[{"href":"https:\/\/web.azor.com.mx\/index.php\/wp-json\/wp\/v2\/pages"}],"about":[{"href":"https:\/\/web.azor.com.mx\/index.php\/wp-json\/wp\/v2\/types\/page"}],"author":[{"embeddable":true,"href":"https:\/\/web.azor.com.mx\/index.php\/wp-json\/wp\/v2\/users\/8"}],"replies":[{"embeddable":true,"href":"https:\/\/web.azor.com.mx\/index.php\/wp-json\/wp\/v2\/comments?post=4354"}],"version-history":[{"count":8,"href":"https:\/\/web.azor.com.mx\/index.php\/wp-json\/wp\/v2\/pages\/4354\/revisions"}],"predecessor-version":[{"id":4877,"href":"https:\/\/web.azor.com.mx\/index.php\/wp-json\/wp\/v2\/pages\/4354\/revisions\/4877"}],"wp:attachment":[{"href":"https:\/\/web.azor.com.mx\/index.php\/wp-json\/wp\/v2\/media?parent=4354"}],"curies":[{"name":"wp","href":"https:\/\/api.w.org\/{rel}","templated":true}]}}