{"id":400,"date":"2017-11-18T21:37:39","date_gmt":"2017-11-19T03:37:39","guid":{"rendered":"http:\/\/web.azor.com.mx\/?page_id=400"},"modified":"2022-03-30T15:57:49","modified_gmt":"2022-03-30T21:57:49","slug":"visitas-escolares","status":"publish","type":"page","link":"https:\/\/web.azor.com.mx\/index.php\/visitas-escolares\/","title":{"rendered":"Visitas escolares"},"content":{"rendered":"<p>[vc_row 0=\u00bb\u00bb][vc_column][vc_column_text 0=\u00bb\u00bb]<div id=\"metaslider-id-955\" style=\"width: 100%; margin: 0 auto;\" class=\"ml-slider-3-61-0 metaslider metaslider-responsive metaslider-955 ml-slider ms-theme-default\" role=\"region\" aria-roledescription=\"Slideshow\" aria-label=\"escolares\">\n    <div id=\"metaslider_container_955\">\n        <ul id='metaslider_955' class='rslides'>\n            <li aria-roledescription='slide' aria-labelledby='slide-0'><img fetchpriority=\"high\" decoding=\"async\" width=\"1200\" height=\"236\" src=\"https:\/\/web.azor.com.mx\/wp-content\/uploads\/2017\/11\/visitas-escolares.jpg\" class=\"slider-955 slide-957\" alt=\"\" rel=\"\" title=\"\" srcset=\"https:\/\/web.azor.com.mx\/wp-content\/uploads\/2017\/11\/visitas-escolares.jpg 1200w, https:\/\/web.azor.com.mx\/wp-content\/uploads\/2017\/11\/visitas-escolares-600x118.jpg 600w, https:\/\/web.azor.com.mx\/wp-content\/uploads\/2017\/11\/visitas-escolares-300x59.jpg 300w, https:\/\/web.azor.com.mx\/wp-content\/uploads\/2017\/11\/visitas-escolares-768x151.jpg 768w, https:\/\/web.azor.com.mx\/wp-content\/uploads\/2017\/11\/visitas-escolares-1024x201.jpg 1024w\" sizes=\"(max-width: 1200px) 100vw, 1200px\" \/><\/li>\n            <li style='display: none;' aria-roledescription='slide' aria-labelledby='slide-1'><img decoding=\"async\" width=\"1200\" height=\"236\" src=\"https:\/\/web.azor.com.mx\/wp-content\/uploads\/2017\/11\/visitas-escolares2.jpg\" class=\"slider-955 slide-959\" alt=\"\" rel=\"\" title=\"\" srcset=\"https:\/\/web.azor.com.mx\/wp-content\/uploads\/2017\/11\/visitas-escolares2.jpg 1200w, https:\/\/web.azor.com.mx\/wp-content\/uploads\/2017\/11\/visitas-escolares2-600x118.jpg 600w, https:\/\/web.azor.com.mx\/wp-content\/uploads\/2017\/11\/visitas-escolares2-300x59.jpg 300w, https:\/\/web.azor.com.mx\/wp-content\/uploads\/2017\/11\/visitas-escolares2-768x151.jpg 768w, https:\/\/web.azor.com.mx\/wp-content\/uploads\/2017\/11\/visitas-escolares2-1024x201.jpg 1024w\" sizes=\"(max-width: 1200px) 100vw, 1200px\" \/><\/li>\n        <\/ul>\n        \n    <\/div>\n<\/div>\n<p>[\/vc_column_text][\/vc_column][\/vc_row][vc_row][vc_column][vc_empty_space][\/vc_column][\/vc_row][vc_row 0=\u00bb\u00bb][vc_column 0=\u00bb\u00bb][vc_column_text 0=\u00bb\u00bb]<\/p>\n<h2 style=\"text-align: center;\"><span style=\"color: #005db4;\"><strong>VISITAS ESCOLARES<\/strong><\/span><\/h2>\n<p style=\"text-align: center;\">\u00bfSabes todo lo que tiene que suceder para que nuestros productos lleguen a tus manos? \u00a1Ven y divi\u00e9rtete con tus compa\u00f1eros de escuela en el Club de amigos de Azor\u00edn!<\/p>\n<p>[\/vc_column_text][\/vc_column][\/vc_row][vc_row 0=\u00bb\u00bb][vc_column width=\u00bb1\/3&#8243;][\/vc_column][vc_column width=\u00bb1\/3&#8243;]\n<div class=\"wpcf7 no-js\" id=\"wpcf7-f3316-o1\" lang=\"es-ES\" dir=\"ltr\">\n<div class=\"screen-reader-response\"><p role=\"status\" aria-live=\"polite\" aria-atomic=\"true\"><\/p> <ul><\/ul><\/div>\n<form action=\"\/index.php\/wp-json\/wp\/v2\/pages\/400#wpcf7-f3316-o1\" method=\"post\" class=\"wpcf7-form init\" aria-label=\"Formulario de contacto\" novalidate=\"novalidate\" data-status=\"init\">\n<div style=\"display: none;\">\n<input type=\"hidden\" name=\"_wpcf7\" value=\"3316\" \/>\n<input type=\"hidden\" name=\"_wpcf7_version\" value=\"5.9.6\" \/>\n<input type=\"hidden\" name=\"_wpcf7_locale\" value=\"es_ES\" \/>\n<input type=\"hidden\" name=\"_wpcf7_unit_tag\" value=\"wpcf7-f3316-o1\" \/>\n<input type=\"hidden\" name=\"_wpcf7_container_post\" value=\"0\" \/>\n<input type=\"hidden\" name=\"_wpcf7_posted_data_hash\" value=\"\" \/>\n<input type=\"hidden\" name=\"_wpcf7_recaptcha_response\" value=\"\" \/>\n<\/div>\n<h2 style=\"text-align: center;\"><span style=\"color: #3ca3b3;\"><strong>D\u00e9janos tus datos<\/strong><\/span>\n<\/h2>\n<p><label style=\"text-align: center;\"> <span style=\"color: #005db4;\"> Nombre (requerido)<br \/>\n<span class=\"wpcf7-form-control-wrap\" data-name=\"your-name\"><input size=\"40\" maxlength=\"80\" class=\"wpcf7-form-control wpcf7-text wpcf7-validates-as-required\" aria-required=\"true\" aria-invalid=\"false\" value=\"\" type=\"text\" name=\"your-name\" \/><\/span> <\/span><\/label>\n<\/p>\n<p><label style=\"text-align: center;\"> <span style=\"text-align: center;\"><span style=\"color: #005db4;\">Tipo de Evento (requerido)<br \/>\n<span class=\"wpcf7-form-control-wrap\" data-name=\"menu-357\"><select class=\"wpcf7-form-control wpcf7-select wpcf7-validates-as-required\" aria-required=\"true\" aria-invalid=\"false\" name=\"menu-357\"><option value=\"Evento\">Evento<\/option><option value=\"Visita Guiada\">Visita Guiada<\/option><option value=\"Visita a Escuelas\">Visita a Escuelas<\/option><\/select><\/span><\/span><\/span><\/label>\n<\/p>\n<p><label style=\"text-align: center;\"> <span style=\"text-align: center;\"><span style=\"color: #005db4;\">Escuela (requerido)<br \/>\n<span class=\"wpcf7-form-control-wrap\" data-name=\"your-school\"><input size=\"40\" maxlength=\"80\" class=\"wpcf7-form-control wpcf7-text wpcf7-validates-as-required\" aria-required=\"true\" aria-invalid=\"false\" value=\"\" type=\"text\" name=\"your-school\" \/><\/span> <\/span><\/span><\/label>\n<\/p>\n<p><label style=\"text-align: center;\"> <span style=\"text-align: center;\"><span style=\"color: #005db4;\">Grado y Nivel Educativo (requerido)<br \/>\n<span class=\"wpcf7-form-control-wrap\" data-name=\"menu-420\"><select class=\"wpcf7-form-control wpcf7-select wpcf7-validates-as-required\" aria-required=\"true\" aria-invalid=\"false\" name=\"menu-420\"><option value=\"Ninguno\">Ninguno<\/option><option value=\"Preescolar - Kinder\">Preescolar - Kinder<\/option><option value=\"Primer Grado - Primaria\">Primer Grado - Primaria<\/option><option value=\"Segundo Grado - Primaria\">Segundo Grado - Primaria<\/option><option value=\"Tercer Grado - Primaria\">Tercer Grado - Primaria<\/option><option value=\"Cuarto Grado - Primaria\">Cuarto Grado - Primaria<\/option><option value=\"Quinto Grado - Primaria\">Quinto Grado - Primaria<\/option><option value=\"Sexto Grado - Primaria\">Sexto Grado - Primaria<\/option><\/select><\/span> <\/span><\/span><\/label>\n<\/p>\n<p><label style=\"text-align: center;\">\n\t\t<style=\"text-align: center;\"><span style=\"color: #005db4;\">Municipio \/ Alcald\u00eda (requerido)<br \/>\n<span class=\"wpcf7-form-control-wrap\" data-name=\"your-adress\"><input size=\"40\" maxlength=\"80\" class=\"wpcf7-form-control wpcf7-text wpcf7-validates-as-required\" aria-required=\"true\" aria-invalid=\"false\" value=\"\" type=\"text\" name=\"your-adress\" \/><\/span> <\/span>\n\t\t<\/style=\"text-align:><\/label>\n<\/p>\n<p><label style=\"text-align: center;\">\n\t\t<style=\"text-align: center;\"><span style=\"color: #005db4;\">Tel\u00e9fono (requerido)<br \/>\n<span class=\"wpcf7-form-control-wrap\" data-name=\"your-number\"><input size=\"40\" maxlength=\"80\" class=\"wpcf7-form-control wpcf7-text wpcf7-validates-as-required\" aria-required=\"true\" aria-invalid=\"false\" value=\"\" type=\"text\" name=\"your-number\" \/><\/span> <\/span>\n\t\t<\/style=\"text-align:><\/label>\n<\/p>\n<p><label style=\"text-align: center;\">\n\t\t<style=\"text-align: center;\"><span style=\"color: #005db4;\">E-Mail (requerido)<br \/>\n<span class=\"wpcf7-form-control-wrap\" data-name=\"your-email\"><input size=\"40\" maxlength=\"80\" class=\"wpcf7-form-control wpcf7-email wpcf7-validates-as-required wpcf7-text wpcf7-validates-as-email\" aria-required=\"true\" aria-invalid=\"false\" value=\"\" type=\"email\" name=\"your-email\" \/><\/span> <\/span>\n\t\t<\/style=\"text-align:><\/label>\n<\/p>\n<p><label style=\"text-align: center;\"> <span style=\"text-align: center;\"><span style=\"color: #005db4;\">Asesor que lo atendi\u00f3 (requerido)<br \/>\n<span class=\"wpcf7-form-control-wrap\" data-name=\"your-text\"><input size=\"40\" maxlength=\"80\" class=\"wpcf7-form-control wpcf7-text wpcf7-validates-as-required\" aria-required=\"true\" aria-invalid=\"false\" value=\"\" type=\"text\" name=\"your-text\" \/><\/span> <\/span><\/span><\/label>\n<\/p>\n<p><label style=\"text-align: center;\">\n\t\t<style=\"text-align: center;\"><span style=\"color: #005db4;\">Comentarios<br \/>\n<span class=\"wpcf7-form-control-wrap\" data-name=\"your-message\"><textarea cols=\"40\" rows=\"10\" maxlength=\"400\" class=\"wpcf7-form-control wpcf7-textarea wpcf7-validates-as-required\" aria-required=\"true\" aria-invalid=\"false\" name=\"your-message\"><\/textarea><\/span> <\/span>\n\t\t<\/style=\"text-align:><\/label>\n<\/p>\n<div style=\u201dclear: both;\u201d>\n\t<p>&nbsp;\n\t<\/p>\n<\/div>\n<span class=\"wpcf7-form-control-wrap recaptcha\" data-name=\"recaptcha\"><span data-sitekey=\"6Le5e74UAAAAAAFC6BU0NHbEcgWDCIbLy-_Xtbt7\" class=\"wpcf7-form-control wpcf7-recaptcha g-recaptcha\"><\/span>\r\n<noscript>\r\n\t<div class=\"grecaptcha-noscript\">\r\n\t\t<iframe src=\"https:\/\/www.google.com\/recaptcha\/api\/fallback?k=6Le5e74UAAAAAAFC6BU0NHbEcgWDCIbLy-_Xtbt7\" frameborder=\"0\" scrolling=\"no\" width=\"310\" height=\"430\">\r\n\t\t<\/iframe>\r\n\t\t<textarea name=\"g-recaptcha-response\" rows=\"3\" cols=\"40\" placeholder=\"Aqu\u00ed la respuesta de reCAPTCHA\">\r\n\t\t<\/textarea>\r\n\t<\/div>\r\n<\/noscript>\r\n<\/span>\n<div style=\u201dclear: both;\u201d>\n\t<p>&nbsp;\n\t<\/p>\n<\/div>\n<p><input class=\"wpcf7-form-control wpcf7-submit has-spinner\" type=\"submit\" value=\"Enviar\" \/>\n<\/p><p style=\"display: none !important;\" class=\"akismet-fields-container\" data-prefix=\"_wpcf7_ak_\"><label>&#916;<textarea name=\"_wpcf7_ak_hp_textarea\" cols=\"45\" rows=\"8\" maxlength=\"100\"><\/textarea><\/label><input type=\"hidden\" id=\"ak_js_1\" name=\"_wpcf7_ak_js\" value=\"36\"\/><script>document.getElementById( \"ak_js_1\" ).setAttribute( \"value\", ( new Date() ).getTime() );<\/script><\/p><div class=\"wpcf7-response-output\" aria-hidden=\"true\"><\/div>\n<\/form>\n<\/div>\n[\/vc_column][vc_column width=\u00bb1\/3&#8243;][\/vc_column][\/vc_row]<\/p>\n\n\n<p><\/p>\n","protected":false},"excerpt":{"rendered":"[vc_row 0=\u00bb\u00bb][vc_column][vc_column_text 0=\u00bb\u00bb] [\/vc_column_text][\/vc_column][\/vc_row][vc_row][vc_column][vc_empty_space][\/vc_column][\/vc_row][vc_row 0=\u00bb\u00bb][vc_column 0=\u00bb\u00bb][vc_column_text 0=\u00bb\u00bb] VISITAS ESCOLARES \u00bfSabes todo lo que tiene que suceder para que nuestros productos lleguen a tus manos? \u00a1Ven y divi\u00e9rtete con tus compa\u00f1eros de escuela en el Club de amigos de Azor\u00edn! [\/vc_column_text][\/vc_column][\/vc_row][vc_row 0=\u00bb\u00bb][vc_column width=\u00bb1\/3&#8243;][\/vc_column][vc_column width=\u00bb1\/3&#8243;][\/vc_column][vc_column width=\u00bb1\/3&#8243;][\/vc_column][\/vc_row]","protected":false},"author":8,"featured_media":0,"parent":0,"menu_order":0,"comment_status":"closed","ping_status":"closed","template":"","meta":{"_exactmetrics_skip_tracking":false,"_exactmetrics_sitenote_active":false,"_exactmetrics_sitenote_note":"","_exactmetrics_sitenote_category":0,"_monsterinsights_skip_tracking":false,"_monsterinsights_sitenote_active":false,"_monsterinsights_sitenote_note":"","_monsterinsights_sitenote_category":0,"generate_page_header":"","jetpack_post_was_ever_published":false,"footnotes":""},"yoast_head":"<!-- This site is optimized with the Yoast SEO plugin v22.1 - https:\/\/yoast.com\/wordpress\/plugins\/seo\/ -->\n<title>Visitas escolares - Grupo Azor M\u00e9xico<\/title>\n<meta name=\"robots\" content=\"index, follow, max-snippet:-1, max-image-preview:large, max-video-preview:-1\" \/>\n<link rel=\"canonical\" href=\"https:\/\/web.azor.com.mx\/index.php\/visitas-escolares\/\" \/>\n<meta property=\"og:locale\" content=\"es_ES\" \/>\n<meta property=\"og:type\" content=\"article\" \/>\n<meta property=\"og:title\" content=\"Visitas escolares - Grupo Azor M\u00e9xico\" \/>\n<meta property=\"og:description\" content=\"[vc_row 0=\u00bb\u00bb][vc_column][vc_column_text 0=\u00bb\u00bb] [\/vc_column_text][\/vc_column][\/vc_row][vc_row][vc_column][vc_empty_space][\/vc_column][\/vc_row][vc_row 0=\u00bb\u00bb][vc_column 0=\u00bb\u00bb][vc_column_text 0=\u00bb\u00bb] VISITAS ESCOLARES \u00bfSabes todo lo que tiene que suceder para que nuestros productos lleguen a tus manos? \u00a1Ven y divi\u00e9rtete con tus compa\u00f1eros de escuela en el Club de amigos de Azor\u00edn! [\/vc_column_text][\/vc_column][\/vc_row][vc_row 0=\u00bb\u00bb][vc_column width=\u00bb1\/3&#8243;][\/vc_column][vc_column width=\u00bb1\/3&#8243;][\/vc_column][vc_column width=\u00bb1\/3&#8243;][\/vc_column][\/vc_row]\" \/>\n<meta property=\"og:url\" content=\"https:\/\/web.azor.com.mx\/index.php\/visitas-escolares\/\" \/>\n<meta property=\"og:site_name\" content=\"Grupo Azor M\u00e9xico\" \/>\n<meta property=\"article:modified_time\" content=\"2022-03-30T21:57:49+00:00\" \/>\n<meta name=\"twitter:card\" content=\"summary_large_image\" \/>\n<script type=\"application\/ld+json\" class=\"yoast-schema-graph\">{\"@context\":\"https:\/\/schema.org\",\"@graph\":[{\"@type\":\"WebPage\",\"@id\":\"https:\/\/web.azor.com.mx\/index.php\/visitas-escolares\/\",\"url\":\"https:\/\/web.azor.com.mx\/index.php\/visitas-escolares\/\",\"name\":\"Visitas escolares - Grupo Azor M\u00e9xico\",\"isPartOf\":{\"@id\":\"https:\/\/web.azor.com.mx\/#website\"},\"datePublished\":\"2017-11-19T03:37:39+00:00\",\"dateModified\":\"2022-03-30T21:57:49+00:00\",\"breadcrumb\":{\"@id\":\"https:\/\/web.azor.com.mx\/index.php\/visitas-escolares\/#breadcrumb\"},\"inLanguage\":\"es\",\"potentialAction\":[{\"@type\":\"ReadAction\",\"target\":[\"https:\/\/web.azor.com.mx\/index.php\/visitas-escolares\/\"]}]},{\"@type\":\"BreadcrumbList\",\"@id\":\"https:\/\/web.azor.com.mx\/index.php\/visitas-escolares\/#breadcrumb\",\"itemListElement\":[{\"@type\":\"ListItem\",\"position\":1,\"name\":\"Portada\",\"item\":\"https:\/\/web.azor.com.mx\/\"},{\"@type\":\"ListItem\",\"position\":2,\"name\":\"Visitas escolares\"}]},{\"@type\":\"WebSite\",\"@id\":\"https:\/\/web.azor.com.mx\/#website\",\"url\":\"https:\/\/web.azor.com.mx\/\",\"name\":\"Grupo Azor M\u00e9xico\",\"description\":\"Fabricantes y distribuidores de art\u00edculos escolares y de oficina\",\"publisher\":{\"@id\":\"https:\/\/web.azor.com.mx\/#organization\"},\"potentialAction\":[{\"@type\":\"SearchAction\",\"target\":{\"@type\":\"EntryPoint\",\"urlTemplate\":\"https:\/\/web.azor.com.mx\/?s={search_term_string}\"},\"query-input\":\"required name=search_term_string\"}],\"inLanguage\":\"es\"},{\"@type\":\"Organization\",\"@id\":\"https:\/\/web.azor.com.mx\/#organization\",\"name\":\"Grupo Azor M\u00e9xico\",\"url\":\"https:\/\/web.azor.com.mx\/\",\"logo\":{\"@type\":\"ImageObject\",\"inLanguage\":\"es\",\"@id\":\"https:\/\/web.azor.com.mx\/#\/schema\/logo\/image\/\",\"url\":\"https:\/\/web.azor.com.mx\/wp-content\/uploads\/2023\/10\/cropped-logo-azor-azul-.png\",\"contentUrl\":\"https:\/\/web.azor.com.mx\/wp-content\/uploads\/2023\/10\/cropped-logo-azor-azul-.png\",\"width\":500,\"height\":190,\"caption\":\"Grupo Azor M\u00e9xico\"},\"image\":{\"@id\":\"https:\/\/web.azor.com.mx\/#\/schema\/logo\/image\/\"}}]}<\/script>\n<!-- \/ Yoast SEO plugin. -->","yoast_head_json":{"title":"Visitas escolares - Grupo Azor M\u00e9xico","robots":{"index":"index","follow":"follow","max-snippet":"max-snippet:-1","max-image-preview":"max-image-preview:large","max-video-preview":"max-video-preview:-1"},"canonical":"https:\/\/web.azor.com.mx\/index.php\/visitas-escolares\/","og_locale":"es_ES","og_type":"article","og_title":"Visitas escolares - Grupo Azor M\u00e9xico","og_description":"[vc_row 0=\u00bb\u00bb][vc_column][vc_column_text 0=\u00bb\u00bb] [\/vc_column_text][\/vc_column][\/vc_row][vc_row][vc_column][vc_empty_space][\/vc_column][\/vc_row][vc_row 0=\u00bb\u00bb][vc_column 0=\u00bb\u00bb][vc_column_text 0=\u00bb\u00bb] VISITAS ESCOLARES \u00bfSabes todo lo que tiene que suceder para que nuestros productos lleguen a tus manos? \u00a1Ven y divi\u00e9rtete con tus compa\u00f1eros de escuela en el Club de amigos de Azor\u00edn! [\/vc_column_text][\/vc_column][\/vc_row][vc_row 0=\u00bb\u00bb][vc_column width=\u00bb1\/3&#8243;][\/vc_column][vc_column width=\u00bb1\/3&#8243;][\/vc_column][vc_column width=\u00bb1\/3&#8243;][\/vc_column][\/vc_row]","og_url":"https:\/\/web.azor.com.mx\/index.php\/visitas-escolares\/","og_site_name":"Grupo Azor M\u00e9xico","article_modified_time":"2022-03-30T21:57:49+00:00","twitter_card":"summary_large_image","schema":{"@context":"https:\/\/schema.org","@graph":[{"@type":"WebPage","@id":"https:\/\/web.azor.com.mx\/index.php\/visitas-escolares\/","url":"https:\/\/web.azor.com.mx\/index.php\/visitas-escolares\/","name":"Visitas escolares - Grupo Azor M\u00e9xico","isPartOf":{"@id":"https:\/\/web.azor.com.mx\/#website"},"datePublished":"2017-11-19T03:37:39+00:00","dateModified":"2022-03-30T21:57:49+00:00","breadcrumb":{"@id":"https:\/\/web.azor.com.mx\/index.php\/visitas-escolares\/#breadcrumb"},"inLanguage":"es","potentialAction":[{"@type":"ReadAction","target":["https:\/\/web.azor.com.mx\/index.php\/visitas-escolares\/"]}]},{"@type":"BreadcrumbList","@id":"https:\/\/web.azor.com.mx\/index.php\/visitas-escolares\/#breadcrumb","itemListElement":[{"@type":"ListItem","position":1,"name":"Portada","item":"https:\/\/web.azor.com.mx\/"},{"@type":"ListItem","position":2,"name":"Visitas escolares"}]},{"@type":"WebSite","@id":"https:\/\/web.azor.com.mx\/#website","url":"https:\/\/web.azor.com.mx\/","name":"Grupo Azor M\u00e9xico","description":"Fabricantes y distribuidores de art\u00edculos escolares y de oficina","publisher":{"@id":"https:\/\/web.azor.com.mx\/#organization"},"potentialAction":[{"@type":"SearchAction","target":{"@type":"EntryPoint","urlTemplate":"https:\/\/web.azor.com.mx\/?s={search_term_string}"},"query-input":"required name=search_term_string"}],"inLanguage":"es"},{"@type":"Organization","@id":"https:\/\/web.azor.com.mx\/#organization","name":"Grupo Azor M\u00e9xico","url":"https:\/\/web.azor.com.mx\/","logo":{"@type":"ImageObject","inLanguage":"es","@id":"https:\/\/web.azor.com.mx\/#\/schema\/logo\/image\/","url":"https:\/\/web.azor.com.mx\/wp-content\/uploads\/2023\/10\/cropped-logo-azor-azul-.png","contentUrl":"https:\/\/web.azor.com.mx\/wp-content\/uploads\/2023\/10\/cropped-logo-azor-azul-.png","width":500,"height":190,"caption":"Grupo Azor M\u00e9xico"},"image":{"@id":"https:\/\/web.azor.com.mx\/#\/schema\/logo\/image\/"}}]}},"jetpack_sharing_enabled":true,"jetpack_shortlink":"https:\/\/wp.me\/P9lBFi-6s","_links":{"self":[{"href":"https:\/\/web.azor.com.mx\/index.php\/wp-json\/wp\/v2\/pages\/400"}],"collection":[{"href":"https:\/\/web.azor.com.mx\/index.php\/wp-json\/wp\/v2\/pages"}],"about":[{"href":"https:\/\/web.azor.com.mx\/index.php\/wp-json\/wp\/v2\/types\/page"}],"author":[{"embeddable":true,"href":"https:\/\/web.azor.com.mx\/index.php\/wp-json\/wp\/v2\/users\/8"}],"replies":[{"embeddable":true,"href":"https:\/\/web.azor.com.mx\/index.php\/wp-json\/wp\/v2\/comments?post=400"}],"version-history":[{"count":6,"href":"https:\/\/web.azor.com.mx\/index.php\/wp-json\/wp\/v2\/pages\/400\/revisions"}],"predecessor-version":[{"id":5516,"href":"https:\/\/web.azor.com.mx\/index.php\/wp-json\/wp\/v2\/pages\/400\/revisions\/5516"}],"wp:attachment":[{"href":"https:\/\/web.azor.com.mx\/index.php\/wp-json\/wp\/v2\/media?parent=400"}],"curies":[{"name":"wp","href":"https:\/\/api.w.org\/{rel}","templated":true}]}}